{"id":8611,"date":"2022-03-17T10:57:41","date_gmt":"2022-03-17T09:57:41","guid":{"rendered":"http:\/\/voit-online.de\/en\/?page_id=8611"},"modified":"2022-06-03T13:39:35","modified_gmt":"2022-06-03T11:39:35","slug":"solutions-new","status":"publish","type":"page","link":"https:\/\/voit.de\/en\/solutions-new\/","title":{"rendered":"Solutions"},"content":{"rendered":"<div class=\"wpb-content-wrapper\">[vc_row][vc_column][vc_column_text]VOIT combines many years of experience in the <strong>core disciplines<\/strong> of <strong><a href=\"\/en\/solutions\/technologies\/forming-technologies\/\">forming technology<\/a><\/strong> and <strong><a href=\"\/en\/solutions\/technologies\/aluminium-die-casting\/\">aluminum die casting<\/a><\/strong> to help shape sustainable mobility. Our employees in our competence centers of forming technology, die casting, mechanical processing and toolmaking have a high level of material and process knowledge and a willingness to perform. Sustainable action and attention to detail with the highest precision drive us every day.\r\n\r\nAs an engineering partner, we use this process knowledge to enter into the joint product development process with our customers as early as the development phase. This simultaneous engineering approach guarantees process-safe large-scale production and at the same time enables agility as well as rapid market entry.\r\n\r\nOur diversity of expertise allows us to approach <strong>product developments<\/strong> <strong>with an open mind for technology and without prejudice<\/strong>. It is this combination of interdisciplinary material and process knowledge as well as innovative manufacturing technologies that makes VOIT so unique.[\/vc_column_text]\t<div class=\"space\">\n        <div class=\"space__block hidden-md hidden-sm hidden-xs\" style=\"height:50px\"><\/div>\n        <div class=\"space__block hidden-lg hidden-sm hidden-xs\" style=\"height:35px\"><\/div>\n        <div class=\"space__block hidden-lg hidden-md hidden-xs\" style=\"height:35px\"><\/div>\n        <div class=\"space__block hidden-lg hidden-md hidden-sm\" style=\"height:35px\"><\/div>\n    <\/div>\n\t[\/vc_column][\/vc_row][vc_row css_animation=&#8221;fadeIn&#8221; bg_type=&#8221;image&#8221; parallax_style=&#8221;vcpb-vz-jquery&#8221; bg_image_new=&#8221;id^2233|url^https:\/\/voit.de\/en\/wp-content\/uploads\/sites\/8\/2018\/05\/parallax_bg2_2048x1080px.jpg|caption^null|alt^null|title^parallax_bg2_2048x1080px|description^null&#8221; parallax_sense=&#8221;25&#8243; bg_override=&#8221;full&#8221;][vc_column]\t<div class=\"space\">\n        <div class=\"space__block hidden-md hidden-sm hidden-xs\" style=\"height:50px\"><\/div>\n        <div class=\"space__block hidden-lg hidden-sm hidden-xs\" style=\"height:35px\"><\/div>\n        <div class=\"space__block hidden-lg hidden-md hidden-xs\" style=\"height:35px\"><\/div>\n        <div class=\"space__block hidden-lg hidden-md hidden-sm\" style=\"height:35px\"><\/div>\n    <\/div>\n\t[vc_row_inner][vc_column_inner]\t<div class=\"voit-modul voit_vc_full_til\">\n\t\t<div class=\"wrapper  \">\n\t\t\t<div class=\"column content--underimage \">\n\t\t\t\t<a href=\"\/en\/solutions-new\/e-mobility\" target=\"\">\n\t\t\t\t\t<img decoding=\"async\" src=\"https:\/\/voit.de\/en\/wp-content\/uploads\/sites\/8\/2022\/05\/emobility_1141x326px.jpg\" \/>\n\t\t\t\t<\/a>\n\t\t\t\t<div class=\"column__content\">\n\t\t\t\t\t<h4 class=\"headline headline--large\">E-Mobility<\/h4>\n\t\t\t\t\t<div class=\"text text--margin\">VOIT has been active in the world of Powertrain Electric Vehicles for years. And manufactures Powertrain components for Vehicles with Electric Drives, as well as for Hybrid Transmissions. <span style=\"color: #ffffff;\">And manufactures Powertrain components for Vehicles with Electric Drives, as well as for\r\n<\/span>\r\n<p style=\"text-align: left;\"><span class=\"s1\"><a href=\"https:\/\/player.vimeo.com\/external\/296586360.hd.mp4?s=f89c5fb87fb92400d9e3aa7bd236b34ac6a7a32b&amp;profile_id=175\" target=\"_blank\" rel=\"noopener\">Watch the Video<\/a><\/span><\/p>\r\n<\/div>\n\t\t\t\t\t\t\t\t\t\t<a href=\"\/en\/solutions-new\/e-mobility\" target=\"\">Learn more<\/a>\n\t\t\t\t\t\t\t\t\t<\/div>\n\t\t\t<\/div>\n\t\t<\/div>\n\t<\/div>\n\t[\/vc_column_inner][\/vc_row_inner]\t<div class=\"space\">\n        <div class=\"space__block hidden-md hidden-sm hidden-xs\" style=\"height:35px\"><\/div>\n        <div class=\"space__block hidden-lg hidden-sm hidden-xs\" style=\"height:35px\"><\/div>\n        <div class=\"space__block hidden-lg hidden-md hidden-xs\" style=\"height:35px\"><\/div>\n        <div class=\"space__block hidden-lg hidden-md hidden-sm\" style=\"height:35px\"><\/div>\n    <\/div>\n\t[vc_row_inner][vc_column_inner width=&#8221;1\/2&#8243;]\t<div class=\"voit-modul voit_vc_full_til\">\n\t\t<div class=\"wrapper  \">\n\t\t\t<div class=\"column content--underimage \">\n\t\t\t\t<a href=\"\/en\/solutions-new\/driver-assistance\" target=\"\">\n\t\t\t\t\t<img decoding=\"async\" src=\"https:\/\/voit.de\/en\/wp-content\/uploads\/sites\/8\/2018\/07\/assistenzsysteme_555x326px.jpg\" \/>\n\t\t\t\t<\/a>\n\t\t\t\t<div class=\"column__content\">\n\t\t\t\t\t<h4 class=\"headline headline--large\">Driver Assistance<\/h4>\n\t\t\t\t\t<div class=\"text text--margin\">In the Future of Autonomous Driving and Electrification, Driver Assistance Systems are Gaining Enormous Importance. VOIT develops and produces Components for Brake Systems, Thermal Management, Chassis and Air Suspension as well as Products for Electric Steering.<\/div>\n\t\t\t\t\t\t\t\t\t\t<a href=\"\/en\/solutions-new\/driver-assistance\" target=\"\">Learn more<\/a>\n\t\t\t\t\t\t\t\t\t<\/div>\n\t\t\t<\/div>\n\t\t<\/div>\n\t<\/div>\n\t[\/vc_column_inner][vc_column_inner width=&#8221;1\/2&#8243;]\t<div class=\"voit-modul voit_vc_full_til\">\n\t\t<div class=\"wrapper  \">\n\t\t\t<div class=\"column content--underimage \">\n\t\t\t\t<a href=\"\/en\/solutions-new\/commercial-vehicle-solutions\" target=\"\">\n\t\t\t\t\t<img decoding=\"async\" src=\"https:\/\/voit.de\/en\/wp-content\/uploads\/sites\/8\/2022\/05\/commercial_vehicle_555x326px_new.jpg\" \/>\n\t\t\t\t<\/a>\n\t\t\t\t<div class=\"column__content\">\n\t\t\t\t\t<h4 class=\"headline headline--large\">Commercial Vehicle Solutions<\/h4>\n\t\t\t\t\t<div class=\"text text--margin\">VOIT&#8217;s range of Services is specially tailored to the commercial vehicle industry, because Commercial Vehicles have special requirements, such as maximum Customer Benefit, Reliability, Flexibility and High Economic Efficiency.<\/div>\n\t\t\t\t\t\t\t\t\t\t<a href=\"\/en\/solutions-new\/commercial-vehicle-solutions\" target=\"\">Learn more<\/a>\n\t\t\t\t\t\t\t\t\t<\/div>\n\t\t\t<\/div>\n\t\t<\/div>\n\t<\/div>\n\t[\/vc_column_inner][\/vc_row_inner]\t<div class=\"space\">\n        <div class=\"space__block hidden-md hidden-sm hidden-xs\" style=\"height:90px\"><\/div>\n        <div class=\"space__block hidden-lg hidden-sm hidden-xs\" style=\"height:90px\"><\/div>\n        <div class=\"space__block hidden-lg hidden-md hidden-xs\" style=\"height:45px\"><\/div>\n        <div class=\"space__block hidden-lg hidden-md hidden-sm\" style=\"height:45px\"><\/div>\n    <\/div>\n\t[vc_row_inner][vc_column_inner width=&#8221;4\/12&#8243;]\t<div class=\"voit-modul voit_vc_special_headline\">\n\t\t<div class=\"headline\" style=\"color:#89ba17\">\n\t\t\t<h2>Our process know-how distinguishes us<\/h2>\t\t<\/div>\n\t<\/div>\n\t[\/vc_column_inner][vc_column_inner width=&#8221;8\/12&#8243;][vc_column_text]As a technology partner for engineering, process development and large-scale production, we focus on highly precise, customized components for drive technology and driver assistance systems. Even today, we are moving in the world of tomorrow&#8217;s electrification with innovative and sustainable solutions for vehicles with combustion engines, hybrid transmissions and purely electric drives.\r\n\r\nWe are shaping tomorrow&#8217;s mobile worlds with you!\r\n<p class=\"p1\"><span class=\"s1\">\u00a0<\/span><\/p>\r\n[\/vc_column_text][\/vc_column_inner][\/vc_row_inner]\t<div class=\"space\">\n        <div class=\"space__block hidden-md hidden-sm hidden-xs\" style=\"height:80px\"><\/div>\n        <div class=\"space__block hidden-lg hidden-sm hidden-xs\" style=\"height:35px\"><\/div>\n        <div class=\"space__block hidden-lg hidden-md hidden-xs\" style=\"height:35px\"><\/div>\n        <div class=\"space__block hidden-lg hidden-md hidden-sm\" style=\"height:35px\"><\/div>\n    <\/div>\n\t[\/vc_column][\/vc_row][vc_row css_animation=&#8221;fadeIn&#8221;][vc_column]\t<div class=\"space\">\n        <div class=\"space__block hidden-md hidden-sm hidden-xs\" style=\"height:90px\"><\/div>\n        <div class=\"space__block hidden-lg hidden-sm hidden-xs\" style=\"height:90px\"><\/div>\n        <div class=\"space__block hidden-lg hidden-md hidden-xs\" style=\"height:45px\"><\/div>\n        <div class=\"space__block hidden-lg hidden-md hidden-sm\" style=\"height:45px\"><\/div>\n    <\/div>\n\t[vc_column_text]\r\n<h4 style=\"text-align: center;\"><strong>References<\/strong><\/h4>\r\n[\/vc_column_text]\t<div class=\"space\">\n        <div class=\"space__block hidden-md hidden-sm hidden-xs\" style=\"height:50px\"><\/div>\n        <div class=\"space__block hidden-lg hidden-sm hidden-xs\" style=\"height:50px\"><\/div>\n        <div class=\"space__block hidden-lg hidden-md hidden-xs\" style=\"height:25px\"><\/div>\n        <div class=\"space__block hidden-lg hidden-md hidden-sm\" style=\"height:25px\"><\/div>\n    <\/div>\n\t[vc_single_image image=&#8221;3891&#8243; img_size=&#8221;full&#8221; alignment=&#8221;center&#8221;]\t<div class=\"space\">\n        <div class=\"space__block hidden-md hidden-sm hidden-xs\" style=\"height:25px\"><\/div>\n        <div class=\"space__block hidden-lg hidden-sm hidden-xs\" style=\"height:105px\"><\/div>\n        <div class=\"space__block hidden-lg hidden-md hidden-xs\" style=\"height:50px\"><\/div>\n        <div class=\"space__block hidden-lg hidden-md hidden-sm\" style=\"height:50px\"><\/div>\n    <\/div>\n\t[vc_column_text]\r\n<p style=\"text-align: right;\"><span style=\"color: #999999;\"><strong><span style=\"font-size: 14px;\"><span style=\"font-size: 16px;\">&#8230;and many others!<\/span><\/span><\/strong><\/span><\/p>\r\n[\/vc_column_text]\t<div class=\"space\">\n        <div class=\"space__block hidden-md hidden-sm hidden-xs\" style=\"height:105px\"><\/div>\n        <div class=\"space__block hidden-lg hidden-sm hidden-xs\" style=\"height:105px\"><\/div>\n        <div class=\"space__block hidden-lg hidden-md hidden-xs\" style=\"height:50px\"><\/div>\n        <div class=\"space__block hidden-lg hidden-md hidden-sm\" style=\"height:50px\"><\/div>\n    <\/div>\n\t[\/vc_column][\/vc_row][vc_row disable_element=&#8221;yes&#8221;][vc_column][vc_column_text]\r\n<p style=\"text-align: right;\"><a href=\"\/loesungen\/referenzen\/\"><span style=\"color: #89ba17; font-size: 16px;\">mehr erfahren\u00a0<\/span><span style=\"color: #89ba17;\"><span style=\"font-size: 14px;\"><span style=\"font-size: 16px;\"><i class=\"fa fa-chevron-right \" ><\/i><\/span><\/span><\/span><\/a><\/p>\r\n[\/vc_column_text][\/vc_column][\/vc_row]<\/div>","protected":false},"excerpt":{"rendered":"<p>[vc_row][vc_column][vc_column_text]VOIT combines many years of experience in the core disciplines of forming technology and aluminum die casting to help shape sustainable mobility. Our employees in our competence centers of forming technology, die casting, mechanical processing and toolmaking have a high level of material and process knowledge and a willingness to perform. Sustainable action and attention [&hellip;]<\/p>\n","protected":false},"author":2,"featured_media":0,"parent":0,"menu_order":0,"comment_status":"closed","ping_status":"closed","template":"","meta":{"_acf_changed":false,"footnotes":""},"class_list":["post-8611","page","type-page","status-publish","hentry"],"acf":[],"yoast_head":"<!-- This site is optimized with the Yoast SEO plugin v27.3 - https:\/\/yoast.com\/product\/yoast-seo-wordpress\/ -->\n<title>VOIT L\u00f6sungen - Willkommen in der Welt der Mobilit\u00e4t von Morgen<\/title>\n<meta name=\"description\" content=\"Als Technologiepartner f\u00fcr Engineering, Prozessentwicklung und Gro\u00dfserienfertigung sind wir fokussiert auf hochpr\u00e4zise, kundenindividuelle Komponenten f\u00fcr Antriebstechnik und Fahrerassistenzsysteme.\" \/>\n<meta name=\"robots\" content=\"index, follow, max-snippet:-1, max-image-preview:large, max-video-preview:-1\" \/>\n<link rel=\"canonical\" href=\"https:\/\/voit.de\/en\/solutions-new\/\" \/>\n<meta property=\"og:locale\" content=\"en_GB\" \/>\n<meta property=\"og:type\" content=\"article\" \/>\n<meta property=\"og:title\" content=\"VOIT L\u00f6sungen - Willkommen in der Welt der Mobilit\u00e4t von Morgen\" \/>\n<meta property=\"og:description\" content=\"Als Technologiepartner f\u00fcr Engineering, Prozessentwicklung und Gro\u00dfserienfertigung sind wir fokussiert auf hochpr\u00e4zise, kundenindividuelle Komponenten f\u00fcr Antriebstechnik und Fahrerassistenzsysteme.\" \/>\n<meta property=\"og:url\" content=\"https:\/\/voit.de\/en\/solutions-new\/\" \/>\n<meta property=\"og:site_name\" content=\"VOIT Automotive EN\" \/>\n<meta property=\"article:publisher\" content=\"https:\/\/www.facebook.com\/VOIT.Automotive\/\" \/>\n<meta property=\"article:modified_time\" content=\"2022-06-03T11:39:35+00:00\" \/>\n<meta name=\"twitter:card\" content=\"summary_large_image\" \/>\n<meta name=\"twitter:label1\" content=\"Estimated reading time\" \/>\n\t<meta name=\"twitter:data1\" content=\"4 minutes\" \/>\n<script type=\"application\/ld+json\" class=\"yoast-schema-graph\">{\"@context\":\"https:\\\/\\\/schema.org\",\"@graph\":[{\"@type\":\"WebPage\",\"@id\":\"https:\\\/\\\/voit.de\\\/en\\\/solutions-new\\\/\",\"url\":\"https:\\\/\\\/voit.de\\\/en\\\/solutions-new\\\/\",\"name\":\"VOIT L\u00f6sungen - Willkommen in der Welt der Mobilit\u00e4t von Morgen\",\"isPartOf\":{\"@id\":\"https:\\\/\\\/voit.de\\\/en\\\/#website\"},\"datePublished\":\"2022-03-17T09:57:41+00:00\",\"dateModified\":\"2022-06-03T11:39:35+00:00\",\"description\":\"Als Technologiepartner f\u00fcr Engineering, Prozessentwicklung und Gro\u00dfserienfertigung sind wir fokussiert auf hochpr\u00e4zise, kundenindividuelle Komponenten f\u00fcr Antriebstechnik und Fahrerassistenzsysteme.\",\"breadcrumb\":{\"@id\":\"https:\\\/\\\/voit.de\\\/en\\\/solutions-new\\\/#breadcrumb\"},\"inLanguage\":\"en-GB\",\"potentialAction\":[{\"@type\":\"ReadAction\",\"target\":[\"https:\\\/\\\/voit.de\\\/en\\\/solutions-new\\\/\"]}]},{\"@type\":\"BreadcrumbList\",\"@id\":\"https:\\\/\\\/voit.de\\\/en\\\/solutions-new\\\/#breadcrumb\",\"itemListElement\":[{\"@type\":\"ListItem\",\"position\":1,\"name\":\"Home\",\"item\":\"https:\\\/\\\/voit.de\\\/en\\\/\"},{\"@type\":\"ListItem\",\"position\":2,\"name\":\"Solutions\"}]},{\"@type\":\"WebSite\",\"@id\":\"https:\\\/\\\/voit.de\\\/en\\\/#website\",\"url\":\"https:\\\/\\\/voit.de\\\/en\\\/\",\"name\":\"VOIT Automotive EN\",\"description\":\"Technologief\u00fchrer und Entwicklungspartner f\u00fcr Fertigungsprozesse\",\"publisher\":{\"@id\":\"https:\\\/\\\/voit.de\\\/en\\\/#organization\"},\"potentialAction\":[{\"@type\":\"SearchAction\",\"target\":{\"@type\":\"EntryPoint\",\"urlTemplate\":\"https:\\\/\\\/voit.de\\\/en\\\/?s={search_term_string}\"},\"query-input\":{\"@type\":\"PropertyValueSpecification\",\"valueRequired\":true,\"valueName\":\"search_term_string\"}}],\"inLanguage\":\"en-GB\"},{\"@type\":\"Organization\",\"@id\":\"https:\\\/\\\/voit.de\\\/en\\\/#organization\",\"name\":\"VOIT Automotive GmbH\",\"url\":\"https:\\\/\\\/voit.de\\\/en\\\/\",\"logo\":{\"@type\":\"ImageObject\",\"inLanguage\":\"en-GB\",\"@id\":\"https:\\\/\\\/voit.de\\\/en\\\/#\\\/schema\\\/logo\\\/image\\\/\",\"url\":\"https:\\\/\\\/voit.de\\\/en\\\/wp-content\\\/uploads\\\/sites\\\/8\\\/2018\\\/06\\\/wiwe-voit-logo.png\",\"contentUrl\":\"https:\\\/\\\/voit.de\\\/en\\\/wp-content\\\/uploads\\\/sites\\\/8\\\/2018\\\/06\\\/wiwe-voit-logo.png\",\"width\":797,\"height\":285,\"caption\":\"VOIT Automotive GmbH\"},\"image\":{\"@id\":\"https:\\\/\\\/voit.de\\\/en\\\/#\\\/schema\\\/logo\\\/image\\\/\"},\"sameAs\":[\"https:\\\/\\\/www.facebook.com\\\/VOIT.Automotive\\\/\"]}]}<\/script>\n<!-- \/ Yoast SEO plugin. -->","yoast_head_json":{"title":"VOIT L\u00f6sungen - Willkommen in der Welt der Mobilit\u00e4t von Morgen","description":"Als Technologiepartner f\u00fcr Engineering, Prozessentwicklung und Gro\u00dfserienfertigung sind wir fokussiert auf hochpr\u00e4zise, kundenindividuelle Komponenten f\u00fcr Antriebstechnik und Fahrerassistenzsysteme.","robots":{"index":"index","follow":"follow","max-snippet":"max-snippet:-1","max-image-preview":"max-image-preview:large","max-video-preview":"max-video-preview:-1"},"canonical":"https:\/\/voit.de\/en\/solutions-new\/","og_locale":"en_GB","og_type":"article","og_title":"VOIT L\u00f6sungen - Willkommen in der Welt der Mobilit\u00e4t von Morgen","og_description":"Als Technologiepartner f\u00fcr Engineering, Prozessentwicklung und Gro\u00dfserienfertigung sind wir fokussiert auf hochpr\u00e4zise, kundenindividuelle Komponenten f\u00fcr Antriebstechnik und Fahrerassistenzsysteme.","og_url":"https:\/\/voit.de\/en\/solutions-new\/","og_site_name":"VOIT Automotive EN","article_publisher":"https:\/\/www.facebook.com\/VOIT.Automotive\/","article_modified_time":"2022-06-03T11:39:35+00:00","twitter_card":"summary_large_image","twitter_misc":{"Estimated reading time":"4 minutes"},"schema":{"@context":"https:\/\/schema.org","@graph":[{"@type":"WebPage","@id":"https:\/\/voit.de\/en\/solutions-new\/","url":"https:\/\/voit.de\/en\/solutions-new\/","name":"VOIT L\u00f6sungen - Willkommen in der Welt der Mobilit\u00e4t von Morgen","isPartOf":{"@id":"https:\/\/voit.de\/en\/#website"},"datePublished":"2022-03-17T09:57:41+00:00","dateModified":"2022-06-03T11:39:35+00:00","description":"Als Technologiepartner f\u00fcr Engineering, Prozessentwicklung und Gro\u00dfserienfertigung sind wir fokussiert auf hochpr\u00e4zise, kundenindividuelle Komponenten f\u00fcr Antriebstechnik und Fahrerassistenzsysteme.","breadcrumb":{"@id":"https:\/\/voit.de\/en\/solutions-new\/#breadcrumb"},"inLanguage":"en-GB","potentialAction":[{"@type":"ReadAction","target":["https:\/\/voit.de\/en\/solutions-new\/"]}]},{"@type":"BreadcrumbList","@id":"https:\/\/voit.de\/en\/solutions-new\/#breadcrumb","itemListElement":[{"@type":"ListItem","position":1,"name":"Home","item":"https:\/\/voit.de\/en\/"},{"@type":"ListItem","position":2,"name":"Solutions"}]},{"@type":"WebSite","@id":"https:\/\/voit.de\/en\/#website","url":"https:\/\/voit.de\/en\/","name":"VOIT Automotive EN","description":"Technologief\u00fchrer und Entwicklungspartner f\u00fcr Fertigungsprozesse","publisher":{"@id":"https:\/\/voit.de\/en\/#organization"},"potentialAction":[{"@type":"SearchAction","target":{"@type":"EntryPoint","urlTemplate":"https:\/\/voit.de\/en\/?s={search_term_string}"},"query-input":{"@type":"PropertyValueSpecification","valueRequired":true,"valueName":"search_term_string"}}],"inLanguage":"en-GB"},{"@type":"Organization","@id":"https:\/\/voit.de\/en\/#organization","name":"VOIT Automotive GmbH","url":"https:\/\/voit.de\/en\/","logo":{"@type":"ImageObject","inLanguage":"en-GB","@id":"https:\/\/voit.de\/en\/#\/schema\/logo\/image\/","url":"https:\/\/voit.de\/en\/wp-content\/uploads\/sites\/8\/2018\/06\/wiwe-voit-logo.png","contentUrl":"https:\/\/voit.de\/en\/wp-content\/uploads\/sites\/8\/2018\/06\/wiwe-voit-logo.png","width":797,"height":285,"caption":"VOIT Automotive GmbH"},"image":{"@id":"https:\/\/voit.de\/en\/#\/schema\/logo\/image\/"},"sameAs":["https:\/\/www.facebook.com\/VOIT.Automotive\/"]}]}},"publishpress_future_action":{"enabled":false,"date":"2026-05-16 04:20:28","action":"change-status","newStatus":"draft","terms":[],"taxonomy":"","extraData":[]},"publishpress_future_workflow_manual_trigger":{"enabledWorkflows":[]},"_links":{"self":[{"href":"https:\/\/voit.de\/en\/wp-json\/wp\/v2\/pages\/8611","targetHints":{"allow":["GET"]}}],"collection":[{"href":"https:\/\/voit.de\/en\/wp-json\/wp\/v2\/pages"}],"about":[{"href":"https:\/\/voit.de\/en\/wp-json\/wp\/v2\/types\/page"}],"author":[{"embeddable":true,"href":"https:\/\/voit.de\/en\/wp-json\/wp\/v2\/users\/2"}],"replies":[{"embeddable":true,"href":"https:\/\/voit.de\/en\/wp-json\/wp\/v2\/comments?post=8611"}],"version-history":[{"count":10,"href":"https:\/\/voit.de\/en\/wp-json\/wp\/v2\/pages\/8611\/revisions"}],"predecessor-version":[{"id":8838,"href":"https:\/\/voit.de\/en\/wp-json\/wp\/v2\/pages\/8611\/revisions\/8838"}],"wp:attachment":[{"href":"https:\/\/voit.de\/en\/wp-json\/wp\/v2\/media?parent=8611"}],"curies":[{"name":"wp","href":"https:\/\/api.w.org\/{rel}","templated":true}]}}