{"id":62,"date":"2018-03-20T15:12:04","date_gmt":"2018-03-20T14:12:04","guid":{"rendered":"http:\/\/voit-online.de\/en\/?page_id=62"},"modified":"2023-03-22T11:36:37","modified_gmt":"2023-03-22T10:36:37","slug":"apprentice","status":"publish","type":"page","link":"https:\/\/voit.de\/en\/career\/apprentice\/","title":{"rendered":"Apprentice"},"content":{"rendered":"<div class=\"wpb-content-wrapper\">[vc_row css_animation=&#8221;fadeIn&#8221;][vc_column][vc_column_text]\r\n<h2>Vocational Training at VOIT<\/h2>\r\nWe currently train around 30 apprentices in our workshops in Germany in the professions of industrial mechanic, toolmaker, cutting machine operator and electronics technician for automation technology.\r\n\r\nOur training courses have an excellent reputation.\r\nOn an almost regular basis, our company provides the best trainees of the year.\r\n\r\n&nbsp;\r\n<h5>Important note beforehand:<\/h5>\r\nPlease send your detailed application (e-mail applications in pdf format please) with a covering letter, your C.V, copies of certificates from the last two years and, where appropriate, enclose copies of internship certificates to the following address:\r\n\r\n&nbsp;\r\n\r\n<strong>VOIT Automotive GmbH<\/strong>\r\nHuman Resources\r\nSaarbr\u00fccker Stra\u00dfe 2\r\n66386 St. Ingbert\r\nGermany\r\nTel.: 06894 909-0\r\n<a href=\"mailto:job@voit.de\">job@voit.de<\/a>\r\n\r\n&nbsp;\r\n\r\n<strong>Period for applications: 01.07. \u2013 30.11.<\/strong>\r\n\r\n<strong>\u00a0<\/strong>[\/vc_column_text][\/vc_column][\/vc_row][vc_row][vc_column]\t<div class=\"space\">\n        <div class=\"space__block hidden-md hidden-sm hidden-xs\" style=\"height:95px\"><\/div>\n        <div class=\"space__block hidden-lg hidden-sm hidden-xs\" style=\"height:35px\"><\/div>\n        <div class=\"space__block hidden-lg hidden-md hidden-xs\" style=\"height:35px\"><\/div>\n        <div class=\"space__block hidden-lg hidden-md hidden-sm\" style=\"height:35px\"><\/div>\n    <\/div>\n\t[\/vc_column][\/vc_row][vc_row full_width=&#8221;stretch_row&#8221; css_animation=&#8221;fadeIn&#8221; bg_type=&#8221;image&#8221; parallax_style=&#8221;vcpb-vz-jquery&#8221; bg_image_new=&#8221;id^2233|url^https:\/\/voit.de\/en\/wp-content\/uploads\/sites\/8\/2018\/05\/parallax_bg2_2048x1080px.jpg|caption^null|alt^null|title^parallax_bg2_2048x1080px|description^null&#8221; parallax_sense=&#8221;25&#8243; bg_override=&#8221;full&#8221;][vc_column]\t<div class=\"space\">\n        <div class=\"space__block hidden-md hidden-sm hidden-xs\" style=\"height:25px\"><\/div>\n        <div class=\"space__block hidden-lg hidden-sm hidden-xs\" style=\"height:35px\"><\/div>\n        <div class=\"space__block hidden-lg hidden-md hidden-xs\" style=\"height:35px\"><\/div>\n        <div class=\"space__block hidden-lg hidden-md hidden-sm\" style=\"height:35px\"><\/div>\n    <\/div>\n\t[vc_row_inner][vc_column_inner width=&#8221;1\/2&#8243;]\t<div class=\"voit-modul voit_vc_full_til\">\n\t\t<div class=\"wrapper  \">\n\t\t\t<div class=\"column content--underimage \">\n\t\t\t\t<a href=\"\/en\/career\/apprentice\/job-profiles\/\" target=\"\">\n\t\t\t\t\t<img decoding=\"async\" src=\"https:\/\/voit.de\/en\/wp-content\/uploads\/sites\/8\/2018\/05\/berufsbilder_ausbildung_555x312px.jpg\" \/>\n\t\t\t\t<\/a>\n\t\t\t\t<div class=\"column__content\">\n\t\t\t\t\t<h4 class=\"headline headline--small\">Job Profiles<\/h4>\n\t\t\t\t\t<div class=\"text text--margin\">Industrial mechanic, tool mechanic, cutting machine operator, electronic technician for automation technology\u00a0 <span style=\"color: #ffffff;\">electronic technician for automation technology<\/span><\/div>\n\t\t\t\t\t\t\t\t\t\t<a href=\"\/en\/career\/apprentice\/job-profiles\/\" target=\"\">Learn more<\/a>\n\t\t\t\t\t\t\t\t\t<\/div>\n\t\t\t<\/div>\n\t\t<\/div>\n\t<\/div>\n\t[\/vc_column_inner][vc_column_inner width=&#8221;1\/2&#8243;]\t<div class=\"voit-modul voit_vc_full_til\">\n\t\t<div class=\"wrapper  \">\n\t\t\t<div class=\"column content--underimage \">\n\t\t\t\t<a href=\"\/en\/career\/apprentice\/jobflyer\/\" target=\"\">\n\t\t\t\t\t<img decoding=\"async\" src=\"https:\/\/voit.de\/en\/wp-content\/uploads\/sites\/8\/2018\/05\/jobflyer_ausbildung_555x312px.jpg\" \/>\n\t\t\t\t<\/a>\n\t\t\t\t<div class=\"column__content\">\n\t\t\t\t\t<h4 class=\"headline headline--small\">Job Flyer<\/h4>\n\t\t\t\t\t<div class=\"text text--margin\">Do you have the feeling that you fit in here? Then apply for a job and start your career at VOIT! <span style=\"color: #ffffff;\">Then apply for a job and start your career at VOIT!<\/span><\/div>\n\t\t\t\t\t\t\t\t\t\t<a href=\"\/en\/career\/apprentice\/jobflyer\/\" target=\"\">Learn more<\/a>\n\t\t\t\t\t\t\t\t\t<\/div>\n\t\t\t<\/div>\n\t\t<\/div>\n\t<\/div>\n\t[\/vc_column_inner][\/vc_row_inner][vc_row_inner][vc_column_inner]\t<div class=\"space\">\n        <div class=\"space__block hidden-md hidden-sm hidden-xs\" style=\"height:35px\"><\/div>\n        <div class=\"space__block hidden-lg hidden-sm hidden-xs\" style=\"height:35px\"><\/div>\n        <div class=\"space__block hidden-lg hidden-md hidden-xs\" style=\"height:35px\"><\/div>\n        <div class=\"space__block hidden-lg hidden-md hidden-sm\" style=\"height:35px\"><\/div>\n    <\/div>\n\t[\/vc_column_inner][\/vc_row_inner][vc_row_inner][vc_column_inner width=&#8221;1\/2&#8243;]\t<div class=\"voit-modul voit_vc_full_til\">\n\t\t<div class=\"wrapper  \">\n\t\t\t<div class=\"column content--underimage \">\n\t\t\t\t<a href=\"\/en\/career\/apprentice\/infomobil-m-and-e\/\" target=\"\">\n\t\t\t\t\t<img decoding=\"async\" src=\"https:\/\/voit.de\/en\/wp-content\/uploads\/sites\/8\/2018\/05\/infomobil_mesaar_555x312px.jpg\" \/>\n\t\t\t\t<\/a>\n\t\t\t\t<div class=\"column__content\">\n\t\t\t\t\t<h4 class=\"headline headline--small\">Roadshow: Infomobile of the Metal and Electrical Industry<\/h4>\n\t\t\t\t\t<div class=\"text text--margin\">In the Infomobile of the metal and electrical industry, school pupils and any other interested parties gain an understanding of technology with hands-on experience.<\/div>\n\t\t\t\t\t\t\t\t\t\t<a href=\"\/en\/career\/apprentice\/infomobil-m-and-e\/\" target=\"\">Learn more<\/a>\n\t\t\t\t\t\t\t\t\t<\/div>\n\t\t\t<\/div>\n\t\t<\/div>\n\t<\/div>\n\t[\/vc_column_inner][vc_column_inner width=&#8221;1\/2&#8243;]\t<div class=\"voit-modul voit_vc_full_til\">\n\t\t<div class=\"wrapper  \">\n\t\t\t<div class=\"column content--underimage \">\n\t\t\t\t<a href=\"\/en\/career\/apprentice\/Training-workshop-supports-Albertus-Magnus-secondary-school\" target=\"\">\n\t\t\t\t\t<img decoding=\"async\" src=\"https:\/\/voit.de\/en\/wp-content\/uploads\/sites\/8\/2018\/05\/amr_und_voit_555x312px.jpg\" \/>\n\t\t\t\t<\/a>\n\t\t\t\t<div class=\"column__content\">\n\t\t\t\t\t<h4 class=\"headline headline--small\">Trainee Workshop Supports Albertus-Magnus-Realschule<\/h4>\n\t\t\t\t\t<div class=\"text text--margin\">The objective is to ensure that school pupils receive a sound educational which will enable them to have success in their careers or in further education<\/div>\n\t\t\t\t\t\t\t\t\t\t<a href=\"\/en\/career\/apprentice\/Training-workshop-supports-Albertus-Magnus-secondary-school\" target=\"\">Learn more<\/a>\n\t\t\t\t\t\t\t\t\t<\/div>\n\t\t\t<\/div>\n\t\t<\/div>\n\t<\/div>\n\t[\/vc_column_inner][\/vc_row_inner]\t<div class=\"space\">\n        <div class=\"space__block hidden-md hidden-sm hidden-xs\" style=\"height:80px\"><\/div>\n        <div class=\"space__block hidden-lg hidden-sm hidden-xs\" style=\"height:35px\"><\/div>\n        <div class=\"space__block hidden-lg hidden-md hidden-xs\" style=\"height:35px\"><\/div>\n        <div class=\"space__block hidden-lg hidden-md hidden-sm\" style=\"height:35px\"><\/div>\n    <\/div>\n\t[\/vc_column][\/vc_row][vc_row css_animation=&#8221;fadeIn&#8221;][vc_column]\t<div class=\"space\">\n        <div class=\"space__block hidden-md hidden-sm hidden-xs\" style=\"height:25px\"><\/div>\n        <div class=\"space__block hidden-lg hidden-sm hidden-xs\" style=\"height:35px\"><\/div>\n        <div class=\"space__block hidden-lg hidden-md hidden-xs\" style=\"height:35px\"><\/div>\n        <div class=\"space__block hidden-lg hidden-md hidden-sm\" style=\"height:35px\"><\/div>\n    <\/div>\n\t\t<div class=\"voit-modul voit_vc_video\">\n\t\t\t\t<div class=\"iframe-wrapper\">\n\t\t\t\t\t\t<iframe src=\"https:\/\/www.youtube.com\/embed\/eGxTfrQbj98\" frameborder=\"0\" allow=\"autoplay; encrypted-media\" allowfullscreen playsinline><\/iframe>\n\t\t<\/div>\n\t\t\t<\/div>\n\t[\/vc_column][\/vc_row][vc_row css_animation=&#8221;fadeIn&#8221;][vc_column]\t<div class=\"space\">\n        <div class=\"space__block hidden-md hidden-sm hidden-xs\" style=\"height:25px\"><\/div>\n        <div class=\"space__block hidden-lg hidden-sm hidden-xs\" style=\"height:35px\"><\/div>\n        <div class=\"space__block hidden-lg hidden-md hidden-xs\" style=\"height:35px\"><\/div>\n        <div class=\"space__block hidden-lg hidden-md hidden-sm\" style=\"height:35px\"><\/div>\n    <\/div>\n\t\t<div class=\"voit-modul voit_vc_video\">\n\t\t\t\t<div class=\"iframe-wrapper\">\n\t\t\t\t\t\t<iframe src=\"https:\/\/www.youtube.com\/embed\/RdpXoF-eKYE\" frameborder=\"0\" allow=\"autoplay; encrypted-media\" allowfullscreen playsinline><\/iframe>\n\t\t<\/div>\n\t\t\t<\/div>\n\t[\/vc_column][\/vc_row][vc_row css_animation=&#8221;fadeIn&#8221;][vc_column]\t<div class=\"space\">\n        <div class=\"space__block hidden-md hidden-sm hidden-xs\" style=\"height:35px\"><\/div>\n        <div class=\"space__block hidden-lg hidden-sm hidden-xs\" style=\"height:35px\"><\/div>\n        <div class=\"space__block hidden-lg hidden-md hidden-xs\" style=\"height:35px\"><\/div>\n        <div class=\"space__block hidden-lg hidden-md hidden-sm\" style=\"height:35px\"><\/div>\n    <\/div>\n\t\t<div class=\"voit-modul voit_vc_video\">\n\t\t\t\t<div class=\"iframe-wrapper\">\n\t\t\t\t\t\t<iframe src=\"https:\/\/www.youtube.com\/embed\/QrZkn5d6pa8\" frameborder=\"0\" allow=\"autoplay; encrypted-media\" allowfullscreen playsinline><\/iframe>\n\t\t<\/div>\n\t\t\t<\/div>\n\t[\/vc_column][\/vc_row][vc_row][vc_column]\t<div class=\"space\">\n        <div class=\"space__block hidden-md hidden-sm hidden-xs\" style=\"height:100px\"><\/div>\n        <div class=\"space__block hidden-lg hidden-sm hidden-xs\" style=\"height:100px\"><\/div>\n        <div class=\"space__block hidden-lg hidden-md hidden-xs\" style=\"height:100px\"><\/div>\n        <div class=\"space__block hidden-lg hidden-md hidden-sm\" style=\"height:100px\"><\/div>\n    <\/div>\n\t<a class=\"evc-button evc-shortcode Zur\u00fcck zur \u00dcbersicht - EN evc-btn-solid evc-btn-normal evc-btn-has-icon\" href=\"\/en\/career\/\" style=\"font-family: sans-serif;font-size: 14px;font-weight: 700;font-style: normal;text-transform: initial;color: #ffffff;background-color: #89ba17;border-color: #89ba17;border-width: 2px\" data-hover-color=\"#89ba17\" data-hover-background-color=\"#ffffff\" data-hover-border-color=\"#89ba17\">\n\t\t\n\t<span class=\"evc-btn-icon fas fa-arrow-left\"><\/span>\n\t<span class=\"evc-btn-text\">Back to overview<\/span>\n<\/a>\n\t<div class=\"space\">\n        <div class=\"space__block hidden-md hidden-sm hidden-xs\" style=\"height:250px\"><\/div>\n        <div class=\"space__block hidden-lg hidden-sm hidden-xs\" style=\"height:35px\"><\/div>\n        <div class=\"space__block hidden-lg hidden-md hidden-xs\" style=\"height:35px\"><\/div>\n        <div class=\"space__block hidden-lg hidden-md hidden-sm\" style=\"height:35px\"><\/div>\n    <\/div>\n\t[\/vc_column][\/vc_row]<\/div>","protected":false},"excerpt":{"rendered":"<p>[vc_row css_animation=&#8221;fadeIn&#8221;][vc_column][vc_column_text] Vocational Training at VOIT We currently train around 30 apprentices in our workshops in Germany in the professions of industrial mechanic, toolmaker, cutting machine operator and electronics technician for automation technology. Our training courses have an excellent reputation. On an almost regular basis, our company provides the best trainees of the year. &nbsp; [&hellip;]<\/p>\n","protected":false},"author":2,"featured_media":0,"parent":56,"menu_order":0,"comment_status":"closed","ping_status":"closed","template":"","meta":{"_acf_changed":false,"footnotes":""},"class_list":["post-62","page","type-page","status-publish","hentry"],"acf":[],"yoast_head":"<!-- This site is optimized with the Yoast SEO plugin v27.3 - https:\/\/yoast.com\/product\/yoast-seo-wordpress\/ -->\n<title>Berufsausbildung bei VOIT Automotive - W\u00e4hle zwischen 5 Berufsbildern!<\/title>\n<meta name=\"description\" content=\"Du hast das Gef\u00fchl, bei uns rein zu passen? Dann Bewirb dich und starte deine Karriere bei VOIT zb. als Elektroniker f\u00fcr Automatisierungstechnik.\" \/>\n<meta name=\"robots\" content=\"index, follow, max-snippet:-1, max-image-preview:large, max-video-preview:-1\" \/>\n<link rel=\"canonical\" href=\"https:\/\/voit.de\/en\/career\/apprentice\/\" \/>\n<meta property=\"og:locale\" content=\"en_GB\" \/>\n<meta property=\"og:type\" content=\"article\" \/>\n<meta property=\"og:title\" content=\"Berufsausbildung bei VOIT Automotive - W\u00e4hle zwischen 5 Berufsbildern!\" \/>\n<meta property=\"og:description\" content=\"Du hast das Gef\u00fchl, bei uns rein zu passen? Dann Bewirb dich und starte deine Karriere bei VOIT zb. als Elektroniker f\u00fcr Automatisierungstechnik.\" \/>\n<meta property=\"og:url\" content=\"https:\/\/voit.de\/en\/career\/apprentice\/\" \/>\n<meta property=\"og:site_name\" content=\"VOIT Automotive EN\" \/>\n<meta property=\"article:publisher\" content=\"https:\/\/www.facebook.com\/VOIT.Automotive\/\" \/>\n<meta property=\"article:modified_time\" content=\"2023-03-22T10:36:37+00:00\" \/>\n<meta name=\"twitter:card\" content=\"summary_large_image\" \/>\n<meta name=\"twitter:label1\" content=\"Estimated reading time\" \/>\n\t<meta name=\"twitter:data1\" content=\"3 minutes\" \/>\n<script type=\"application\/ld+json\" class=\"yoast-schema-graph\">{\"@context\":\"https:\\\/\\\/schema.org\",\"@graph\":[{\"@type\":\"WebPage\",\"@id\":\"https:\\\/\\\/voit.de\\\/en\\\/career\\\/apprentice\\\/\",\"url\":\"https:\\\/\\\/voit.de\\\/en\\\/career\\\/apprentice\\\/\",\"name\":\"Berufsausbildung bei VOIT Automotive - W\u00e4hle zwischen 5 Berufsbildern!\",\"isPartOf\":{\"@id\":\"https:\\\/\\\/voit.de\\\/en\\\/#website\"},\"datePublished\":\"2018-03-20T14:12:04+00:00\",\"dateModified\":\"2023-03-22T10:36:37+00:00\",\"description\":\"Du hast das Gef\u00fchl, bei uns rein zu passen? Dann Bewirb dich und starte deine Karriere bei VOIT zb. als Elektroniker f\u00fcr Automatisierungstechnik.\",\"breadcrumb\":{\"@id\":\"https:\\\/\\\/voit.de\\\/en\\\/career\\\/apprentice\\\/#breadcrumb\"},\"inLanguage\":\"en-GB\",\"potentialAction\":[{\"@type\":\"ReadAction\",\"target\":[\"https:\\\/\\\/voit.de\\\/en\\\/career\\\/apprentice\\\/\"]}]},{\"@type\":\"BreadcrumbList\",\"@id\":\"https:\\\/\\\/voit.de\\\/en\\\/career\\\/apprentice\\\/#breadcrumb\",\"itemListElement\":[{\"@type\":\"ListItem\",\"position\":1,\"name\":\"Home\",\"item\":\"https:\\\/\\\/voit.de\\\/en\\\/\"},{\"@type\":\"ListItem\",\"position\":2,\"name\":\"Career\",\"item\":\"https:\\\/\\\/voit.de\\\/en\\\/career\\\/\"},{\"@type\":\"ListItem\",\"position\":3,\"name\":\"Apprentice\"}]},{\"@type\":\"WebSite\",\"@id\":\"https:\\\/\\\/voit.de\\\/en\\\/#website\",\"url\":\"https:\\\/\\\/voit.de\\\/en\\\/\",\"name\":\"VOIT Automotive EN\",\"description\":\"Technologief\u00fchrer und Entwicklungspartner f\u00fcr Fertigungsprozesse\",\"publisher\":{\"@id\":\"https:\\\/\\\/voit.de\\\/en\\\/#organization\"},\"potentialAction\":[{\"@type\":\"SearchAction\",\"target\":{\"@type\":\"EntryPoint\",\"urlTemplate\":\"https:\\\/\\\/voit.de\\\/en\\\/?s={search_term_string}\"},\"query-input\":{\"@type\":\"PropertyValueSpecification\",\"valueRequired\":true,\"valueName\":\"search_term_string\"}}],\"inLanguage\":\"en-GB\"},{\"@type\":\"Organization\",\"@id\":\"https:\\\/\\\/voit.de\\\/en\\\/#organization\",\"name\":\"VOIT Automotive GmbH\",\"url\":\"https:\\\/\\\/voit.de\\\/en\\\/\",\"logo\":{\"@type\":\"ImageObject\",\"inLanguage\":\"en-GB\",\"@id\":\"https:\\\/\\\/voit.de\\\/en\\\/#\\\/schema\\\/logo\\\/image\\\/\",\"url\":\"https:\\\/\\\/voit.de\\\/en\\\/wp-content\\\/uploads\\\/sites\\\/8\\\/2018\\\/06\\\/wiwe-voit-logo.png\",\"contentUrl\":\"https:\\\/\\\/voit.de\\\/en\\\/wp-content\\\/uploads\\\/sites\\\/8\\\/2018\\\/06\\\/wiwe-voit-logo.png\",\"width\":797,\"height\":285,\"caption\":\"VOIT Automotive GmbH\"},\"image\":{\"@id\":\"https:\\\/\\\/voit.de\\\/en\\\/#\\\/schema\\\/logo\\\/image\\\/\"},\"sameAs\":[\"https:\\\/\\\/www.facebook.com\\\/VOIT.Automotive\\\/\"]}]}<\/script>\n<!-- \/ Yoast SEO plugin. -->","yoast_head_json":{"title":"Berufsausbildung bei VOIT Automotive - W\u00e4hle zwischen 5 Berufsbildern!","description":"Du hast das Gef\u00fchl, bei uns rein zu passen? Dann Bewirb dich und starte deine Karriere bei VOIT zb. als Elektroniker f\u00fcr Automatisierungstechnik.","robots":{"index":"index","follow":"follow","max-snippet":"max-snippet:-1","max-image-preview":"max-image-preview:large","max-video-preview":"max-video-preview:-1"},"canonical":"https:\/\/voit.de\/en\/career\/apprentice\/","og_locale":"en_GB","og_type":"article","og_title":"Berufsausbildung bei VOIT Automotive - W\u00e4hle zwischen 5 Berufsbildern!","og_description":"Du hast das Gef\u00fchl, bei uns rein zu passen? Dann Bewirb dich und starte deine Karriere bei VOIT zb. als Elektroniker f\u00fcr Automatisierungstechnik.","og_url":"https:\/\/voit.de\/en\/career\/apprentice\/","og_site_name":"VOIT Automotive EN","article_publisher":"https:\/\/www.facebook.com\/VOIT.Automotive\/","article_modified_time":"2023-03-22T10:36:37+00:00","twitter_card":"summary_large_image","twitter_misc":{"Estimated reading time":"3 minutes"},"schema":{"@context":"https:\/\/schema.org","@graph":[{"@type":"WebPage","@id":"https:\/\/voit.de\/en\/career\/apprentice\/","url":"https:\/\/voit.de\/en\/career\/apprentice\/","name":"Berufsausbildung bei VOIT Automotive - W\u00e4hle zwischen 5 Berufsbildern!","isPartOf":{"@id":"https:\/\/voit.de\/en\/#website"},"datePublished":"2018-03-20T14:12:04+00:00","dateModified":"2023-03-22T10:36:37+00:00","description":"Du hast das Gef\u00fchl, bei uns rein zu passen? Dann Bewirb dich und starte deine Karriere bei VOIT zb. als Elektroniker f\u00fcr Automatisierungstechnik.","breadcrumb":{"@id":"https:\/\/voit.de\/en\/career\/apprentice\/#breadcrumb"},"inLanguage":"en-GB","potentialAction":[{"@type":"ReadAction","target":["https:\/\/voit.de\/en\/career\/apprentice\/"]}]},{"@type":"BreadcrumbList","@id":"https:\/\/voit.de\/en\/career\/apprentice\/#breadcrumb","itemListElement":[{"@type":"ListItem","position":1,"name":"Home","item":"https:\/\/voit.de\/en\/"},{"@type":"ListItem","position":2,"name":"Career","item":"https:\/\/voit.de\/en\/career\/"},{"@type":"ListItem","position":3,"name":"Apprentice"}]},{"@type":"WebSite","@id":"https:\/\/voit.de\/en\/#website","url":"https:\/\/voit.de\/en\/","name":"VOIT Automotive EN","description":"Technologief\u00fchrer und Entwicklungspartner f\u00fcr Fertigungsprozesse","publisher":{"@id":"https:\/\/voit.de\/en\/#organization"},"potentialAction":[{"@type":"SearchAction","target":{"@type":"EntryPoint","urlTemplate":"https:\/\/voit.de\/en\/?s={search_term_string}"},"query-input":{"@type":"PropertyValueSpecification","valueRequired":true,"valueName":"search_term_string"}}],"inLanguage":"en-GB"},{"@type":"Organization","@id":"https:\/\/voit.de\/en\/#organization","name":"VOIT Automotive GmbH","url":"https:\/\/voit.de\/en\/","logo":{"@type":"ImageObject","inLanguage":"en-GB","@id":"https:\/\/voit.de\/en\/#\/schema\/logo\/image\/","url":"https:\/\/voit.de\/en\/wp-content\/uploads\/sites\/8\/2018\/06\/wiwe-voit-logo.png","contentUrl":"https:\/\/voit.de\/en\/wp-content\/uploads\/sites\/8\/2018\/06\/wiwe-voit-logo.png","width":797,"height":285,"caption":"VOIT Automotive GmbH"},"image":{"@id":"https:\/\/voit.de\/en\/#\/schema\/logo\/image\/"},"sameAs":["https:\/\/www.facebook.com\/VOIT.Automotive\/"]}]}},"publishpress_future_action":{"enabled":false,"date":"2026-05-13 13:58:17","action":"change-status","newStatus":"draft","terms":[],"taxonomy":"","extraData":[]},"publishpress_future_workflow_manual_trigger":{"enabledWorkflows":[]},"_links":{"self":[{"href":"https:\/\/voit.de\/en\/wp-json\/wp\/v2\/pages\/62","targetHints":{"allow":["GET"]}}],"collection":[{"href":"https:\/\/voit.de\/en\/wp-json\/wp\/v2\/pages"}],"about":[{"href":"https:\/\/voit.de\/en\/wp-json\/wp\/v2\/types\/page"}],"author":[{"embeddable":true,"href":"https:\/\/voit.de\/en\/wp-json\/wp\/v2\/users\/2"}],"replies":[{"embeddable":true,"href":"https:\/\/voit.de\/en\/wp-json\/wp\/v2\/comments?post=62"}],"version-history":[{"count":86,"href":"https:\/\/voit.de\/en\/wp-json\/wp\/v2\/pages\/62\/revisions"}],"predecessor-version":[{"id":8933,"href":"https:\/\/voit.de\/en\/wp-json\/wp\/v2\/pages\/62\/revisions\/8933"}],"up":[{"embeddable":true,"href":"https:\/\/voit.de\/en\/wp-json\/wp\/v2\/pages\/56"}],"wp:attachment":[{"href":"https:\/\/voit.de\/en\/wp-json\/wp\/v2\/media?parent=62"}],"curies":[{"name":"wp","href":"https:\/\/api.w.org\/{rel}","templated":true}]}}