{"id":58,"date":"2018-03-20T15:11:48","date_gmt":"2018-03-20T14:11:48","guid":{"rendered":"http:\/\/voit-online.de\/en\/?page_id=58"},"modified":"2019-12-12T10:16:51","modified_gmt":"2019-12-12T09:16:51","slug":"vacancies","status":"publish","type":"page","link":"https:\/\/voit.de\/en\/career\/vacancies\/","title":{"rendered":"Vacancies"},"content":{"rendered":"<div class=\"wpb-content-wrapper\">[vc_row full_width=&#8221;stretch_row&#8221; css_animation=&#8221;fadeIn&#8221; bg_type=&#8221;image&#8221; parallax_style=&#8221;vcpb-vz-jquery&#8221; bg_image_new=&#8221;id^2233|url^https:\/\/voit.de\/en\/wp-content\/uploads\/sites\/8\/2018\/05\/parallax_bg2_2048x1080px.jpg|caption^null|alt^null|title^parallax_bg2_2048x1080px|description^null&#8221; bg_image_repeat=&#8221;no-repeat&#8221; parallax_sense=&#8221;25&#8243; bg_override=&#8221;full&#8221; css=&#8221;.vc_custom_1573632524142{background-color: #f8f9fa !important;}&#8221;][vc_column]\t<div class=\"space\">\n        <div class=\"space__block hidden-md hidden-sm hidden-xs\" style=\"height:60px\"><\/div>\n        <div class=\"space__block hidden-lg hidden-sm hidden-xs\" style=\"height:105px\"><\/div>\n        <div class=\"space__block hidden-lg hidden-md hidden-xs\" style=\"height:50px\"><\/div>\n        <div class=\"space__block hidden-lg hidden-md hidden-sm\" style=\"height:50px\"><\/div>\n    <\/div>\n\t[vc_column_text]\r\n<p style=\"text-align: center;\"><span style=\"color: #ff0000; font-size: 32px;\"><strong><i class=\"fa fa-ban \" ><\/i><\/strong><\/span><\/p>\r\n<p style=\"text-align: center;\"><span style=\"font-size: 24px;\"><strong><span style=\"color: #ff0000;\">Currently we have no vacancies to fill.\r\nYou are welcome to send us an unsolicited application.<\/span><\/strong><\/span><\/p>\r\n[\/vc_column_text]\t<div class=\"space\">\n        <div class=\"space__block hidden-md hidden-sm hidden-xs\" style=\"height:105px\"><\/div>\n        <div class=\"space__block hidden-lg hidden-sm hidden-xs\" style=\"height:105px\"><\/div>\n        <div class=\"space__block hidden-lg hidden-md hidden-xs\" style=\"height:50px\"><\/div>\n        <div class=\"space__block hidden-lg hidden-md hidden-sm\" style=\"height:50px\"><\/div>\n    <\/div>\n\t[\/vc_column][\/vc_row][vc_row full_width=&#8221;stretch_row&#8221; css_animation=&#8221;fadeIn&#8221; disable_element=&#8221;yes&#8221; bg_type=&#8221;image&#8221; parallax_style=&#8221;vcpb-vz-jquery&#8221; bg_image_new=&#8221;id^2233|url^https:\/\/voit.de\/en\/wp-content\/uploads\/sites\/8\/2018\/05\/parallax_bg2_2048x1080px.jpg|caption^null|alt^null|title^parallax_bg2_2048x1080px|description^null&#8221; bg_image_repeat=&#8221;no-repeat&#8221; parallax_sense=&#8221;25&#8243; bg_override=&#8221;full&#8221; css=&#8221;.vc_custom_1573632528713{background-color: #f8f9fa !important;}&#8221;][vc_column]\t<div class=\"space\">\n        <div class=\"space__block hidden-md hidden-sm hidden-xs\" style=\"height:60px\"><\/div>\n        <div class=\"space__block hidden-lg hidden-sm hidden-xs\" style=\"height:105px\"><\/div>\n        <div class=\"space__block hidden-lg hidden-md hidden-xs\" style=\"height:50px\"><\/div>\n        <div class=\"space__block hidden-lg hidden-md hidden-sm\" style=\"height:50px\"><\/div>\n    <\/div>\n\t\t<div class=\"voit-modul voit_vc_jobs\">\n\t\t<div class=\"row\">\n\t\t\t<div class=\"col-sm-12\">\n\t\t\t\t<a id=\"filter-anchor\"><\/a>\n\t\t\t\t<select id=\"filter-location\" class=\"filter\">\n\t\t\t\t\t<option value=\"-1\">Location<\/option>\n\t\t\t\t\t\t\t\t\t<\/select>\n\t\t\t\t<select id=\"filter-unit\" class=\"filter\">\n\t\t\t\t\t<option value=\"-1\">Division<\/option>\n\t\t\t\t\t\t\t\t\t<\/select>\n\t\t\t<\/div>\n\t\t<\/div>\n\t\t\t\t\t<div class=\"row\">\n\t\t\t\t<div class=\"col-sm-12\">\n\t\t\t\t\t<h3>KEINE PASSENDEN JOBS GEFUNDEN.<\/h3>\n\t\t\t\t<\/div>\n\t\t\t<\/div>\n\t\t\t\t<\/div>\n\t\t<div class=\"space\">\n        <div class=\"space__block hidden-md hidden-sm hidden-xs\" style=\"height:105px\"><\/div>\n        <div class=\"space__block hidden-lg hidden-sm hidden-xs\" style=\"height:105px\"><\/div>\n        <div class=\"space__block hidden-lg hidden-md hidden-xs\" style=\"height:50px\"><\/div>\n        <div class=\"space__block hidden-lg hidden-md hidden-sm\" style=\"height:50px\"><\/div>\n    <\/div>\n\t[\/vc_column][\/vc_row][vc_row][vc_column]\t<div class=\"space\">\n        <div class=\"space__block hidden-md hidden-sm hidden-xs\" style=\"height:105px\"><\/div>\n        <div class=\"space__block hidden-lg hidden-sm hidden-xs\" style=\"height:35px\"><\/div>\n        <div class=\"space__block hidden-lg hidden-md hidden-xs\" style=\"height:35px\"><\/div>\n        <div class=\"space__block hidden-lg hidden-md hidden-sm\" style=\"height:35px\"><\/div>\n    <\/div>\n\t\t<div class=\"voit-modul voit_vc_descriptive_headline\">\n\t\t<div class=\"wrapper centertext--def\">\n\t\t\t<h3>No vacancy here for you? Would you like to send an unsolicited application?<\/h3>\n\t\t\t<div class=\"content\">Please send your detailed application documents to: <a class=\"mail\" title=\"\u00d6ffnet Ihr E-Mailprogramm zum Versand einer Nachricht.\" href=\"mailto:job@voit.de\">job@voit.de<\/a><\/div>\n\t\t<\/div>\n\t<\/div>\n\t\t<div class=\"space\">\n        <div class=\"space__block hidden-md hidden-sm hidden-xs\" style=\"height:250px\"><\/div>\n        <div class=\"space__block hidden-lg hidden-sm hidden-xs\" style=\"height:35px\"><\/div>\n        <div class=\"space__block hidden-lg hidden-md hidden-xs\" style=\"height:35px\"><\/div>\n        <div class=\"space__block hidden-lg hidden-md hidden-sm\" style=\"height:35px\"><\/div>\n    <\/div>\n\t[\/vc_column][\/vc_row][vc_row css_animation=&#8221;fadeIn&#8221; disable_element=&#8221;yes&#8221; highlight_color=&#8221;highlight&#8211;yellow&#8221; highlight_til_variant_e_link=&#8221;url:http%3A%2F%2Fgoogle.de|title:mehr%20Erfahren||&#8221;][vc_column]\t<div class=\"space\">\n        <div class=\"space__block hidden-md hidden-sm hidden-xs\" style=\"height:105px\"><\/div>\n        <div class=\"space__block hidden-lg hidden-sm hidden-xs\" style=\"height:35px\"><\/div>\n        <div class=\"space__block hidden-lg hidden-md hidden-xs\" style=\"height:35px\"><\/div>\n        <div class=\"space__block hidden-lg hidden-md hidden-sm\" style=\"height:35px\"><\/div>\n    <\/div>\n\t\t<div class=\"voit-modul voit_vc_highlight_til voit_vc_highlight_til_variant_e\">\n\t\t<div class=\"wrapper highlight--yellow\">\n\t\t\t<div class=\"content\">\r\n<h3><span style=\"color: #000000;\"><strong>Keine Stelle f\u00fcr Sie dabei?\r\n<\/strong><\/span><span style=\"color: #000000;\"><strong>Sie m\u00f6chten sich initiativ bewerben?<\/strong><\/span><\/h3>\r\n<h5>Bitte senden Sie uns Ihre aussagekr\u00e4ftigen Bewerbungsunterlagen an: <a class=\"mail\" title=\"\u00d6ffnet Ihr E-Mailprogramm zum Versand einer Nachricht.\" href=\"mailto:job@voit.de\">job@voit.de<\/a><\/h5>\r\n<\/div>\t\t\t\t\t<\/div>\n\t<\/div>\n\t\t<div class=\"space\">\n        <div class=\"space__block hidden-md hidden-sm hidden-xs\" style=\"height:250px\"><\/div>\n        <div class=\"space__block hidden-lg hidden-sm hidden-xs\" style=\"height:35px\"><\/div>\n        <div class=\"space__block hidden-lg hidden-md hidden-xs\" style=\"height:35px\"><\/div>\n        <div class=\"space__block hidden-lg hidden-md hidden-sm\" style=\"height:35px\"><\/div>\n    <\/div>\n\t[\/vc_column][\/vc_row]<\/div>","protected":false},"excerpt":{"rendered":"<p>[vc_row full_width=&#8221;stretch_row&#8221; css_animation=&#8221;fadeIn&#8221; bg_type=&#8221;image&#8221; parallax_style=&#8221;vcpb-vz-jquery&#8221; bg_image_new=&#8221;id^2233|url^https:\/\/voit.de\/en\/wp-content\/uploads\/sites\/8\/2018\/05\/parallax_bg2_2048x1080px.jpg|caption^null|alt^null|title^parallax_bg2_2048x1080px|description^null&#8221; bg_image_repeat=&#8221;no-repeat&#8221; parallax_sense=&#8221;25&#8243; bg_override=&#8221;full&#8221; css=&#8221;.vc_custom_1573632524142{background-color: #f8f9fa !important;}&#8221;][vc_column][vc_column_text] Currently we have no vacancies to fill. You are welcome to send us an unsolicited application. [\/vc_column_text][\/vc_column][\/vc_row][vc_row full_width=&#8221;stretch_row&#8221; css_animation=&#8221;fadeIn&#8221; disable_element=&#8221;yes&#8221; bg_type=&#8221;image&#8221; parallax_style=&#8221;vcpb-vz-jquery&#8221; bg_image_new=&#8221;id^2233|url^https:\/\/voit.de\/en\/wp-content\/uploads\/sites\/8\/2018\/05\/parallax_bg2_2048x1080px.jpg|caption^null|alt^null|title^parallax_bg2_2048x1080px|description^null&#8221; bg_image_repeat=&#8221;no-repeat&#8221; parallax_sense=&#8221;25&#8243; bg_override=&#8221;full&#8221; css=&#8221;.vc_custom_1573632528713{background-color: #f8f9fa !important;}&#8221;][vc_column][\/vc_column][\/vc_row][vc_row][vc_column][\/vc_column][\/vc_row][vc_row css_animation=&#8221;fadeIn&#8221; disable_element=&#8221;yes&#8221; highlight_color=&#8221;highlight&#8211;yellow&#8221; highlight_til_variant_e_link=&#8221;url:http%3A%2F%2Fgoogle.de|title:mehr%20Erfahren||&#8221;][vc_column][\/vc_column][\/vc_row]<\/p>\n","protected":false},"author":2,"featured_media":0,"parent":56,"menu_order":0,"comment_status":"closed","ping_status":"closed","template":"","meta":{"_acf_changed":false,"footnotes":""},"class_list":["post-58","page","type-page","status-publish","hentry"],"acf":[],"yoast_head":"<!-- This site is optimized with the Yoast SEO plugin v27.3 - https:\/\/yoast.com\/product\/yoast-seo-wordpress\/ -->\n<title>Stellenangebote bei VOIT Automotive - Fach- und F\u00fchrungskr\u00e4fte gesucht!<\/title>\n<meta name=\"description\" content=\"Nutzen Sie die Mitgestaltungsm\u00f6glichkeiten in einem konzernunabh\u00e4ngigen Unternehmen und profitieren Sie gleichzeitig von den Wachstumschancen.\" \/>\n<meta name=\"robots\" content=\"index, follow, max-snippet:-1, max-image-preview:large, max-video-preview:-1\" \/>\n<link rel=\"canonical\" href=\"https:\/\/voit.de\/en\/career\/vacancies\/\" \/>\n<meta property=\"og:locale\" content=\"en_GB\" \/>\n<meta property=\"og:type\" content=\"article\" \/>\n<meta property=\"og:title\" content=\"Stellenangebote bei VOIT Automotive - Fach- und F\u00fchrungskr\u00e4fte gesucht!\" \/>\n<meta property=\"og:description\" content=\"Nutzen Sie die Mitgestaltungsm\u00f6glichkeiten in einem konzernunabh\u00e4ngigen Unternehmen und profitieren Sie gleichzeitig von den Wachstumschancen.\" \/>\n<meta property=\"og:url\" content=\"https:\/\/voit.de\/en\/career\/vacancies\/\" \/>\n<meta property=\"og:site_name\" content=\"VOIT Automotive EN\" \/>\n<meta property=\"article:publisher\" content=\"https:\/\/www.facebook.com\/VOIT.Automotive\/\" \/>\n<meta property=\"article:modified_time\" content=\"2019-12-12T09:16:51+00:00\" \/>\n<meta name=\"twitter:card\" content=\"summary_large_image\" \/>\n<meta name=\"twitter:label1\" content=\"Estimated reading time\" \/>\n\t<meta name=\"twitter:data1\" content=\"2 minutes\" \/>\n<script type=\"application\/ld+json\" class=\"yoast-schema-graph\">{\"@context\":\"https:\\\/\\\/schema.org\",\"@graph\":[{\"@type\":\"WebPage\",\"@id\":\"https:\\\/\\\/voit.de\\\/en\\\/career\\\/vacancies\\\/\",\"url\":\"https:\\\/\\\/voit.de\\\/en\\\/career\\\/vacancies\\\/\",\"name\":\"Stellenangebote bei VOIT Automotive - Fach- und F\u00fchrungskr\u00e4fte gesucht!\",\"isPartOf\":{\"@id\":\"https:\\\/\\\/voit.de\\\/en\\\/#website\"},\"datePublished\":\"2018-03-20T14:11:48+00:00\",\"dateModified\":\"2019-12-12T09:16:51+00:00\",\"description\":\"Nutzen Sie die Mitgestaltungsm\u00f6glichkeiten in einem konzernunabh\u00e4ngigen Unternehmen und profitieren Sie gleichzeitig von den Wachstumschancen.\",\"breadcrumb\":{\"@id\":\"https:\\\/\\\/voit.de\\\/en\\\/career\\\/vacancies\\\/#breadcrumb\"},\"inLanguage\":\"en-GB\",\"potentialAction\":[{\"@type\":\"ReadAction\",\"target\":[\"https:\\\/\\\/voit.de\\\/en\\\/career\\\/vacancies\\\/\"]}]},{\"@type\":\"BreadcrumbList\",\"@id\":\"https:\\\/\\\/voit.de\\\/en\\\/career\\\/vacancies\\\/#breadcrumb\",\"itemListElement\":[{\"@type\":\"ListItem\",\"position\":1,\"name\":\"Home\",\"item\":\"https:\\\/\\\/voit.de\\\/en\\\/\"},{\"@type\":\"ListItem\",\"position\":2,\"name\":\"Career\",\"item\":\"https:\\\/\\\/voit.de\\\/en\\\/career\\\/\"},{\"@type\":\"ListItem\",\"position\":3,\"name\":\"Vacancies\"}]},{\"@type\":\"WebSite\",\"@id\":\"https:\\\/\\\/voit.de\\\/en\\\/#website\",\"url\":\"https:\\\/\\\/voit.de\\\/en\\\/\",\"name\":\"VOIT Automotive EN\",\"description\":\"Technologief\u00fchrer und Entwicklungspartner f\u00fcr Fertigungsprozesse\",\"publisher\":{\"@id\":\"https:\\\/\\\/voit.de\\\/en\\\/#organization\"},\"potentialAction\":[{\"@type\":\"SearchAction\",\"target\":{\"@type\":\"EntryPoint\",\"urlTemplate\":\"https:\\\/\\\/voit.de\\\/en\\\/?s={search_term_string}\"},\"query-input\":{\"@type\":\"PropertyValueSpecification\",\"valueRequired\":true,\"valueName\":\"search_term_string\"}}],\"inLanguage\":\"en-GB\"},{\"@type\":\"Organization\",\"@id\":\"https:\\\/\\\/voit.de\\\/en\\\/#organization\",\"name\":\"VOIT Automotive GmbH\",\"url\":\"https:\\\/\\\/voit.de\\\/en\\\/\",\"logo\":{\"@type\":\"ImageObject\",\"inLanguage\":\"en-GB\",\"@id\":\"https:\\\/\\\/voit.de\\\/en\\\/#\\\/schema\\\/logo\\\/image\\\/\",\"url\":\"https:\\\/\\\/voit.de\\\/en\\\/wp-content\\\/uploads\\\/sites\\\/8\\\/2018\\\/06\\\/wiwe-voit-logo.png\",\"contentUrl\":\"https:\\\/\\\/voit.de\\\/en\\\/wp-content\\\/uploads\\\/sites\\\/8\\\/2018\\\/06\\\/wiwe-voit-logo.png\",\"width\":797,\"height\":285,\"caption\":\"VOIT Automotive GmbH\"},\"image\":{\"@id\":\"https:\\\/\\\/voit.de\\\/en\\\/#\\\/schema\\\/logo\\\/image\\\/\"},\"sameAs\":[\"https:\\\/\\\/www.facebook.com\\\/VOIT.Automotive\\\/\"]}]}<\/script>\n<!-- \/ Yoast SEO plugin. -->","yoast_head_json":{"title":"Stellenangebote bei VOIT Automotive - Fach- und F\u00fchrungskr\u00e4fte gesucht!","description":"Nutzen Sie die Mitgestaltungsm\u00f6glichkeiten in einem konzernunabh\u00e4ngigen Unternehmen und profitieren Sie gleichzeitig von den Wachstumschancen.","robots":{"index":"index","follow":"follow","max-snippet":"max-snippet:-1","max-image-preview":"max-image-preview:large","max-video-preview":"max-video-preview:-1"},"canonical":"https:\/\/voit.de\/en\/career\/vacancies\/","og_locale":"en_GB","og_type":"article","og_title":"Stellenangebote bei VOIT Automotive - Fach- und F\u00fchrungskr\u00e4fte gesucht!","og_description":"Nutzen Sie die Mitgestaltungsm\u00f6glichkeiten in einem konzernunabh\u00e4ngigen Unternehmen und profitieren Sie gleichzeitig von den Wachstumschancen.","og_url":"https:\/\/voit.de\/en\/career\/vacancies\/","og_site_name":"VOIT Automotive EN","article_publisher":"https:\/\/www.facebook.com\/VOIT.Automotive\/","article_modified_time":"2019-12-12T09:16:51+00:00","twitter_card":"summary_large_image","twitter_misc":{"Estimated reading time":"2 minutes"},"schema":{"@context":"https:\/\/schema.org","@graph":[{"@type":"WebPage","@id":"https:\/\/voit.de\/en\/career\/vacancies\/","url":"https:\/\/voit.de\/en\/career\/vacancies\/","name":"Stellenangebote bei VOIT Automotive - Fach- und F\u00fchrungskr\u00e4fte gesucht!","isPartOf":{"@id":"https:\/\/voit.de\/en\/#website"},"datePublished":"2018-03-20T14:11:48+00:00","dateModified":"2019-12-12T09:16:51+00:00","description":"Nutzen Sie die Mitgestaltungsm\u00f6glichkeiten in einem konzernunabh\u00e4ngigen Unternehmen und profitieren Sie gleichzeitig von den Wachstumschancen.","breadcrumb":{"@id":"https:\/\/voit.de\/en\/career\/vacancies\/#breadcrumb"},"inLanguage":"en-GB","potentialAction":[{"@type":"ReadAction","target":["https:\/\/voit.de\/en\/career\/vacancies\/"]}]},{"@type":"BreadcrumbList","@id":"https:\/\/voit.de\/en\/career\/vacancies\/#breadcrumb","itemListElement":[{"@type":"ListItem","position":1,"name":"Home","item":"https:\/\/voit.de\/en\/"},{"@type":"ListItem","position":2,"name":"Career","item":"https:\/\/voit.de\/en\/career\/"},{"@type":"ListItem","position":3,"name":"Vacancies"}]},{"@type":"WebSite","@id":"https:\/\/voit.de\/en\/#website","url":"https:\/\/voit.de\/en\/","name":"VOIT Automotive EN","description":"Technologief\u00fchrer und Entwicklungspartner f\u00fcr Fertigungsprozesse","publisher":{"@id":"https:\/\/voit.de\/en\/#organization"},"potentialAction":[{"@type":"SearchAction","target":{"@type":"EntryPoint","urlTemplate":"https:\/\/voit.de\/en\/?s={search_term_string}"},"query-input":{"@type":"PropertyValueSpecification","valueRequired":true,"valueName":"search_term_string"}}],"inLanguage":"en-GB"},{"@type":"Organization","@id":"https:\/\/voit.de\/en\/#organization","name":"VOIT Automotive GmbH","url":"https:\/\/voit.de\/en\/","logo":{"@type":"ImageObject","inLanguage":"en-GB","@id":"https:\/\/voit.de\/en\/#\/schema\/logo\/image\/","url":"https:\/\/voit.de\/en\/wp-content\/uploads\/sites\/8\/2018\/06\/wiwe-voit-logo.png","contentUrl":"https:\/\/voit.de\/en\/wp-content\/uploads\/sites\/8\/2018\/06\/wiwe-voit-logo.png","width":797,"height":285,"caption":"VOIT Automotive GmbH"},"image":{"@id":"https:\/\/voit.de\/en\/#\/schema\/logo\/image\/"},"sameAs":["https:\/\/www.facebook.com\/VOIT.Automotive\/"]}]}},"publishpress_future_action":{"enabled":false,"date":"2026-05-16 04:24:12","action":"change-status","newStatus":"draft","terms":[],"taxonomy":"","extraData":[]},"publishpress_future_workflow_manual_trigger":{"enabledWorkflows":[]},"_links":{"self":[{"href":"https:\/\/voit.de\/en\/wp-json\/wp\/v2\/pages\/58","targetHints":{"allow":["GET"]}}],"collection":[{"href":"https:\/\/voit.de\/en\/wp-json\/wp\/v2\/pages"}],"about":[{"href":"https:\/\/voit.de\/en\/wp-json\/wp\/v2\/types\/page"}],"author":[{"embeddable":true,"href":"https:\/\/voit.de\/en\/wp-json\/wp\/v2\/users\/2"}],"replies":[{"embeddable":true,"href":"https:\/\/voit.de\/en\/wp-json\/wp\/v2\/comments?post=58"}],"version-history":[{"count":60,"href":"https:\/\/voit.de\/en\/wp-json\/wp\/v2\/pages\/58\/revisions"}],"predecessor-version":[{"id":8065,"href":"https:\/\/voit.de\/en\/wp-json\/wp\/v2\/pages\/58\/revisions\/8065"}],"up":[{"embeddable":true,"href":"https:\/\/voit.de\/en\/wp-json\/wp\/v2\/pages\/56"}],"wp:attachment":[{"href":"https:\/\/voit.de\/en\/wp-json\/wp\/v2\/media?parent=58"}],"curies":[{"name":"wp","href":"https:\/\/api.w.org\/{rel}","templated":true}]}}