{"id":5786,"date":"2018-07-27T07:25:41","date_gmt":"2018-07-27T05:25:41","guid":{"rendered":"http:\/\/voit-online.de\/en\/?page_id=5786"},"modified":"2022-01-03T07:38:47","modified_gmt":"2022-01-03T06:38:47","slug":"supervisory-board","status":"publish","type":"page","link":"https:\/\/voit.de\/en\/company\/about-us\/supervisory-board\/","title":{"rendered":"Supervisory Board"},"content":{"rendered":"<div class=\"wpb-content-wrapper\">[vc_row][vc_column][vc_column_text]\r\n<h2><span class=\"breadcrumb_last\">Supervisory Board<\/span><\/h2>\r\n[\/vc_column_text]\t<div class=\"voit-modul voit_vc_gallery\">\n\t\t<div id=\"main-TKplI7bneD\" class=\"main-gallery\" data-female=\"TKplI7bneD\">\n\t\t\t\t\t\t\t<div class=\"carousel-cell\">\n\t\t\t\t\t<img decoding=\"async\" src=\"https:\/\/voit.de\/en\/wp-content\/uploads\/sites\/8\/2018\/07\/Joachim-Demmer.jpg\" class=\"carousel-cell__image\" \/>\n\t\t\t\t\t<div class=\"carousel-cell__title\">Joachim Demmer \u2013 Chairman of the Supervisory Board<\/div>\n\t\t\t\t<\/div>\n\t\t\t\t\t\t\t\t<div class=\"carousel-cell\">\n\t\t\t\t\t<img decoding=\"async\" src=\"https:\/\/voit.de\/en\/wp-content\/uploads\/sites\/8\/2020\/10\/Jerzy_Pajak_Aufsichtsrat.jpg\" class=\"carousel-cell__image\" \/>\n\t\t\t\t\t<div class=\"carousel-cell__title\">Jerzy Pajak \u2013 Deputy Chairman of the Supervisory Board<\/div>\n\t\t\t\t<\/div>\n\t\t\t\t\t\t\t\t<div class=\"carousel-cell\">\n\t\t\t\t\t<img decoding=\"async\" src=\"https:\/\/voit.de\/en\/wp-content\/uploads\/sites\/8\/2018\/07\/betriebsrat_dellmann_740x550.jpg\" class=\"carousel-cell__image\" \/>\n\t\t\t\t\t<div class=\"carousel-cell__title\">Sandra Dellmann \u2013 Supervisory Board \/ Works Council <\/div>\n\t\t\t\t<\/div>\n\t\t\t\t\t\t<\/div>\n\t\t<div id=\"thumb-TKplI7bneD\" class=\"thumb-gallery highlight--yellow\" data-male=\"TKplI7bneD\">\n\t\t\t\t\t\t\t<div class=\"carousel-cell\">\n\t\t\t\t\t<img decoding=\"async\" src=\"https:\/\/voit.de\/en\/wp-content\/uploads\/sites\/8\/2018\/07\/Joachim-Demmer.jpg\" class=\"carousel-cell__image\" \/>\n\t\t\t\t<\/div>\n\t\t\t\t\t\t\t\t<div class=\"carousel-cell\">\n\t\t\t\t\t<img decoding=\"async\" src=\"https:\/\/voit.de\/en\/wp-content\/uploads\/sites\/8\/2020\/10\/Jerzy_Pajak_Aufsichtsrat.jpg\" class=\"carousel-cell__image\" \/>\n\t\t\t\t<\/div>\n\t\t\t\t\t\t\t\t<div class=\"carousel-cell\">\n\t\t\t\t\t<img decoding=\"async\" src=\"https:\/\/voit.de\/en\/wp-content\/uploads\/sites\/8\/2018\/07\/betriebsrat_dellmann_740x550.jpg\" class=\"carousel-cell__image\" \/>\n\t\t\t\t<\/div>\n\t\t\t\t\t\t<\/div>\n\t<\/div>\n\t\t<div class=\"space\">\n        <div class=\"space__block hidden-md hidden-sm hidden-xs\" style=\"height:150px\"><\/div>\n        <div class=\"space__block hidden-lg hidden-sm hidden-xs\" style=\"height:35px\"><\/div>\n        <div class=\"space__block hidden-lg hidden-md hidden-xs\" style=\"height:35px\"><\/div>\n        <div class=\"space__block hidden-lg hidden-md hidden-sm\" style=\"height:35px\"><\/div>\n    <\/div>\n\t\t<div class=\"evc-button-wrapper evc-btn-left\">\n<a class=\"evc-button evc-shortcode zur\u00fcck zur Gesch\u00e4ftsf\u00fchrung evc-btn-solid evc-btn-normal evc-btn-has-icon\" href=\"\/en\/company\/about-us\/management\/\" style=\"font-family: sans-serif;font-size: 16px;font-weight: 700;font-style: normal;text-transform: initial;color: #ffffff;background-color: #89ba17;border-color: #89ba17;border-width: 2px\" data-hover-color=\"#89ba17\" data-hover-background-color=\"#ffffff\" data-hover-border-color=\"#89ba17\">\n\t\t\n\t<span class=\"evc-btn-icon fa fa-chevron-left\"><\/span>\n\t<span class=\"evc-btn-text\">back to the Management<\/span>\n<\/a>\n\t<\/div>\n\t<div class=\"space\">\n        <div class=\"space__block hidden-md hidden-sm hidden-xs\" style=\"height:250px\"><\/div>\n        <div class=\"space__block hidden-lg hidden-sm hidden-xs\" style=\"height:35px\"><\/div>\n        <div class=\"space__block hidden-lg hidden-md hidden-xs\" style=\"height:35px\"><\/div>\n        <div class=\"space__block hidden-lg hidden-md hidden-sm\" style=\"height:35px\"><\/div>\n    <\/div>\n\t[\/vc_column][\/vc_row]<\/div>","protected":false},"excerpt":{"rendered":"<p>[vc_row][vc_column][vc_column_text] Supervisory Board [\/vc_column_text][\/vc_column][\/vc_row]<\/p>\n","protected":false},"author":2,"featured_media":0,"parent":40,"menu_order":0,"comment_status":"closed","ping_status":"closed","template":"","meta":{"_acf_changed":false,"footnotes":""},"class_list":["post-5786","page","type-page","status-publish","hentry"],"acf":[],"yoast_head":"<!-- This site is optimized with the Yoast SEO plugin v27.3 - https:\/\/yoast.com\/product\/yoast-seo-wordpress\/ -->\n<title>Supervisory Board - VOIT Automotive EN<\/title>\n<meta name=\"description\" content=\"VOIT Automotive EN\" \/>\n<meta name=\"robots\" content=\"index, follow, max-snippet:-1, max-image-preview:large, max-video-preview:-1\" \/>\n<link rel=\"canonical\" href=\"https:\/\/voit.de\/en\/company\/about-us\/supervisory-board\/\" \/>\n<meta property=\"og:locale\" content=\"en_GB\" \/>\n<meta property=\"og:type\" content=\"article\" \/>\n<meta property=\"og:title\" content=\"Supervisory Board - VOIT Automotive EN\" \/>\n<meta property=\"og:description\" content=\"VOIT Automotive EN\" \/>\n<meta property=\"og:url\" content=\"https:\/\/voit.de\/en\/company\/about-us\/supervisory-board\/\" \/>\n<meta property=\"og:site_name\" content=\"VOIT Automotive EN\" \/>\n<meta property=\"article:publisher\" content=\"https:\/\/www.facebook.com\/VOIT.Automotive\/\" \/>\n<meta property=\"article:modified_time\" content=\"2022-01-03T06:38:47+00:00\" \/>\n<meta name=\"twitter:card\" content=\"summary_large_image\" \/>\n<meta name=\"twitter:label1\" content=\"Estimated reading time\" \/>\n\t<meta name=\"twitter:data1\" content=\"1 minute\" \/>\n<script type=\"application\/ld+json\" class=\"yoast-schema-graph\">{\"@context\":\"https:\\\/\\\/schema.org\",\"@graph\":[{\"@type\":\"WebPage\",\"@id\":\"https:\\\/\\\/voit.de\\\/en\\\/company\\\/about-us\\\/supervisory-board\\\/\",\"url\":\"https:\\\/\\\/voit.de\\\/en\\\/company\\\/about-us\\\/supervisory-board\\\/\",\"name\":\"Supervisory Board - VOIT Automotive EN\",\"isPartOf\":{\"@id\":\"https:\\\/\\\/voit.de\\\/en\\\/#website\"},\"datePublished\":\"2018-07-27T05:25:41+00:00\",\"dateModified\":\"2022-01-03T06:38:47+00:00\",\"description\":\"VOIT Automotive EN\",\"breadcrumb\":{\"@id\":\"https:\\\/\\\/voit.de\\\/en\\\/company\\\/about-us\\\/supervisory-board\\\/#breadcrumb\"},\"inLanguage\":\"en-GB\",\"potentialAction\":[{\"@type\":\"ReadAction\",\"target\":[\"https:\\\/\\\/voit.de\\\/en\\\/company\\\/about-us\\\/supervisory-board\\\/\"]}]},{\"@type\":\"BreadcrumbList\",\"@id\":\"https:\\\/\\\/voit.de\\\/en\\\/company\\\/about-us\\\/supervisory-board\\\/#breadcrumb\",\"itemListElement\":[{\"@type\":\"ListItem\",\"position\":1,\"name\":\"Home\",\"item\":\"https:\\\/\\\/voit.de\\\/en\\\/\"},{\"@type\":\"ListItem\",\"position\":2,\"name\":\"Company\",\"item\":\"https:\\\/\\\/voit.de\\\/en\\\/company\\\/\"},{\"@type\":\"ListItem\",\"position\":3,\"name\":\"About us\",\"item\":\"https:\\\/\\\/voit.de\\\/en\\\/company\\\/about-us\\\/\"},{\"@type\":\"ListItem\",\"position\":4,\"name\":\"Supervisory Board\"}]},{\"@type\":\"WebSite\",\"@id\":\"https:\\\/\\\/voit.de\\\/en\\\/#website\",\"url\":\"https:\\\/\\\/voit.de\\\/en\\\/\",\"name\":\"VOIT Automotive EN\",\"description\":\"Technologief\u00fchrer und Entwicklungspartner f\u00fcr Fertigungsprozesse\",\"publisher\":{\"@id\":\"https:\\\/\\\/voit.de\\\/en\\\/#organization\"},\"potentialAction\":[{\"@type\":\"SearchAction\",\"target\":{\"@type\":\"EntryPoint\",\"urlTemplate\":\"https:\\\/\\\/voit.de\\\/en\\\/?s={search_term_string}\"},\"query-input\":{\"@type\":\"PropertyValueSpecification\",\"valueRequired\":true,\"valueName\":\"search_term_string\"}}],\"inLanguage\":\"en-GB\"},{\"@type\":\"Organization\",\"@id\":\"https:\\\/\\\/voit.de\\\/en\\\/#organization\",\"name\":\"VOIT Automotive GmbH\",\"url\":\"https:\\\/\\\/voit.de\\\/en\\\/\",\"logo\":{\"@type\":\"ImageObject\",\"inLanguage\":\"en-GB\",\"@id\":\"https:\\\/\\\/voit.de\\\/en\\\/#\\\/schema\\\/logo\\\/image\\\/\",\"url\":\"https:\\\/\\\/voit.de\\\/en\\\/wp-content\\\/uploads\\\/sites\\\/8\\\/2018\\\/06\\\/wiwe-voit-logo.png\",\"contentUrl\":\"https:\\\/\\\/voit.de\\\/en\\\/wp-content\\\/uploads\\\/sites\\\/8\\\/2018\\\/06\\\/wiwe-voit-logo.png\",\"width\":797,\"height\":285,\"caption\":\"VOIT Automotive GmbH\"},\"image\":{\"@id\":\"https:\\\/\\\/voit.de\\\/en\\\/#\\\/schema\\\/logo\\\/image\\\/\"},\"sameAs\":[\"https:\\\/\\\/www.facebook.com\\\/VOIT.Automotive\\\/\"]}]}<\/script>\n<!-- \/ Yoast SEO plugin. -->","yoast_head_json":{"title":"Supervisory Board - VOIT Automotive EN","description":"VOIT Automotive EN","robots":{"index":"index","follow":"follow","max-snippet":"max-snippet:-1","max-image-preview":"max-image-preview:large","max-video-preview":"max-video-preview:-1"},"canonical":"https:\/\/voit.de\/en\/company\/about-us\/supervisory-board\/","og_locale":"en_GB","og_type":"article","og_title":"Supervisory Board - VOIT Automotive EN","og_description":"VOIT Automotive EN","og_url":"https:\/\/voit.de\/en\/company\/about-us\/supervisory-board\/","og_site_name":"VOIT Automotive EN","article_publisher":"https:\/\/www.facebook.com\/VOIT.Automotive\/","article_modified_time":"2022-01-03T06:38:47+00:00","twitter_card":"summary_large_image","twitter_misc":{"Estimated reading time":"1 minute"},"schema":{"@context":"https:\/\/schema.org","@graph":[{"@type":"WebPage","@id":"https:\/\/voit.de\/en\/company\/about-us\/supervisory-board\/","url":"https:\/\/voit.de\/en\/company\/about-us\/supervisory-board\/","name":"Supervisory Board - VOIT Automotive EN","isPartOf":{"@id":"https:\/\/voit.de\/en\/#website"},"datePublished":"2018-07-27T05:25:41+00:00","dateModified":"2022-01-03T06:38:47+00:00","description":"VOIT Automotive EN","breadcrumb":{"@id":"https:\/\/voit.de\/en\/company\/about-us\/supervisory-board\/#breadcrumb"},"inLanguage":"en-GB","potentialAction":[{"@type":"ReadAction","target":["https:\/\/voit.de\/en\/company\/about-us\/supervisory-board\/"]}]},{"@type":"BreadcrumbList","@id":"https:\/\/voit.de\/en\/company\/about-us\/supervisory-board\/#breadcrumb","itemListElement":[{"@type":"ListItem","position":1,"name":"Home","item":"https:\/\/voit.de\/en\/"},{"@type":"ListItem","position":2,"name":"Company","item":"https:\/\/voit.de\/en\/company\/"},{"@type":"ListItem","position":3,"name":"About us","item":"https:\/\/voit.de\/en\/company\/about-us\/"},{"@type":"ListItem","position":4,"name":"Supervisory Board"}]},{"@type":"WebSite","@id":"https:\/\/voit.de\/en\/#website","url":"https:\/\/voit.de\/en\/","name":"VOIT Automotive EN","description":"Technologief\u00fchrer und Entwicklungspartner f\u00fcr Fertigungsprozesse","publisher":{"@id":"https:\/\/voit.de\/en\/#organization"},"potentialAction":[{"@type":"SearchAction","target":{"@type":"EntryPoint","urlTemplate":"https:\/\/voit.de\/en\/?s={search_term_string}"},"query-input":{"@type":"PropertyValueSpecification","valueRequired":true,"valueName":"search_term_string"}}],"inLanguage":"en-GB"},{"@type":"Organization","@id":"https:\/\/voit.de\/en\/#organization","name":"VOIT Automotive GmbH","url":"https:\/\/voit.de\/en\/","logo":{"@type":"ImageObject","inLanguage":"en-GB","@id":"https:\/\/voit.de\/en\/#\/schema\/logo\/image\/","url":"https:\/\/voit.de\/en\/wp-content\/uploads\/sites\/8\/2018\/06\/wiwe-voit-logo.png","contentUrl":"https:\/\/voit.de\/en\/wp-content\/uploads\/sites\/8\/2018\/06\/wiwe-voit-logo.png","width":797,"height":285,"caption":"VOIT Automotive GmbH"},"image":{"@id":"https:\/\/voit.de\/en\/#\/schema\/logo\/image\/"},"sameAs":["https:\/\/www.facebook.com\/VOIT.Automotive\/"]}]}},"publishpress_future_action":{"enabled":false,"date":"2026-04-27 08:12:16","action":"change-status","newStatus":"draft","terms":[],"taxonomy":"","extraData":[]},"publishpress_future_workflow_manual_trigger":{"enabledWorkflows":[]},"_links":{"self":[{"href":"https:\/\/voit.de\/en\/wp-json\/wp\/v2\/pages\/5786","targetHints":{"allow":["GET"]}}],"collection":[{"href":"https:\/\/voit.de\/en\/wp-json\/wp\/v2\/pages"}],"about":[{"href":"https:\/\/voit.de\/en\/wp-json\/wp\/v2\/types\/page"}],"author":[{"embeddable":true,"href":"https:\/\/voit.de\/en\/wp-json\/wp\/v2\/users\/2"}],"replies":[{"embeddable":true,"href":"https:\/\/voit.de\/en\/wp-json\/wp\/v2\/comments?post=5786"}],"version-history":[{"count":15,"href":"https:\/\/voit.de\/en\/wp-json\/wp\/v2\/pages\/5786\/revisions"}],"predecessor-version":[{"id":8452,"href":"https:\/\/voit.de\/en\/wp-json\/wp\/v2\/pages\/5786\/revisions\/8452"}],"up":[{"embeddable":true,"href":"https:\/\/voit.de\/en\/wp-json\/wp\/v2\/pages\/40"}],"wp:attachment":[{"href":"https:\/\/voit.de\/en\/wp-json\/wp\/v2\/media?parent=5786"}],"curies":[{"name":"wp","href":"https:\/\/api.w.org\/{rel}","templated":true}]}}