{"id":4564,"date":"2018-06-14T10:44:58","date_gmt":"2018-06-14T08:44:58","guid":{"rendered":"http:\/\/voit-online.de\/en\/?page_id=4564"},"modified":"2024-07-30T10:44:22","modified_gmt":"2024-07-30T08:44:22","slug":"quality-management","status":"publish","type":"page","link":"https:\/\/voit.de\/en\/sustainability\/quality-management\/","title":{"rendered":"Quality Management"},"content":{"rendered":"<div class=\"wpb-content-wrapper\">[vc_row css_animation=&#8221;fadeIn&#8221;][vc_column][vc_column_text]\r\n<h2>Quality Management<\/h2>\r\n&nbsp;\r\n<h5>Customer satisfaction according to a system<\/h5>\r\nQuality, Occupational safety, energy efficiency and environmental protection are a joint task. For this reason, across different departments, highly specialised and qualified employees from the areas of development, project management, production technology, logistics, quality management, energy, the environment, work safety and business management concern themselves with the demands of the whole value chain, right up to our customers, on a daily basis. Customer satisfaction and the associated adherence to objectives have the highest priority within our company. We are aware of this responsibility and our activities are aligned accordingly. This is reflected in our energy and environmental policies.\r\n\r\n&nbsp;\r\n\r\nBesides legal framework conditions, the basis for this policy is formed by our customers\u2019 requirements which are to be found in standards such as ISO 9001, IATF 16949, ISO 14001, ISO 50001 and ISO 45001 which are described in detail in plant standards, quality agreements and product-specific client specifications.\r\n\r\n&nbsp;\r\n\r\nA further element is our mission statement, which has been laid down in order to ensure that the company is safeguarded and that customer requirements are met. These requirements can also be found in our process-orientated quality management system and the integrated energy and environmental management system. Administrative processes are largely carried out using the automotive standard tool Supply-On.\r\n\r\n&nbsp;\r\n\r\nOur processes are regularly analysed with a view to adding value. Our quality management system and energy and environmental management are applied throughout the VOIT corporate group. Each process owner is supported in the process analysis and existing interplay by specially created teams. In connection with this, it is our aim to increase the individual responsibility of employees on all levels and thus to allow the company objective of zero defects and personal goals to develop congruently.\r\n\r\n&nbsp;\r\n\r\nBesides the optimization of quality processes, the company implements measures which are targeted at continuously improving the company\u2019s environmental performance and energy efficiency. Moreover, targets in the form of key figures, measures in problems solving reports are also implemented right up to the foreman\u2019s level. The effectiveness of the energy and environmental management system is checked by carrying out regular reviews, by weekly energy reports and monthly tracking of key figures.[\/vc_column_text]\t<div class=\"space\">\n        <div class=\"space__block hidden-md hidden-sm hidden-xs\" style=\"height:50px\"><\/div>\n        <div class=\"space__block hidden-lg hidden-sm hidden-xs\" style=\"height:35px\"><\/div>\n        <div class=\"space__block hidden-lg hidden-md hidden-xs\" style=\"height:35px\"><\/div>\n        <div class=\"space__block hidden-lg hidden-md hidden-sm\" style=\"height:35px\"><\/div>\n    <\/div>\n\t<a class=\"evc-button evc-shortcode Zu den Zertifikaten und Auszeichnungen evc-btn-solid evc-btn-normal \" href=\"\/en\/certificates-awards\/\" style=\"font-family: sans-serif;font-size: 16px;font-weight: 700;font-style: normal;text-transform: initial;color: #ffffff;background-color: #89ba17;border-color: #89ba17;border-width: 2px\" data-hover-color=\"#89ba17\" data-hover-background-color=\"#ffffff\" data-hover-border-color=\"#89ba17\">\n\t\t<span class=\"evc-btn-text\">To the Certificates and Awards<\/span>\n<\/a>\n[\/vc_column][\/vc_row][vc_row][vc_column]\t<div class=\"space\">\n        <div class=\"space__block hidden-md hidden-sm hidden-xs\" style=\"height:100px\"><\/div>\n        <div class=\"space__block hidden-lg hidden-sm hidden-xs\" style=\"height:100px\"><\/div>\n        <div class=\"space__block hidden-lg hidden-md hidden-xs\" style=\"height:100px\"><\/div>\n        <div class=\"space__block hidden-lg hidden-md hidden-sm\" style=\"height:100px\"><\/div>\n    <\/div>\n\t<a class=\"evc-button evc-shortcode Zur\u00fcck zur \u00dcbersicht - EN evc-btn-solid evc-btn-normal evc-btn-has-icon\" href=\"\/en\/sustainability\/\" style=\"font-family: sans-serif;font-size: 14px;font-weight: 700;font-style: normal;text-transform: initial;color: #ffffff;background-color: #89ba17;border-color: #89ba17;border-width: 2px\" data-hover-color=\"#89ba17\" data-hover-background-color=\"#ffffff\" data-hover-border-color=\"#89ba17\">\n\t\t\n\t<span class=\"evc-btn-icon fas fa-arrow-left\"><\/span>\n\t<span class=\"evc-btn-text\">Back to overview<\/span>\n<\/a>\n\t<div class=\"space\">\n        <div class=\"space__block hidden-md hidden-sm hidden-xs\" style=\"height:250px\"><\/div>\n        <div class=\"space__block hidden-lg hidden-sm hidden-xs\" style=\"height:35px\"><\/div>\n        <div class=\"space__block hidden-lg hidden-md hidden-xs\" style=\"height:35px\"><\/div>\n        <div class=\"space__block hidden-lg hidden-md hidden-sm\" style=\"height:35px\"><\/div>\n    <\/div>\n\t[\/vc_column][\/vc_row]<\/div>","protected":false},"excerpt":{"rendered":"<p>[vc_row css_animation=&#8221;fadeIn&#8221;][vc_column][vc_column_text] Quality Management &nbsp; Customer satisfaction according to a system Quality, Occupational safety, energy efficiency and environmental protection are a joint task. For this reason, across different departments, highly specialised and qualified employees from the areas of development, project management, production technology, logistics, quality management, energy, the environment, work safety and business management concern [&hellip;]<\/p>\n","protected":false},"author":2,"featured_media":0,"parent":8559,"menu_order":0,"comment_status":"closed","ping_status":"closed","template":"","meta":{"_acf_changed":false,"footnotes":""},"class_list":["post-4564","page","type-page","status-publish","hentry"],"acf":[],"yoast_head":"<!-- This site is optimized with the Yoast SEO plugin v27.3 - https:\/\/yoast.com\/product\/yoast-seo-wordpress\/ -->\n<title>Quality Management - VOIT Automotive EN<\/title>\n<meta name=\"description\" content=\"Qualit\u00e4t, Energieeffizienz und Umweltschutz sind eine Gemeinschaftsaufgabe. Deshalb k\u00fcmmern sich abteilungs\u00fcbergreifend hoch spezialisierte und qualifizierte Mitarbeiter aus den Bereichen Entwicklung, Projektmanagement, Fertigungstechnologie, Logistik, Qualit\u00e4tsmanagement, Energie, Umwelt, Arbeitssicherheit und Betriebswirtschaft tagt\u00e4glich um die Forderungen der gesamten Wertsch\u00f6pfungskette, bis hin zu unseren Kunden.\" \/>\n<meta name=\"robots\" content=\"index, follow, max-snippet:-1, max-image-preview:large, max-video-preview:-1\" \/>\n<link rel=\"canonical\" href=\"https:\/\/voit.de\/en\/sustainability\/quality-management\/\" \/>\n<meta property=\"og:locale\" content=\"en_GB\" \/>\n<meta property=\"og:type\" content=\"article\" \/>\n<meta property=\"og:title\" content=\"Quality Management - VOIT Automotive EN\" \/>\n<meta property=\"og:description\" content=\"Qualit\u00e4t, Energieeffizienz und Umweltschutz sind eine Gemeinschaftsaufgabe. Deshalb k\u00fcmmern sich abteilungs\u00fcbergreifend hoch spezialisierte und qualifizierte Mitarbeiter aus den Bereichen Entwicklung, Projektmanagement, Fertigungstechnologie, Logistik, Qualit\u00e4tsmanagement, Energie, Umwelt, Arbeitssicherheit und Betriebswirtschaft tagt\u00e4glich um die Forderungen der gesamten Wertsch\u00f6pfungskette, bis hin zu unseren Kunden.\" \/>\n<meta property=\"og:url\" content=\"https:\/\/voit.de\/en\/sustainability\/quality-management\/\" \/>\n<meta property=\"og:site_name\" content=\"VOIT Automotive EN\" \/>\n<meta property=\"article:publisher\" content=\"https:\/\/www.facebook.com\/VOIT.Automotive\/\" \/>\n<meta property=\"article:modified_time\" content=\"2024-07-30T08:44:22+00:00\" \/>\n<meta name=\"twitter:card\" content=\"summary_large_image\" \/>\n<meta name=\"twitter:label1\" content=\"Estimated reading time\" \/>\n\t<meta name=\"twitter:data1\" content=\"2 minutes\" \/>\n<script type=\"application\/ld+json\" class=\"yoast-schema-graph\">{\"@context\":\"https:\\\/\\\/schema.org\",\"@graph\":[{\"@type\":\"WebPage\",\"@id\":\"https:\\\/\\\/voit.de\\\/en\\\/sustainability\\\/quality-management\\\/\",\"url\":\"https:\\\/\\\/voit.de\\\/en\\\/sustainability\\\/quality-management\\\/\",\"name\":\"Quality Management - VOIT Automotive EN\",\"isPartOf\":{\"@id\":\"https:\\\/\\\/voit.de\\\/en\\\/#website\"},\"datePublished\":\"2018-06-14T08:44:58+00:00\",\"dateModified\":\"2024-07-30T08:44:22+00:00\",\"description\":\"Qualit\u00e4t, Energieeffizienz und Umweltschutz sind eine Gemeinschaftsaufgabe. Deshalb k\u00fcmmern sich abteilungs\u00fcbergreifend hoch spezialisierte und qualifizierte Mitarbeiter aus den Bereichen Entwicklung, Projektmanagement, Fertigungstechnologie, Logistik, Qualit\u00e4tsmanagement, Energie, Umwelt, Arbeitssicherheit und Betriebswirtschaft tagt\u00e4glich um die Forderungen der gesamten Wertsch\u00f6pfungskette, bis hin zu unseren Kunden.\",\"breadcrumb\":{\"@id\":\"https:\\\/\\\/voit.de\\\/en\\\/sustainability\\\/quality-management\\\/#breadcrumb\"},\"inLanguage\":\"en-GB\",\"potentialAction\":[{\"@type\":\"ReadAction\",\"target\":[\"https:\\\/\\\/voit.de\\\/en\\\/sustainability\\\/quality-management\\\/\"]}]},{\"@type\":\"BreadcrumbList\",\"@id\":\"https:\\\/\\\/voit.de\\\/en\\\/sustainability\\\/quality-management\\\/#breadcrumb\",\"itemListElement\":[{\"@type\":\"ListItem\",\"position\":1,\"name\":\"Home\",\"item\":\"https:\\\/\\\/voit.de\\\/en\\\/\"},{\"@type\":\"ListItem\",\"position\":2,\"name\":\"Sustainability\",\"item\":\"https:\\\/\\\/voit.de\\\/en\\\/sustainability\\\/\"},{\"@type\":\"ListItem\",\"position\":3,\"name\":\"Quality Management\"}]},{\"@type\":\"WebSite\",\"@id\":\"https:\\\/\\\/voit.de\\\/en\\\/#website\",\"url\":\"https:\\\/\\\/voit.de\\\/en\\\/\",\"name\":\"VOIT Automotive EN\",\"description\":\"Technologief\u00fchrer und Entwicklungspartner f\u00fcr Fertigungsprozesse\",\"publisher\":{\"@id\":\"https:\\\/\\\/voit.de\\\/en\\\/#organization\"},\"potentialAction\":[{\"@type\":\"SearchAction\",\"target\":{\"@type\":\"EntryPoint\",\"urlTemplate\":\"https:\\\/\\\/voit.de\\\/en\\\/?s={search_term_string}\"},\"query-input\":{\"@type\":\"PropertyValueSpecification\",\"valueRequired\":true,\"valueName\":\"search_term_string\"}}],\"inLanguage\":\"en-GB\"},{\"@type\":\"Organization\",\"@id\":\"https:\\\/\\\/voit.de\\\/en\\\/#organization\",\"name\":\"VOIT Automotive GmbH\",\"url\":\"https:\\\/\\\/voit.de\\\/en\\\/\",\"logo\":{\"@type\":\"ImageObject\",\"inLanguage\":\"en-GB\",\"@id\":\"https:\\\/\\\/voit.de\\\/en\\\/#\\\/schema\\\/logo\\\/image\\\/\",\"url\":\"https:\\\/\\\/voit.de\\\/en\\\/wp-content\\\/uploads\\\/sites\\\/8\\\/2018\\\/06\\\/wiwe-voit-logo.png\",\"contentUrl\":\"https:\\\/\\\/voit.de\\\/en\\\/wp-content\\\/uploads\\\/sites\\\/8\\\/2018\\\/06\\\/wiwe-voit-logo.png\",\"width\":797,\"height\":285,\"caption\":\"VOIT Automotive GmbH\"},\"image\":{\"@id\":\"https:\\\/\\\/voit.de\\\/en\\\/#\\\/schema\\\/logo\\\/image\\\/\"},\"sameAs\":[\"https:\\\/\\\/www.facebook.com\\\/VOIT.Automotive\\\/\"]}]}<\/script>\n<!-- \/ Yoast SEO plugin. -->","yoast_head_json":{"title":"Quality Management - VOIT Automotive EN","description":"Qualit\u00e4t, Energieeffizienz und Umweltschutz sind eine Gemeinschaftsaufgabe. Deshalb k\u00fcmmern sich abteilungs\u00fcbergreifend hoch spezialisierte und qualifizierte Mitarbeiter aus den Bereichen Entwicklung, Projektmanagement, Fertigungstechnologie, Logistik, Qualit\u00e4tsmanagement, Energie, Umwelt, Arbeitssicherheit und Betriebswirtschaft tagt\u00e4glich um die Forderungen der gesamten Wertsch\u00f6pfungskette, bis hin zu unseren Kunden.","robots":{"index":"index","follow":"follow","max-snippet":"max-snippet:-1","max-image-preview":"max-image-preview:large","max-video-preview":"max-video-preview:-1"},"canonical":"https:\/\/voit.de\/en\/sustainability\/quality-management\/","og_locale":"en_GB","og_type":"article","og_title":"Quality Management - VOIT Automotive EN","og_description":"Qualit\u00e4t, Energieeffizienz und Umweltschutz sind eine Gemeinschaftsaufgabe. Deshalb k\u00fcmmern sich abteilungs\u00fcbergreifend hoch spezialisierte und qualifizierte Mitarbeiter aus den Bereichen Entwicklung, Projektmanagement, Fertigungstechnologie, Logistik, Qualit\u00e4tsmanagement, Energie, Umwelt, Arbeitssicherheit und Betriebswirtschaft tagt\u00e4glich um die Forderungen der gesamten Wertsch\u00f6pfungskette, bis hin zu unseren Kunden.","og_url":"https:\/\/voit.de\/en\/sustainability\/quality-management\/","og_site_name":"VOIT Automotive EN","article_publisher":"https:\/\/www.facebook.com\/VOIT.Automotive\/","article_modified_time":"2024-07-30T08:44:22+00:00","twitter_card":"summary_large_image","twitter_misc":{"Estimated reading time":"2 minutes"},"schema":{"@context":"https:\/\/schema.org","@graph":[{"@type":"WebPage","@id":"https:\/\/voit.de\/en\/sustainability\/quality-management\/","url":"https:\/\/voit.de\/en\/sustainability\/quality-management\/","name":"Quality Management - VOIT Automotive EN","isPartOf":{"@id":"https:\/\/voit.de\/en\/#website"},"datePublished":"2018-06-14T08:44:58+00:00","dateModified":"2024-07-30T08:44:22+00:00","description":"Qualit\u00e4t, Energieeffizienz und Umweltschutz sind eine Gemeinschaftsaufgabe. Deshalb k\u00fcmmern sich abteilungs\u00fcbergreifend hoch spezialisierte und qualifizierte Mitarbeiter aus den Bereichen Entwicklung, Projektmanagement, Fertigungstechnologie, Logistik, Qualit\u00e4tsmanagement, Energie, Umwelt, Arbeitssicherheit und Betriebswirtschaft tagt\u00e4glich um die Forderungen der gesamten Wertsch\u00f6pfungskette, bis hin zu unseren Kunden.","breadcrumb":{"@id":"https:\/\/voit.de\/en\/sustainability\/quality-management\/#breadcrumb"},"inLanguage":"en-GB","potentialAction":[{"@type":"ReadAction","target":["https:\/\/voit.de\/en\/sustainability\/quality-management\/"]}]},{"@type":"BreadcrumbList","@id":"https:\/\/voit.de\/en\/sustainability\/quality-management\/#breadcrumb","itemListElement":[{"@type":"ListItem","position":1,"name":"Home","item":"https:\/\/voit.de\/en\/"},{"@type":"ListItem","position":2,"name":"Sustainability","item":"https:\/\/voit.de\/en\/sustainability\/"},{"@type":"ListItem","position":3,"name":"Quality Management"}]},{"@type":"WebSite","@id":"https:\/\/voit.de\/en\/#website","url":"https:\/\/voit.de\/en\/","name":"VOIT Automotive EN","description":"Technologief\u00fchrer und Entwicklungspartner f\u00fcr Fertigungsprozesse","publisher":{"@id":"https:\/\/voit.de\/en\/#organization"},"potentialAction":[{"@type":"SearchAction","target":{"@type":"EntryPoint","urlTemplate":"https:\/\/voit.de\/en\/?s={search_term_string}"},"query-input":{"@type":"PropertyValueSpecification","valueRequired":true,"valueName":"search_term_string"}}],"inLanguage":"en-GB"},{"@type":"Organization","@id":"https:\/\/voit.de\/en\/#organization","name":"VOIT Automotive GmbH","url":"https:\/\/voit.de\/en\/","logo":{"@type":"ImageObject","inLanguage":"en-GB","@id":"https:\/\/voit.de\/en\/#\/schema\/logo\/image\/","url":"https:\/\/voit.de\/en\/wp-content\/uploads\/sites\/8\/2018\/06\/wiwe-voit-logo.png","contentUrl":"https:\/\/voit.de\/en\/wp-content\/uploads\/sites\/8\/2018\/06\/wiwe-voit-logo.png","width":797,"height":285,"caption":"VOIT Automotive GmbH"},"image":{"@id":"https:\/\/voit.de\/en\/#\/schema\/logo\/image\/"},"sameAs":["https:\/\/www.facebook.com\/VOIT.Automotive\/"]}]}},"publishpress_future_action":{"enabled":false,"date":"2026-05-16 04:24:19","action":"change-status","newStatus":"draft","terms":[],"taxonomy":"","extraData":[]},"publishpress_future_workflow_manual_trigger":{"enabledWorkflows":[]},"_links":{"self":[{"href":"https:\/\/voit.de\/en\/wp-json\/wp\/v2\/pages\/4564","targetHints":{"allow":["GET"]}}],"collection":[{"href":"https:\/\/voit.de\/en\/wp-json\/wp\/v2\/pages"}],"about":[{"href":"https:\/\/voit.de\/en\/wp-json\/wp\/v2\/types\/page"}],"author":[{"embeddable":true,"href":"https:\/\/voit.de\/en\/wp-json\/wp\/v2\/users\/2"}],"replies":[{"embeddable":true,"href":"https:\/\/voit.de\/en\/wp-json\/wp\/v2\/comments?post=4564"}],"version-history":[{"count":36,"href":"https:\/\/voit.de\/en\/wp-json\/wp\/v2\/pages\/4564\/revisions"}],"predecessor-version":[{"id":9108,"href":"https:\/\/voit.de\/en\/wp-json\/wp\/v2\/pages\/4564\/revisions\/9108"}],"up":[{"embeddable":true,"href":"https:\/\/voit.de\/en\/wp-json\/wp\/v2\/pages\/8559"}],"wp:attachment":[{"href":"https:\/\/voit.de\/en\/wp-json\/wp\/v2\/media?parent=4564"}],"curies":[{"name":"wp","href":"https:\/\/api.w.org\/{rel}","templated":true}]}}