{"id":40,"date":"2018-03-20T15:10:11","date_gmt":"2018-03-20T14:10:11","guid":{"rendered":"http:\/\/voit-online.de\/en\/?page_id=40"},"modified":"2024-04-10T14:37:46","modified_gmt":"2024-04-10T12:37:46","slug":"about-us","status":"publish","type":"page","link":"https:\/\/voit.de\/en\/company\/about-us\/","title":{"rendered":"About us"},"content":{"rendered":"<div class=\"wpb-content-wrapper\">[vc_row css_animation=&#8221;fadeIn&#8221;][vc_column width=&#8221;1\/2&#8243;]\t<div class=\"voit-modul voit_vc_full_til\">\n\t\t<div class=\"wrapper  \">\n\t\t\t<div class=\"column content--underimage \">\n\t\t\t\t<a href=\"\/en\/company\/about-us\/company-profile\/\" target=\"\">\n\t\t\t\t\t<img decoding=\"async\" src=\"https:\/\/voit.de\/en\/wp-content\/uploads\/sites\/8\/2018\/05\/unternehmensprofil_555x312px.jpg\" \/>\n\t\t\t\t<\/a>\n\t\t\t\t<div class=\"column__content\">\n\t\t\t\t\t<h4 class=\"headline headline--small\">Company Profile<\/h4>\n\t\t\t\t\t<div class=\"text text--margin\">Our \u201cproduct\u201d as an automotive supplier is \u201cthe process\u201d and our passion is for cars and technology. Our aim is to produce your components economically and in a reliable process.<span class=\"s1\">\r\n<\/span><\/div>\n\t\t\t\t\t\t\t\t\t\t<a href=\"\/en\/company\/about-us\/company-profile\/\" target=\"\">Learn more<\/a>\n\t\t\t\t\t\t\t\t\t<\/div>\n\t\t\t<\/div>\n\t\t<\/div>\n\t<\/div>\n\t[\/vc_column][vc_column width=&#8221;1\/2&#8243;]\t<div class=\"voit-modul voit_vc_full_til\">\n\t\t<div class=\"wrapper  \">\n\t\t\t<div class=\"column content--underimage \">\n\t\t\t\t<a href=\"\/en\/company\/about-us\/management\/\" target=\"\">\n\t\t\t\t\t<img decoding=\"async\" src=\"https:\/\/voit.de\/en\/wp-content\/uploads\/sites\/8\/2018\/05\/geschaeftsfuehrung_555x312px.jpg\" \/>\n\t\t\t\t<\/a>\n\t\t\t\t<div class=\"column__content\">\n\t\t\t\t\t<h4 class=\"headline headline--small\">Management<\/h4>\n\t\t\t\t\t<div class=\"text text--margin\">Flat hierarchies, competence, short decision-making routes, innovative thinking and decisiveness characterize our independent company. Get to know our management!<\/div>\n\t\t\t\t\t\t\t\t\t\t<a href=\"\/en\/company\/about-us\/management\/\" target=\"\">Learn more<\/a>\n\t\t\t\t\t\t\t\t\t<\/div>\n\t\t\t<\/div>\n\t\t<\/div>\n\t<\/div>\n\t[\/vc_column][\/vc_row][vc_row][vc_column]\t<div class=\"space\">\n        <div class=\"space__block hidden-md hidden-sm hidden-xs\" style=\"height:30px\"><\/div>\n        <div class=\"space__block hidden-lg hidden-sm hidden-xs\" style=\"height:30px\"><\/div>\n        <div class=\"space__block hidden-lg hidden-md hidden-xs\" style=\"height:30px\"><\/div>\n        <div class=\"space__block hidden-lg hidden-md hidden-sm\" style=\"height:30px\"><\/div>\n    <\/div>\n\t[\/vc_column][\/vc_row][vc_row css_animation=&#8221;fadeIn&#8221;][vc_column width=&#8221;1\/2&#8243;]\t<div class=\"voit-modul voit_vc_full_til\">\n\t\t<div class=\"wrapper  \">\n\t\t\t<div class=\"column content--underimage \">\n\t\t\t\t<a href=\"\/en\/certificates-awards\/\" target=\"\">\n\t\t\t\t\t<img decoding=\"async\" src=\"https:\/\/voit.de\/en\/wp-content\/uploads\/sites\/8\/2022\/03\/zertifikate2_555x312px.jpg\" \/>\n\t\t\t\t<\/a>\n\t\t\t\t<div class=\"column__content\">\n\t\t\t\t\t<h4 class=\"headline headline--small\">Certificates<\/h4>\n\t\t\t\t\t<div class=\"text text--margin\">VOIT meets all the requirements of the Automotive Industry for approval as an Automotive Supplier and covers the entire supply chain of the Automotive Industry, as well as existing Quality Management Systems worldwide.<\/div>\n\t\t\t\t\t\t\t\t\t\t<a href=\"\/en\/certificates-awards\/\" target=\"\">Learn more<\/a>\n\t\t\t\t\t\t\t\t\t<\/div>\n\t\t\t<\/div>\n\t\t<\/div>\n\t<\/div>\n\t[\/vc_column][vc_column width=&#8221;1\/2&#8243;]\t<div class=\"voit-modul voit_vc_full_til\">\n\t\t<div class=\"wrapper  \">\n\t\t\t<div class=\"column content--underimage \">\n\t\t\t\t<a href=\"\/en\/company\/about-us\/mission-statement\/\" target=\"\">\n\t\t\t\t\t<img decoding=\"async\" src=\"https:\/\/voit.de\/en\/wp-content\/uploads\/sites\/8\/2018\/05\/Leitbild_platzhalter_555x312px.jpg\" \/>\n\t\t\t\t<\/a>\n\t\t\t\t<div class=\"column__content\">\n\t\t\t\t\t<h4 class=\"headline headline--small\">Mission Statement<\/h4>\n\t\t\t\t\t<div class=\"text text--margin\">Strengths such as continuity, personal identification, mutual appreciation, solidarity and resourcefulness form the basis for our international corporate group. <span style=\"color: #ffffff;\">basis for our international corporate group.<\/span><\/div>\n\t\t\t\t\t\t\t\t\t\t<a href=\"\/en\/company\/about-us\/mission-statement\/\" target=\"\">Learn more<\/a>\n\t\t\t\t\t\t\t\t\t<\/div>\n\t\t\t<\/div>\n\t\t<\/div>\n\t<\/div>\n\t[\/vc_column][\/vc_row][vc_row][vc_column]\t<div class=\"space\">\n        <div class=\"space__block hidden-md hidden-sm hidden-xs\" style=\"height:30px\"><\/div>\n        <div class=\"space__block hidden-lg hidden-sm hidden-xs\" style=\"height:30px\"><\/div>\n        <div class=\"space__block hidden-lg hidden-md hidden-xs\" style=\"height:30px\"><\/div>\n        <div class=\"space__block hidden-lg hidden-md hidden-sm\" style=\"height:30px\"><\/div>\n    <\/div>\n\t[\/vc_column][\/vc_row][vc_row css_animation=&#8221;fadeIn&#8221;][vc_column width=&#8221;1\/2&#8243;]\t<div class=\"voit-modul voit_vc_full_til\">\n\t\t<div class=\"wrapper  \">\n\t\t\t<div class=\"column content--underimage \">\n\t\t\t\t<a href=\"\/en\/company\/about-us\/commitment\/\" target=\"\">\n\t\t\t\t\t<img decoding=\"async\" src=\"https:\/\/voit.de\/en\/wp-content\/uploads\/sites\/8\/2018\/05\/Partner_555x312px.jpg\" \/>\n\t\t\t\t<\/a>\n\t\t\t\t<div class=\"column__content\">\n\t\t\t\t\t<h4 class=\"headline headline--small\">Educational Partnerships<\/h4>\n\t\t\t\t\t<div class=\"text text--margin\">Networks create knowledge. Wherever clever minds come together, where tools are optimized by best practices and where research meets industry: this is where innovation happens. Our corporate partnerships create and communicate values and ensure quality.<\/div>\n\t\t\t\t\t\t\t\t\t\t<a href=\"\/en\/company\/about-us\/commitment\/\" target=\"\">Learn more<\/a>\n\t\t\t\t\t\t\t\t\t<\/div>\n\t\t\t<\/div>\n\t\t<\/div>\n\t<\/div>\n\t[\/vc_column][vc_column width=&#8221;1\/2&#8243;]\t<div class=\"voit-modul voit_vc_full_til\">\n\t\t<div class=\"wrapper  \">\n\t\t\t<div class=\"column content--underimage \">\n\t\t\t\t<a href=\"\/en\/company\/about-us\/history\/\" target=\"\">\n\t\t\t\t\t<img decoding=\"async\" src=\"https:\/\/voit.de\/en\/wp-content\/uploads\/sites\/8\/2018\/07\/VOIT-Historie_555x312px.png\" \/>\n\t\t\t\t<\/a>\n\t\t\t\t<div class=\"column__content\">\n\t\t\t\t\t<h4 class=\"headline headline--small\">VOIT History<\/h4>\n\t\t\t\t\t<div class=\"text text--margin\">Gain an insight into the fascinating world of VOIT Automotive and look back on a history which now spans seventy years. <span style=\"color: #ffffff;\">fascinating world of VOIT Automotive and look back on a history which now spans seventy years.<\/span><\/div>\n\t\t\t\t\t\t\t\t\t\t<a href=\"\/en\/company\/about-us\/history\/\" target=\"\">Learn more<\/a>\n\t\t\t\t\t\t\t\t\t<\/div>\n\t\t\t<\/div>\n\t\t<\/div>\n\t<\/div>\n\t[\/vc_column][\/vc_row][vc_row][vc_column]\t<div class=\"space\">\n        <div class=\"space__block hidden-md hidden-sm hidden-xs\" style=\"height:30px\"><\/div>\n        <div class=\"space__block hidden-lg hidden-sm hidden-xs\" style=\"height:30px\"><\/div>\n        <div class=\"space__block hidden-lg hidden-md hidden-xs\" style=\"height:30px\"><\/div>\n        <div class=\"space__block hidden-lg hidden-md hidden-sm\" style=\"height:30px\"><\/div>\n    <\/div>\n\t[\/vc_column][\/vc_row][vc_row css_animation=&#8221;fadeIn&#8221;][vc_column width=&#8221;1\/2&#8243;]\t<div class=\"voit-modul voit_vc_full_til\">\n\t\t<div class=\"wrapper  \">\n\t\t\t<div class=\"column content--underimage \">\n\t\t\t\t<a href=\"\/en\/sustainability\/\" target=\"\">\n\t\t\t\t\t<img decoding=\"async\" src=\"https:\/\/voit.de\/en\/wp-content\/uploads\/sites\/8\/2018\/05\/Energie-und-Umweltpolitik_555x312px.jpg\" \/>\n\t\t\t\t<\/a>\n\t\t\t\t<div class=\"column__content\">\n\t\t\t\t\t<h4 class=\"headline headline--small\">Sustainability<\/h4>\n\t\t\t\t\t<div class=\"text text--margin\">We understand the sustainable use of resources as an obligation but also as an opportunity for new fields of application for our technologies.<\/div>\n\t\t\t\t\t\t\t\t\t\t<a href=\"\/en\/sustainability\/\" target=\"\">Learn more<\/a>\n\t\t\t\t\t\t\t\t\t<\/div>\n\t\t\t<\/div>\n\t\t<\/div>\n\t<\/div>\n\t[\/vc_column][vc_column width=&#8221;1\/2&#8243;]\t<div class=\"voit-modul voit_vc_full_til\">\n\t\t<div class=\"wrapper  \">\n\t\t\t<div class=\"column content--underimage \">\n\t\t\t\t<a href=\"\/en\/sustainability\/social-responsibility\/voit-presence\/\" target=\"\">\n\t\t\t\t\t<img decoding=\"async\" src=\"https:\/\/voit.de\/en\/wp-content\/uploads\/sites\/8\/2018\/05\/VOIT-Praesenz_555x312px.jpg\" \/>\n\t\t\t\t<\/a>\n\t\t\t\t<div class=\"column__content\">\n\t\t\t\t\t<h4 class=\"headline headline--small\">VOIT Presence<\/h4>\n\t\t\t\t\t<div class=\"text text--margin\">Share knowledge: As part of its corporate responsibility within society, VOIT has a strong commitment to various committees, associations, organisations and universities.<\/div>\n\t\t\t\t\t\t\t\t\t\t<a href=\"\/en\/sustainability\/social-responsibility\/voit-presence\/\" target=\"\">Learn more<\/a>\n\t\t\t\t\t\t\t\t\t<\/div>\n\t\t\t<\/div>\n\t\t<\/div>\n\t<\/div>\n\t[\/vc_column][\/vc_row][vc_row][vc_column]\t<div class=\"space\">\n        <div class=\"space__block hidden-md hidden-sm hidden-xs\" style=\"height:100px\"><\/div>\n        <div class=\"space__block hidden-lg hidden-sm hidden-xs\" style=\"height:105px\"><\/div>\n        <div class=\"space__block hidden-lg hidden-md hidden-xs\" style=\"height:50px\"><\/div>\n        <div class=\"space__block hidden-lg hidden-md hidden-sm\" style=\"height:50px\"><\/div>\n    <\/div>\n\t[\/vc_column][\/vc_row][vc_row css_animation=&#8221;fadeIn&#8221; bg_type=&#8221;image&#8221; parallax_style=&#8221;vcpb-vz-jquery&#8221; bg_image_new=&#8221;id^2233|url^https:\/\/voit.de\/en\/wp-content\/uploads\/sites\/8\/2018\/05\/parallax_bg2_2048x1080px.jpg|caption^null|alt^null|title^parallax_bg2_2048x1080px|description^null&#8221; bg_image_repeat=&#8221;no-repeat&#8221; parallax_sense=&#8221;25&#8243; bg_override=&#8221;full&#8221;][vc_column]\t<div class=\"space\">\n        <div class=\"space__block hidden-md hidden-sm hidden-xs\" style=\"height:50px\"><\/div>\n        <div class=\"space__block hidden-lg hidden-sm hidden-xs\" style=\"height:35px\"><\/div>\n        <div class=\"space__block hidden-lg hidden-md hidden-xs\" style=\"height:35px\"><\/div>\n        <div class=\"space__block hidden-lg hidden-md hidden-sm\" style=\"height:35px\"><\/div>\n    <\/div>\n\t[vc_row_inner][vc_column_inner width=&#8221;1\/2&#8243;][vc_column_text]\r\n<h3><span style=\"color: #89ba17;\"><strong>60<\/strong><\/span> <span style=\"color: #999999;\">countries have VOIT inside<\/span><\/h3>\r\n[\/vc_column_text][\/vc_column_inner][vc_column_inner width=&#8221;1\/2&#8243;][\/vc_column_inner][\/vc_row_inner]\t<div class=\"voit-modul voit_vc_image\">\n\t\t<div class=\"image\">\n\t\t\t\t\t\t\t<img decoding=\"async\" src=\"https:\/\/voit.de\/en\/wp-content\/uploads\/sites\/8\/2018\/05\/VOIT_Teile_Weltweit_2018.png\" \/>\n\t\t\t\t\t\t<\/div>\n\t<\/div>\n\t[vc_row_inner][vc_column_inner width=&#8221;1\/2&#8243;][\/vc_column_inner][vc_column_inner width=&#8221;1\/2&#8243;][vc_column_text]\r\n<h3><strong><span style=\"color: #89ba17;\">65%<\/span><\/strong>\u00a0<span style=\"color: #999999;\">of leading companies worldwide place their confidence in VOIT\r\n<\/span><\/h3>\r\n[\/vc_column_text][\/vc_column_inner][\/vc_row_inner]\t<div class=\"space\">\n        <div class=\"space__block hidden-md hidden-sm hidden-xs\" style=\"height:50px\"><\/div>\n        <div class=\"space__block hidden-lg hidden-sm hidden-xs\" style=\"height:35px\"><\/div>\n        <div class=\"space__block hidden-lg hidden-md hidden-xs\" style=\"height:35px\"><\/div>\n        <div class=\"space__block hidden-lg hidden-md hidden-sm\" style=\"height:35px\"><\/div>\n    <\/div>\n\t[\/vc_column][\/vc_row][vc_row][vc_column]\t<div class=\"space\">\n        <div class=\"space__block hidden-md hidden-sm hidden-xs\" style=\"height:250px\"><\/div>\n        <div class=\"space__block hidden-lg hidden-sm hidden-xs\" style=\"height:105px\"><\/div>\n        <div class=\"space__block hidden-lg hidden-md hidden-xs\" style=\"height:50px\"><\/div>\n        <div class=\"space__block hidden-lg hidden-md hidden-sm\" style=\"height:50px\"><\/div>\n    <\/div>\n\t[\/vc_column][\/vc_row]<\/div>","protected":false},"excerpt":{"rendered":"<p>[vc_row css_animation=&#8221;fadeIn&#8221;][vc_column width=&#8221;1\/2&#8243;][\/vc_column][vc_column width=&#8221;1\/2&#8243;][\/vc_column][\/vc_row][vc_row][vc_column][\/vc_column][\/vc_row][vc_row css_animation=&#8221;fadeIn&#8221;][vc_column width=&#8221;1\/2&#8243;][\/vc_column][vc_column width=&#8221;1\/2&#8243;][\/vc_column][\/vc_row][vc_row][vc_column][\/vc_column][\/vc_row][vc_row css_animation=&#8221;fadeIn&#8221;][vc_column width=&#8221;1\/2&#8243;][\/vc_column][vc_column width=&#8221;1\/2&#8243;][\/vc_column][\/vc_row][vc_row][vc_column][\/vc_column][\/vc_row][vc_row css_animation=&#8221;fadeIn&#8221;][vc_column width=&#8221;1\/2&#8243;][\/vc_column][vc_column width=&#8221;1\/2&#8243;][\/vc_column][\/vc_row][vc_row][vc_column][\/vc_column][\/vc_row][vc_row css_animation=&#8221;fadeIn&#8221; bg_type=&#8221;image&#8221; parallax_style=&#8221;vcpb-vz-jquery&#8221; bg_image_new=&#8221;id^2233|url^https:\/\/voit.de\/en\/wp-content\/uploads\/sites\/8\/2018\/05\/parallax_bg2_2048x1080px.jpg|caption^null|alt^null|title^parallax_bg2_2048x1080px|description^null&#8221; bg_image_repeat=&#8221;no-repeat&#8221; parallax_sense=&#8221;25&#8243; bg_override=&#8221;full&#8221;][vc_column][vc_row_inner][vc_column_inner width=&#8221;1\/2&#8243;][vc_column_text] 60 countries have VOIT inside [\/vc_column_text][\/vc_column_inner][vc_column_inner width=&#8221;1\/2&#8243;][\/vc_column_inner][\/vc_row_inner][vc_row_inner][vc_column_inner width=&#8221;1\/2&#8243;][\/vc_column_inner][vc_column_inner width=&#8221;1\/2&#8243;][vc_column_text] 65%\u00a0of leading companies worldwide place their confidence in VOIT [\/vc_column_text][\/vc_column_inner][\/vc_row_inner][\/vc_column][\/vc_row][vc_row][vc_column][\/vc_column][\/vc_row]<\/p>\n","protected":false},"author":2,"featured_media":0,"parent":36,"menu_order":0,"comment_status":"closed","ping_status":"closed","template":"","meta":{"_acf_changed":false,"footnotes":""},"class_list":["post-40","page","type-page","status-publish","hentry"],"acf":[],"yoast_head":"<!-- This site is optimized with the Yoast SEO plugin v27.3 - https:\/\/yoast.com\/product\/yoast-seo-wordpress\/ -->\n<title>\u00dcber uns - 65% der weltweit f\u00fchrenden Hersteller vertrauen VOIT<\/title>\n<meta name=\"description\" content=\"Elektromobilit\u00e4t und autonomes Fahren sind der automobile Zukunftstrend und \u201eelektrisieren\u201c Autofahrer, OEM und Zulieferer.\" \/>\n<meta name=\"robots\" content=\"index, follow, max-snippet:-1, max-image-preview:large, max-video-preview:-1\" \/>\n<link rel=\"canonical\" href=\"https:\/\/voit.de\/en\/company\/about-us\/\" \/>\n<meta property=\"og:locale\" content=\"en_GB\" \/>\n<meta property=\"og:type\" content=\"article\" \/>\n<meta property=\"og:title\" content=\"\u00dcber uns - 65% der weltweit f\u00fchrenden Hersteller vertrauen VOIT\" \/>\n<meta property=\"og:description\" content=\"Elektromobilit\u00e4t und autonomes Fahren sind der automobile Zukunftstrend und \u201eelektrisieren\u201c Autofahrer, OEM und Zulieferer.\" \/>\n<meta property=\"og:url\" content=\"https:\/\/voit.de\/en\/company\/about-us\/\" \/>\n<meta property=\"og:site_name\" content=\"VOIT Automotive EN\" \/>\n<meta property=\"article:publisher\" content=\"https:\/\/www.facebook.com\/VOIT.Automotive\/\" \/>\n<meta property=\"article:modified_time\" content=\"2024-04-10T12:37:46+00:00\" \/>\n<meta name=\"twitter:card\" content=\"summary_large_image\" \/>\n<meta name=\"twitter:label1\" content=\"Estimated reading time\" \/>\n\t<meta name=\"twitter:data1\" content=\"4 minutes\" \/>\n<script type=\"application\/ld+json\" class=\"yoast-schema-graph\">{\"@context\":\"https:\\\/\\\/schema.org\",\"@graph\":[{\"@type\":\"WebPage\",\"@id\":\"https:\\\/\\\/voit.de\\\/en\\\/company\\\/about-us\\\/\",\"url\":\"https:\\\/\\\/voit.de\\\/en\\\/company\\\/about-us\\\/\",\"name\":\"\u00dcber uns - 65% der weltweit f\u00fchrenden Hersteller vertrauen VOIT\",\"isPartOf\":{\"@id\":\"https:\\\/\\\/voit.de\\\/en\\\/#website\"},\"datePublished\":\"2018-03-20T14:10:11+00:00\",\"dateModified\":\"2024-04-10T12:37:46+00:00\",\"description\":\"Elektromobilit\u00e4t und autonomes Fahren sind der automobile Zukunftstrend und \u201eelektrisieren\u201c Autofahrer, OEM und Zulieferer.\",\"breadcrumb\":{\"@id\":\"https:\\\/\\\/voit.de\\\/en\\\/company\\\/about-us\\\/#breadcrumb\"},\"inLanguage\":\"en-GB\",\"potentialAction\":[{\"@type\":\"ReadAction\",\"target\":[\"https:\\\/\\\/voit.de\\\/en\\\/company\\\/about-us\\\/\"]}]},{\"@type\":\"BreadcrumbList\",\"@id\":\"https:\\\/\\\/voit.de\\\/en\\\/company\\\/about-us\\\/#breadcrumb\",\"itemListElement\":[{\"@type\":\"ListItem\",\"position\":1,\"name\":\"Home\",\"item\":\"https:\\\/\\\/voit.de\\\/en\\\/\"},{\"@type\":\"ListItem\",\"position\":2,\"name\":\"Company\",\"item\":\"https:\\\/\\\/voit.de\\\/en\\\/company\\\/\"},{\"@type\":\"ListItem\",\"position\":3,\"name\":\"About us\"}]},{\"@type\":\"WebSite\",\"@id\":\"https:\\\/\\\/voit.de\\\/en\\\/#website\",\"url\":\"https:\\\/\\\/voit.de\\\/en\\\/\",\"name\":\"VOIT Automotive EN\",\"description\":\"Technologief\u00fchrer und Entwicklungspartner f\u00fcr Fertigungsprozesse\",\"publisher\":{\"@id\":\"https:\\\/\\\/voit.de\\\/en\\\/#organization\"},\"potentialAction\":[{\"@type\":\"SearchAction\",\"target\":{\"@type\":\"EntryPoint\",\"urlTemplate\":\"https:\\\/\\\/voit.de\\\/en\\\/?s={search_term_string}\"},\"query-input\":{\"@type\":\"PropertyValueSpecification\",\"valueRequired\":true,\"valueName\":\"search_term_string\"}}],\"inLanguage\":\"en-GB\"},{\"@type\":\"Organization\",\"@id\":\"https:\\\/\\\/voit.de\\\/en\\\/#organization\",\"name\":\"VOIT Automotive GmbH\",\"url\":\"https:\\\/\\\/voit.de\\\/en\\\/\",\"logo\":{\"@type\":\"ImageObject\",\"inLanguage\":\"en-GB\",\"@id\":\"https:\\\/\\\/voit.de\\\/en\\\/#\\\/schema\\\/logo\\\/image\\\/\",\"url\":\"https:\\\/\\\/voit.de\\\/en\\\/wp-content\\\/uploads\\\/sites\\\/8\\\/2018\\\/06\\\/wiwe-voit-logo.png\",\"contentUrl\":\"https:\\\/\\\/voit.de\\\/en\\\/wp-content\\\/uploads\\\/sites\\\/8\\\/2018\\\/06\\\/wiwe-voit-logo.png\",\"width\":797,\"height\":285,\"caption\":\"VOIT Automotive GmbH\"},\"image\":{\"@id\":\"https:\\\/\\\/voit.de\\\/en\\\/#\\\/schema\\\/logo\\\/image\\\/\"},\"sameAs\":[\"https:\\\/\\\/www.facebook.com\\\/VOIT.Automotive\\\/\"]}]}<\/script>\n<!-- \/ Yoast SEO plugin. -->","yoast_head_json":{"title":"\u00dcber uns - 65% der weltweit f\u00fchrenden Hersteller vertrauen VOIT","description":"Elektromobilit\u00e4t und autonomes Fahren sind der automobile Zukunftstrend und \u201eelektrisieren\u201c Autofahrer, OEM und Zulieferer.","robots":{"index":"index","follow":"follow","max-snippet":"max-snippet:-1","max-image-preview":"max-image-preview:large","max-video-preview":"max-video-preview:-1"},"canonical":"https:\/\/voit.de\/en\/company\/about-us\/","og_locale":"en_GB","og_type":"article","og_title":"\u00dcber uns - 65% der weltweit f\u00fchrenden Hersteller vertrauen VOIT","og_description":"Elektromobilit\u00e4t und autonomes Fahren sind der automobile Zukunftstrend und \u201eelektrisieren\u201c Autofahrer, OEM und Zulieferer.","og_url":"https:\/\/voit.de\/en\/company\/about-us\/","og_site_name":"VOIT Automotive EN","article_publisher":"https:\/\/www.facebook.com\/VOIT.Automotive\/","article_modified_time":"2024-04-10T12:37:46+00:00","twitter_card":"summary_large_image","twitter_misc":{"Estimated reading time":"4 minutes"},"schema":{"@context":"https:\/\/schema.org","@graph":[{"@type":"WebPage","@id":"https:\/\/voit.de\/en\/company\/about-us\/","url":"https:\/\/voit.de\/en\/company\/about-us\/","name":"\u00dcber uns - 65% der weltweit f\u00fchrenden Hersteller vertrauen VOIT","isPartOf":{"@id":"https:\/\/voit.de\/en\/#website"},"datePublished":"2018-03-20T14:10:11+00:00","dateModified":"2024-04-10T12:37:46+00:00","description":"Elektromobilit\u00e4t und autonomes Fahren sind der automobile Zukunftstrend und \u201eelektrisieren\u201c Autofahrer, OEM und Zulieferer.","breadcrumb":{"@id":"https:\/\/voit.de\/en\/company\/about-us\/#breadcrumb"},"inLanguage":"en-GB","potentialAction":[{"@type":"ReadAction","target":["https:\/\/voit.de\/en\/company\/about-us\/"]}]},{"@type":"BreadcrumbList","@id":"https:\/\/voit.de\/en\/company\/about-us\/#breadcrumb","itemListElement":[{"@type":"ListItem","position":1,"name":"Home","item":"https:\/\/voit.de\/en\/"},{"@type":"ListItem","position":2,"name":"Company","item":"https:\/\/voit.de\/en\/company\/"},{"@type":"ListItem","position":3,"name":"About us"}]},{"@type":"WebSite","@id":"https:\/\/voit.de\/en\/#website","url":"https:\/\/voit.de\/en\/","name":"VOIT Automotive EN","description":"Technologief\u00fchrer und Entwicklungspartner f\u00fcr Fertigungsprozesse","publisher":{"@id":"https:\/\/voit.de\/en\/#organization"},"potentialAction":[{"@type":"SearchAction","target":{"@type":"EntryPoint","urlTemplate":"https:\/\/voit.de\/en\/?s={search_term_string}"},"query-input":{"@type":"PropertyValueSpecification","valueRequired":true,"valueName":"search_term_string"}}],"inLanguage":"en-GB"},{"@type":"Organization","@id":"https:\/\/voit.de\/en\/#organization","name":"VOIT Automotive GmbH","url":"https:\/\/voit.de\/en\/","logo":{"@type":"ImageObject","inLanguage":"en-GB","@id":"https:\/\/voit.de\/en\/#\/schema\/logo\/image\/","url":"https:\/\/voit.de\/en\/wp-content\/uploads\/sites\/8\/2018\/06\/wiwe-voit-logo.png","contentUrl":"https:\/\/voit.de\/en\/wp-content\/uploads\/sites\/8\/2018\/06\/wiwe-voit-logo.png","width":797,"height":285,"caption":"VOIT Automotive GmbH"},"image":{"@id":"https:\/\/voit.de\/en\/#\/schema\/logo\/image\/"},"sameAs":["https:\/\/www.facebook.com\/VOIT.Automotive\/"]}]}},"publishpress_future_action":{"enabled":false,"date":"2026-04-30 11:03:54","action":"change-status","newStatus":"draft","terms":[],"taxonomy":"","extraData":[]},"publishpress_future_workflow_manual_trigger":{"enabledWorkflows":[]},"_links":{"self":[{"href":"https:\/\/voit.de\/en\/wp-json\/wp\/v2\/pages\/40","targetHints":{"allow":["GET"]}}],"collection":[{"href":"https:\/\/voit.de\/en\/wp-json\/wp\/v2\/pages"}],"about":[{"href":"https:\/\/voit.de\/en\/wp-json\/wp\/v2\/types\/page"}],"author":[{"embeddable":true,"href":"https:\/\/voit.de\/en\/wp-json\/wp\/v2\/users\/2"}],"replies":[{"embeddable":true,"href":"https:\/\/voit.de\/en\/wp-json\/wp\/v2\/comments?post=40"}],"version-history":[{"count":118,"href":"https:\/\/voit.de\/en\/wp-json\/wp\/v2\/pages\/40\/revisions"}],"predecessor-version":[{"id":9025,"href":"https:\/\/voit.de\/en\/wp-json\/wp\/v2\/pages\/40\/revisions\/9025"}],"up":[{"embeddable":true,"href":"https:\/\/voit.de\/en\/wp-json\/wp\/v2\/pages\/36"}],"wp:attachment":[{"href":"https:\/\/voit.de\/en\/wp-json\/wp\/v2\/media?parent=40"}],"curies":[{"name":"wp","href":"https:\/\/api.w.org\/{rel}","templated":true}]}}