{"id":38,"date":"2018-03-20T15:09:58","date_gmt":"2018-03-20T14:09:58","guid":{"rendered":"http:\/\/voit-online.de\/en\/?page_id=38"},"modified":"2022-03-17T13:08:50","modified_gmt":"2022-03-17T12:08:50","slug":"social-responsibility","status":"publish","type":"page","link":"https:\/\/voit.de\/en\/sustainability\/social-responsibility\/","title":{"rendered":"Social Responsibility"},"content":{"rendered":"<div class=\"wpb-content-wrapper\">[vc_row css_animation=&#8221;fadeIn&#8221;][vc_column width=&#8221;1\/2&#8243;]\t<div class=\"voit-modul voit_vc_full_til\">\n\t\t<div class=\"wrapper  \">\n\t\t\t<div class=\"column content--underimage \">\n\t\t\t\t<a href=\"\/en\/sustainability\/social-responsibility\/wissenswerkstatt-saarbruecken\/\" target=\"\">\n\t\t\t\t\t<img decoding=\"async\" src=\"https:\/\/voit.de\/en\/wp-content\/uploads\/sites\/8\/2018\/05\/wiwe_sb_555x312px.jpg\" \/>\n\t\t\t\t<\/a>\n\t\t\t\t<div class=\"column__content\">\n\t\t\t\t\t<h4 class=\"headline headline--small\">Knowledge Workshop Saarbr\u00fccken<\/h4>\n\t\t\t\t\t<div class=\"text text--margin\">\r\n<p class=\"p1\"><span class=\"s1\">In the knowledge workshop, children and youngsters can experience scientific and technical phenomena live and carry out tests and projects themselves. <span style=\"color: #ffffff;\">out tests and projects themselves.<\/span><\/span><\/p>\r\n<\/div>\n\t\t\t\t\t\t\t\t\t\t<a href=\"\/en\/sustainability\/social-responsibility\/wissenswerkstatt-saarbruecken\/\" target=\"\">Learn more<\/a>\n\t\t\t\t\t\t\t\t\t<\/div>\n\t\t\t<\/div>\n\t\t<\/div>\n\t<\/div>\n\t[\/vc_column][vc_column width=&#8221;1\/2&#8243;]\t<div class=\"voit-modul voit_vc_full_til\">\n\t\t<div class=\"wrapper  \">\n\t\t\t<div class=\"column content--underimage \">\n\t\t\t\t<a href=\"\/en\/sustainability\/social-responsibility\/charity-projects\/\" target=\"\">\n\t\t\t\t\t<img decoding=\"async\" src=\"https:\/\/voit.de\/en\/wp-content\/uploads\/sites\/8\/2022\/03\/benefizprojekte_neu_555x312px.jpg\" \/>\n\t\t\t\t<\/a>\n\t\t\t\t<div class=\"column__content\">\n\t\t\t\t\t<h4 class=\"headline headline--small\">Charity Projects<\/h4>\n\t\t\t\t\t<div class=\"text text--margin\">\r\n<p class=\"p1\"><span class=\"s1\">The VOIT employees have been supporting the association \u201cKangaroo Kids\u201d at the hospital in Saarbr\u00fccken since 1997 with the proceeds from their annual Christmas raffle.<\/span><\/p>\r\n<\/div>\n\t\t\t\t\t\t\t\t\t\t<a href=\"\/en\/sustainability\/social-responsibility\/charity-projects\/\" target=\"\">Learn more<\/a>\n\t\t\t\t\t\t\t\t\t<\/div>\n\t\t\t<\/div>\n\t\t<\/div>\n\t<\/div>\n\t[\/vc_column][\/vc_row][vc_row][vc_column]\t<div class=\"space\">\n        <div class=\"space__block hidden-md hidden-sm hidden-xs\" style=\"height:30px\"><\/div>\n        <div class=\"space__block hidden-lg hidden-sm hidden-xs\" style=\"height:30px\"><\/div>\n        <div class=\"space__block hidden-lg hidden-md hidden-xs\" style=\"height:30px\"><\/div>\n        <div class=\"space__block hidden-lg hidden-md hidden-sm\" style=\"height:30px\"><\/div>\n    <\/div>\n\t[\/vc_column][\/vc_row][vc_row css_animation=&#8221;fadeIn&#8221;][vc_column width=&#8221;1\/2&#8243;]\t<div class=\"voit-modul voit_vc_full_til\">\n\t\t<div class=\"wrapper  \">\n\t\t\t<div class=\"column content--underimage \">\n\t\t\t\t<a href=\"\/en\/sustainability\/social-responsibility\/solidarity-runs\/\" target=\"\">\n\t\t\t\t\t<img decoding=\"async\" src=\"https:\/\/voit.de\/en\/wp-content\/uploads\/sites\/8\/2018\/05\/solidarita\u0308tsleaufe2_555x312px.jpg\" \/>\n\t\t\t\t<\/a>\n\t\t\t\t<div class=\"column__content\">\n\t\t\t\t\t<h4 class=\"headline headline--small\">Solidarity Runs<\/h4>\n\t\t\t\t\t<div class=\"text text--margin\">\r\n<p class=\"p1\"><span class=\"s1\">For many years now, by running and donating the proceeds of the 24-hour solidarity run in St Ingbert, employees at VOIT, who are running enthusiasts, have been supporting a project by the local parishes which are committed to a new charity project every year.<\/span><\/p>\r\n<\/div>\n\t\t\t\t\t\t\t\t\t\t<a href=\"\/en\/sustainability\/social-responsibility\/solidarity-runs\/\" target=\"\">Learn more<\/a>\n\t\t\t\t\t\t\t\t\t<\/div>\n\t\t\t<\/div>\n\t\t<\/div>\n\t<\/div>\n\t[\/vc_column][vc_column width=&#8221;1\/2&#8243;]\t<div class=\"voit-modul voit_vc_full_til\">\n\t\t<div class=\"wrapper  \">\n\t\t\t<div class=\"column content--underimage \">\n\t\t\t\t<a href=\"\/en\/sustainability\/social-responsibility\/support-for-education\/\" target=\"\">\n\t\t\t\t\t<img decoding=\"async\" src=\"https:\/\/voit.de\/en\/wp-content\/uploads\/sites\/8\/2018\/05\/hochschulfeorderung_555x312px.jpg\" \/>\n\t\t\t\t<\/a>\n\t\t\t\t<div class=\"column__content\">\n\t\t\t\t\t<h4 class=\"headline headline--small\">Support for Education and Higher Education<\/h4>\n\t\t\t\t\t<div class=\"text text--margin\">\r\n<p class=\"p1\"><span class=\"s1\">Our commitment to higher education focuses on projects by universities and students in automotive fields such as the cross-university project \u201cEvolution Racing Team\u201d in which students develop their own electric racing vehicles.<\/span><\/p>\r\n<\/div>\n\t\t\t\t\t\t\t\t\t\t<a href=\"\/en\/sustainability\/social-responsibility\/support-for-education\/\" target=\"\">Learn more<\/a>\n\t\t\t\t\t\t\t\t\t<\/div>\n\t\t\t<\/div>\n\t\t<\/div>\n\t<\/div>\n\t[\/vc_column][\/vc_row][vc_row][vc_column]\t<div class=\"space\">\n        <div class=\"space__block hidden-md hidden-sm hidden-xs\" style=\"height:30px\"><\/div>\n        <div class=\"space__block hidden-lg hidden-sm hidden-xs\" style=\"height:30px\"><\/div>\n        <div class=\"space__block hidden-lg hidden-md hidden-xs\" style=\"height:30px\"><\/div>\n        <div class=\"space__block hidden-lg hidden-md hidden-sm\" style=\"height:30px\"><\/div>\n    <\/div>\n\t[\/vc_column][\/vc_row][vc_row css_animation=&#8221;fadeIn&#8221;][vc_column width=&#8221;1\/2&#8243;]\t<div class=\"voit-modul voit_vc_full_til\">\n\t\t<div class=\"wrapper  \">\n\t\t\t<div class=\"column content--underimage \">\n\t\t\t\t<a href=\"\/en\/sustainability\/social-responsibility\/youth-promotion\/\" target=\"\">\n\t\t\t\t\t<img decoding=\"async\" src=\"https:\/\/voit.de\/en\/wp-content\/uploads\/sites\/8\/2018\/05\/jugendfeorderung_555x312px.jpg\" \/>\n\t\t\t\t<\/a>\n\t\t\t\t<div class=\"column__content\">\n\t\t\t\t\t<h4 class=\"headline headline--small\">Youth Promotion<\/h4>\n\t\t\t\t\t<div class=\"text text--margin\">\r\n<p class=\"p1\"><span class=\"s1\">Performance which connects: For some years now, VOIT has been sponsoring a youngster in the automotive field \u2013 the Saarland-based racing talent, Cedric Piro. After being a very successful go-cart and formula 4 driver (in the talent squad of the German Automobile Association ADAC), since 2018, he has been focusing on the TCR Europe. <\/span><\/p>\r\n<\/div>\n\t\t\t\t\t\t\t\t\t\t<a href=\"\/en\/sustainability\/social-responsibility\/youth-promotion\/\" target=\"\">Learn more<\/a>\n\t\t\t\t\t\t\t\t\t<\/div>\n\t\t\t<\/div>\n\t\t<\/div>\n\t<\/div>\n\t[\/vc_column][vc_column width=&#8221;1\/2&#8243;]\t<div class=\"voit-modul voit_vc_full_til\">\n\t\t<div class=\"wrapper  \">\n\t\t\t<div class=\"column content--underimage \">\n\t\t\t\t<a href=\"\/en\/sustainability\/social-responsibility\/company-sport\/\" target=\"\">\n\t\t\t\t\t<img decoding=\"async\" src=\"https:\/\/voit.de\/en\/wp-content\/uploads\/sites\/8\/2018\/05\/betriebssport_555x312px.jpg\" \/>\n\t\t\t\t<\/a>\n\t\t\t\t<div class=\"column__content\">\n\t\t\t\t\t<h4 class=\"headline headline--small\">Company Sport<\/h4>\n\t\t\t\t\t<div class=\"text text--margin\">\r\n<p class=\"p1\"><span class=\"s1\">It is not the high performance in sport but rather sporting spirit and social interaction which is the focus of company sport at VOIT. Highlights here are running events and company sport tournaments and, of course, the annual friendly game &#8211; VOIT versus ZF. <span style=\"color: #ffffff;\">Highlights here are running events and company sport tournaments and, of course, the annual friendly game &#8211; VOIT versus ZF.<\/span>\r\n<\/span><\/p>\r\n<\/div>\n\t\t\t\t\t\t\t\t\t\t<a href=\"\/en\/sustainability\/social-responsibility\/company-sport\/\" target=\"\">Learn more<\/a>\n\t\t\t\t\t\t\t\t\t<\/div>\n\t\t\t<\/div>\n\t\t<\/div>\n\t<\/div>\n\t[\/vc_column][\/vc_row][vc_row][vc_column][\/vc_column][\/vc_row][vc_row][vc_column]\t<div class=\"space\">\n        <div class=\"space__block hidden-md hidden-sm hidden-xs\" style=\"height:100px\"><\/div>\n        <div class=\"space__block hidden-lg hidden-sm hidden-xs\" style=\"height:100px\"><\/div>\n        <div class=\"space__block hidden-lg hidden-md hidden-xs\" style=\"height:100px\"><\/div>\n        <div class=\"space__block hidden-lg hidden-md hidden-sm\" style=\"height:100px\"><\/div>\n    <\/div>\n\t<a class=\"evc-button evc-shortcode Zur\u00fcck zur \u00dcbersicht - EN evc-btn-solid evc-btn-normal evc-btn-has-icon\" href=\"\/en\/sustainability\/\" style=\"font-family: sans-serif;font-size: 14px;font-weight: 700;font-style: normal;text-transform: initial;color: #ffffff;background-color: #89ba17;border-color: #89ba17;border-width: 2px\" data-hover-color=\"#89ba17\" data-hover-background-color=\"#ffffff\" data-hover-border-color=\"#89ba17\">\n\t\t\n\t<span class=\"evc-btn-icon fas fa-arrow-left\"><\/span>\n\t<span class=\"evc-btn-text\">Back to overview<\/span>\n<\/a>\n\t<div class=\"space\">\n        <div class=\"space__block hidden-md hidden-sm hidden-xs\" style=\"height:250px\"><\/div>\n        <div class=\"space__block hidden-lg hidden-sm hidden-xs\" style=\"height:35px\"><\/div>\n        <div class=\"space__block hidden-lg hidden-md hidden-xs\" style=\"height:35px\"><\/div>\n        <div class=\"space__block hidden-lg hidden-md hidden-sm\" style=\"height:35px\"><\/div>\n    <\/div>\n\t[\/vc_column][\/vc_row]<\/div>","protected":false},"excerpt":{"rendered":"<p>[vc_row css_animation=&#8221;fadeIn&#8221;][vc_column width=&#8221;1\/2&#8243;][\/vc_column][vc_column width=&#8221;1\/2&#8243;][\/vc_column][\/vc_row][vc_row][vc_column][\/vc_column][\/vc_row][vc_row css_animation=&#8221;fadeIn&#8221;][vc_column width=&#8221;1\/2&#8243;][\/vc_column][vc_column width=&#8221;1\/2&#8243;][\/vc_column][\/vc_row][vc_row][vc_column][\/vc_column][\/vc_row][vc_row css_animation=&#8221;fadeIn&#8221;][vc_column width=&#8221;1\/2&#8243;][\/vc_column][vc_column width=&#8221;1\/2&#8243;][\/vc_column][\/vc_row][vc_row][vc_column][\/vc_column][\/vc_row][vc_row][vc_column][\/vc_column][\/vc_row]<\/p>\n","protected":false},"author":2,"featured_media":0,"parent":8559,"menu_order":0,"comment_status":"closed","ping_status":"closed","template":"","meta":{"_acf_changed":false,"footnotes":""},"class_list":["post-38","page","type-page","status-publish","hentry"],"acf":[],"yoast_head":"<!-- This site is optimized with the Yoast SEO plugin v27.3 - https:\/\/yoast.com\/product\/yoast-seo-wordpress\/ -->\n<title>Social Responsibility - VOIT Automotive EN<\/title>\n<meta name=\"description\" content=\"VOIT geh\u00f6rt zu den saarl\u00e4ndischen Unternehmen, die sich innerhalb der Firma f\u00fcr die Belange ihrer Mitarbeiter und ressourcenschonendes Arbeiten engagiert.\" \/>\n<meta name=\"robots\" content=\"index, follow, max-snippet:-1, max-image-preview:large, max-video-preview:-1\" \/>\n<link rel=\"canonical\" href=\"https:\/\/voit.de\/en\/sustainability\/social-responsibility\/\" \/>\n<meta property=\"og:locale\" content=\"en_GB\" \/>\n<meta property=\"og:type\" content=\"article\" \/>\n<meta property=\"og:title\" content=\"Social Responsibility - VOIT Automotive EN\" \/>\n<meta property=\"og:description\" content=\"VOIT geh\u00f6rt zu den saarl\u00e4ndischen Unternehmen, die sich innerhalb der Firma f\u00fcr die Belange ihrer Mitarbeiter und ressourcenschonendes Arbeiten engagiert.\" \/>\n<meta property=\"og:url\" content=\"https:\/\/voit.de\/en\/sustainability\/social-responsibility\/\" \/>\n<meta property=\"og:site_name\" content=\"VOIT Automotive EN\" \/>\n<meta property=\"article:publisher\" content=\"https:\/\/www.facebook.com\/VOIT.Automotive\/\" \/>\n<meta property=\"article:modified_time\" content=\"2022-03-17T12:08:50+00:00\" \/>\n<meta name=\"twitter:card\" content=\"summary_large_image\" \/>\n<meta name=\"twitter:label1\" content=\"Estimated reading time\" \/>\n\t<meta name=\"twitter:data1\" content=\"3 minutes\" \/>\n<script type=\"application\/ld+json\" class=\"yoast-schema-graph\">{\"@context\":\"https:\\\/\\\/schema.org\",\"@graph\":[{\"@type\":\"WebPage\",\"@id\":\"https:\\\/\\\/voit.de\\\/en\\\/sustainability\\\/social-responsibility\\\/\",\"url\":\"https:\\\/\\\/voit.de\\\/en\\\/sustainability\\\/social-responsibility\\\/\",\"name\":\"Social Responsibility - VOIT Automotive EN\",\"isPartOf\":{\"@id\":\"https:\\\/\\\/voit.de\\\/en\\\/#website\"},\"datePublished\":\"2018-03-20T14:09:58+00:00\",\"dateModified\":\"2022-03-17T12:08:50+00:00\",\"description\":\"VOIT geh\u00f6rt zu den saarl\u00e4ndischen Unternehmen, die sich innerhalb der Firma f\u00fcr die Belange ihrer Mitarbeiter und ressourcenschonendes Arbeiten engagiert.\",\"breadcrumb\":{\"@id\":\"https:\\\/\\\/voit.de\\\/en\\\/sustainability\\\/social-responsibility\\\/#breadcrumb\"},\"inLanguage\":\"en-GB\",\"potentialAction\":[{\"@type\":\"ReadAction\",\"target\":[\"https:\\\/\\\/voit.de\\\/en\\\/sustainability\\\/social-responsibility\\\/\"]}]},{\"@type\":\"BreadcrumbList\",\"@id\":\"https:\\\/\\\/voit.de\\\/en\\\/sustainability\\\/social-responsibility\\\/#breadcrumb\",\"itemListElement\":[{\"@type\":\"ListItem\",\"position\":1,\"name\":\"Home\",\"item\":\"https:\\\/\\\/voit.de\\\/en\\\/\"},{\"@type\":\"ListItem\",\"position\":2,\"name\":\"Sustainability\",\"item\":\"https:\\\/\\\/voit.de\\\/en\\\/sustainability\\\/\"},{\"@type\":\"ListItem\",\"position\":3,\"name\":\"Social Responsibility\"}]},{\"@type\":\"WebSite\",\"@id\":\"https:\\\/\\\/voit.de\\\/en\\\/#website\",\"url\":\"https:\\\/\\\/voit.de\\\/en\\\/\",\"name\":\"VOIT Automotive EN\",\"description\":\"Technologief\u00fchrer und Entwicklungspartner f\u00fcr Fertigungsprozesse\",\"publisher\":{\"@id\":\"https:\\\/\\\/voit.de\\\/en\\\/#organization\"},\"potentialAction\":[{\"@type\":\"SearchAction\",\"target\":{\"@type\":\"EntryPoint\",\"urlTemplate\":\"https:\\\/\\\/voit.de\\\/en\\\/?s={search_term_string}\"},\"query-input\":{\"@type\":\"PropertyValueSpecification\",\"valueRequired\":true,\"valueName\":\"search_term_string\"}}],\"inLanguage\":\"en-GB\"},{\"@type\":\"Organization\",\"@id\":\"https:\\\/\\\/voit.de\\\/en\\\/#organization\",\"name\":\"VOIT Automotive GmbH\",\"url\":\"https:\\\/\\\/voit.de\\\/en\\\/\",\"logo\":{\"@type\":\"ImageObject\",\"inLanguage\":\"en-GB\",\"@id\":\"https:\\\/\\\/voit.de\\\/en\\\/#\\\/schema\\\/logo\\\/image\\\/\",\"url\":\"https:\\\/\\\/voit.de\\\/en\\\/wp-content\\\/uploads\\\/sites\\\/8\\\/2018\\\/06\\\/wiwe-voit-logo.png\",\"contentUrl\":\"https:\\\/\\\/voit.de\\\/en\\\/wp-content\\\/uploads\\\/sites\\\/8\\\/2018\\\/06\\\/wiwe-voit-logo.png\",\"width\":797,\"height\":285,\"caption\":\"VOIT Automotive GmbH\"},\"image\":{\"@id\":\"https:\\\/\\\/voit.de\\\/en\\\/#\\\/schema\\\/logo\\\/image\\\/\"},\"sameAs\":[\"https:\\\/\\\/www.facebook.com\\\/VOIT.Automotive\\\/\"]}]}<\/script>\n<!-- \/ Yoast SEO plugin. -->","yoast_head_json":{"title":"Social Responsibility - VOIT Automotive EN","description":"VOIT geh\u00f6rt zu den saarl\u00e4ndischen Unternehmen, die sich innerhalb der Firma f\u00fcr die Belange ihrer Mitarbeiter und ressourcenschonendes Arbeiten engagiert.","robots":{"index":"index","follow":"follow","max-snippet":"max-snippet:-1","max-image-preview":"max-image-preview:large","max-video-preview":"max-video-preview:-1"},"canonical":"https:\/\/voit.de\/en\/sustainability\/social-responsibility\/","og_locale":"en_GB","og_type":"article","og_title":"Social Responsibility - VOIT Automotive EN","og_description":"VOIT geh\u00f6rt zu den saarl\u00e4ndischen Unternehmen, die sich innerhalb der Firma f\u00fcr die Belange ihrer Mitarbeiter und ressourcenschonendes Arbeiten engagiert.","og_url":"https:\/\/voit.de\/en\/sustainability\/social-responsibility\/","og_site_name":"VOIT Automotive EN","article_publisher":"https:\/\/www.facebook.com\/VOIT.Automotive\/","article_modified_time":"2022-03-17T12:08:50+00:00","twitter_card":"summary_large_image","twitter_misc":{"Estimated reading time":"3 minutes"},"schema":{"@context":"https:\/\/schema.org","@graph":[{"@type":"WebPage","@id":"https:\/\/voit.de\/en\/sustainability\/social-responsibility\/","url":"https:\/\/voit.de\/en\/sustainability\/social-responsibility\/","name":"Social Responsibility - VOIT Automotive EN","isPartOf":{"@id":"https:\/\/voit.de\/en\/#website"},"datePublished":"2018-03-20T14:09:58+00:00","dateModified":"2022-03-17T12:08:50+00:00","description":"VOIT geh\u00f6rt zu den saarl\u00e4ndischen Unternehmen, die sich innerhalb der Firma f\u00fcr die Belange ihrer Mitarbeiter und ressourcenschonendes Arbeiten engagiert.","breadcrumb":{"@id":"https:\/\/voit.de\/en\/sustainability\/social-responsibility\/#breadcrumb"},"inLanguage":"en-GB","potentialAction":[{"@type":"ReadAction","target":["https:\/\/voit.de\/en\/sustainability\/social-responsibility\/"]}]},{"@type":"BreadcrumbList","@id":"https:\/\/voit.de\/en\/sustainability\/social-responsibility\/#breadcrumb","itemListElement":[{"@type":"ListItem","position":1,"name":"Home","item":"https:\/\/voit.de\/en\/"},{"@type":"ListItem","position":2,"name":"Sustainability","item":"https:\/\/voit.de\/en\/sustainability\/"},{"@type":"ListItem","position":3,"name":"Social Responsibility"}]},{"@type":"WebSite","@id":"https:\/\/voit.de\/en\/#website","url":"https:\/\/voit.de\/en\/","name":"VOIT Automotive EN","description":"Technologief\u00fchrer und Entwicklungspartner f\u00fcr Fertigungsprozesse","publisher":{"@id":"https:\/\/voit.de\/en\/#organization"},"potentialAction":[{"@type":"SearchAction","target":{"@type":"EntryPoint","urlTemplate":"https:\/\/voit.de\/en\/?s={search_term_string}"},"query-input":{"@type":"PropertyValueSpecification","valueRequired":true,"valueName":"search_term_string"}}],"inLanguage":"en-GB"},{"@type":"Organization","@id":"https:\/\/voit.de\/en\/#organization","name":"VOIT Automotive GmbH","url":"https:\/\/voit.de\/en\/","logo":{"@type":"ImageObject","inLanguage":"en-GB","@id":"https:\/\/voit.de\/en\/#\/schema\/logo\/image\/","url":"https:\/\/voit.de\/en\/wp-content\/uploads\/sites\/8\/2018\/06\/wiwe-voit-logo.png","contentUrl":"https:\/\/voit.de\/en\/wp-content\/uploads\/sites\/8\/2018\/06\/wiwe-voit-logo.png","width":797,"height":285,"caption":"VOIT Automotive GmbH"},"image":{"@id":"https:\/\/voit.de\/en\/#\/schema\/logo\/image\/"},"sameAs":["https:\/\/www.facebook.com\/VOIT.Automotive\/"]}]}},"publishpress_future_action":{"enabled":false,"date":"2026-05-13 16:20:36","action":"change-status","newStatus":"draft","terms":[],"taxonomy":"","extraData":[]},"publishpress_future_workflow_manual_trigger":{"enabledWorkflows":[]},"_links":{"self":[{"href":"https:\/\/voit.de\/en\/wp-json\/wp\/v2\/pages\/38","targetHints":{"allow":["GET"]}}],"collection":[{"href":"https:\/\/voit.de\/en\/wp-json\/wp\/v2\/pages"}],"about":[{"href":"https:\/\/voit.de\/en\/wp-json\/wp\/v2\/types\/page"}],"author":[{"embeddable":true,"href":"https:\/\/voit.de\/en\/wp-json\/wp\/v2\/users\/2"}],"replies":[{"embeddable":true,"href":"https:\/\/voit.de\/en\/wp-json\/wp\/v2\/comments?post=38"}],"version-history":[{"count":73,"href":"https:\/\/voit.de\/en\/wp-json\/wp\/v2\/pages\/38\/revisions"}],"predecessor-version":[{"id":8649,"href":"https:\/\/voit.de\/en\/wp-json\/wp\/v2\/pages\/38\/revisions\/8649"}],"up":[{"embeddable":true,"href":"https:\/\/voit.de\/en\/wp-json\/wp\/v2\/pages\/8559"}],"wp:attachment":[{"href":"https:\/\/voit.de\/en\/wp-json\/wp\/v2\/media?parent=38"}],"curies":[{"name":"wp","href":"https:\/\/api.w.org\/{rel}","templated":true}]}}