{"id":1542,"date":"2018-04-20T13:26:25","date_gmt":"2018-04-20T11:26:25","guid":{"rendered":"http:\/\/voit-online.de\/en\/?page_id=1542"},"modified":"2022-03-17T13:27:46","modified_gmt":"2022-03-17T12:27:46","slug":"research-development","status":"publish","type":"page","link":"https:\/\/voit.de\/en\/solutions-new\/technologies\/research-development\/","title":{"rendered":"Research &#038; Development"},"content":{"rendered":"<div class=\"wpb-content-wrapper\">[vc_row css_animation=&#8221;fadeIn&#8221;][vc_column][vc_column_text]\r\n<h2 class=\"csc-firstHeader\">Research &amp; Development <span style=\"color: #89ba17;\"><i class=\"fa fa-lightbulb-o \" ><\/i><\/span><\/h2>\r\n&nbsp;\r\n\r\nInitiated by market analyses, benchmarking and intensive discussions, we are continuously searching for optimized solutions for our clients&#8217; requirements. This is often carried out in cooperation with our clients or partners in industry and research.\r\n\r\n&nbsp;\r\n\r\nThe requirements of the functionality of technical components are constantly increasing and therefore the degree of complexity is also increasing further. It is the aim of the VOIT development department to implement the necessary complexity and to eliminate any unnecessary complexity.\r\n\r\n&nbsp;\r\n\r\nWith this development approach, we are able, time and time again, to implement stable processes for our customer applications. The customer therefore receives a manufacturing process which has been optimized with regard to the process in accordance with the component design presented. The component design and manufacturing process are also evaluated concerning the use of material and, at every stage, lightweight construction trends in the automotive industry are taken into account.\r\n\r\n&nbsp;\r\n<h5>Objectives<\/h5>\r\n<i class=\"fa fa-caret-right \" ><\/i> Focus on the essentials\r\n<i class=\"fa fa-caret-right \" ><\/i> Reduce complexity\r\n<i class=\"fa fa-caret-right \" ><\/i> Increase component functionality\r\n<i class=\"fa fa-caret-right \" ><\/i> Harmonize component design and manufacturing process optimally for production\r\n\r\n&nbsp;\r\n\r\nIn developing the process, we use the latest development methods. Besides finite element calculation for the component, simulations of deformation and solidification as well as process simulations are carried out. A modern CAD-System (Siemens NX) combined with finite element\u00a0calculations and numerical process simulation tools are used as a matter of course.\r\n\r\n&nbsp;\r\n\r\nThe simulation results are evaluated in our laboratory. These include, specifically, material and hardness analyses, metallographic examinations and surface analyses on component cleanness and adhesion of glue\/paint.[\/vc_column_text][\/vc_column][\/vc_row][vc_row][vc_column]\t<div class=\"space\">\n        <div class=\"space__block hidden-md hidden-sm hidden-xs\" style=\"height:100px\"><\/div>\n        <div class=\"space__block hidden-lg hidden-sm hidden-xs\" style=\"height:100px\"><\/div>\n        <div class=\"space__block hidden-lg hidden-md hidden-xs\" style=\"height:100px\"><\/div>\n        <div class=\"space__block hidden-lg hidden-md hidden-sm\" style=\"height:100px\"><\/div>\n    <\/div>\n\t<a class=\"evc-button evc-shortcode Zur\u00fcck zur \u00dcbersicht - EN evc-btn-solid evc-btn-normal evc-btn-has-icon\" href=\"\/en\/solutions\/technologies\/\" style=\"font-family: sans-serif;font-size: 14px;font-weight: 700;font-style: normal;text-transform: initial;color: #ffffff;background-color: #89ba17;border-color: #89ba17;border-width: 2px\" data-hover-color=\"#89ba17\" data-hover-background-color=\"#ffffff\" data-hover-border-color=\"#89ba17\">\n\t\t\n\t<span class=\"evc-btn-icon fas fa-arrow-left\"><\/span>\n\t<span class=\"evc-btn-text\">Back to overview<\/span>\n<\/a>\n\t<div class=\"space\">\n        <div class=\"space__block hidden-md hidden-sm hidden-xs\" style=\"height:250px\"><\/div>\n        <div class=\"space__block hidden-lg hidden-sm hidden-xs\" style=\"height:35px\"><\/div>\n        <div class=\"space__block hidden-lg hidden-md hidden-xs\" style=\"height:35px\"><\/div>\n        <div class=\"space__block hidden-lg hidden-md hidden-sm\" style=\"height:35px\"><\/div>\n    <\/div>\n\t[\/vc_column][\/vc_row]<\/div>","protected":false},"excerpt":{"rendered":"<p>[vc_row css_animation=&#8221;fadeIn&#8221;][vc_column][vc_column_text] Research &amp; Development &nbsp; Initiated by market analyses, benchmarking and intensive discussions, we are continuously searching for optimized solutions for our clients&#8217; requirements. This is often carried out in cooperation with our clients or partners in industry and research. &nbsp; The requirements of the functionality of technical components are constantly increasing and therefore [&hellip;]<\/p>\n","protected":false},"author":2,"featured_media":0,"parent":1534,"menu_order":0,"comment_status":"closed","ping_status":"closed","template":"","meta":{"_acf_changed":false,"footnotes":""},"class_list":["post-1542","page","type-page","status-publish","hentry"],"acf":[],"yoast_head":"<!-- This site is optimized with the Yoast SEO plugin v27.3 - https:\/\/yoast.com\/product\/yoast-seo-wordpress\/ -->\n<title>Research &amp; Development - VOIT Automotive EN<\/title>\n<meta name=\"description\" content=\"Initiiert durch Marktanalysen, Benchmarking und intensive Gespr\u00e4che sind wir kontinuierlich auf der Suche nach optimierten L\u00f6sungen f\u00fcr die Anforderungen unserer Kunden. Dies geschieht h\u00e4ufig in Kooperation mit Kunden oder Partnern aus Industrie und Forschung.\" \/>\n<meta name=\"robots\" content=\"index, follow, max-snippet:-1, max-image-preview:large, max-video-preview:-1\" \/>\n<link rel=\"canonical\" href=\"https:\/\/voit.de\/en\/solutions-new\/technologies\/research-development\/\" \/>\n<meta property=\"og:locale\" content=\"en_GB\" \/>\n<meta property=\"og:type\" content=\"article\" \/>\n<meta property=\"og:title\" content=\"Research &amp; Development - VOIT Automotive EN\" \/>\n<meta property=\"og:description\" content=\"Initiiert durch Marktanalysen, Benchmarking und intensive Gespr\u00e4che sind wir kontinuierlich auf der Suche nach optimierten L\u00f6sungen f\u00fcr die Anforderungen unserer Kunden. Dies geschieht h\u00e4ufig in Kooperation mit Kunden oder Partnern aus Industrie und Forschung.\" \/>\n<meta property=\"og:url\" content=\"https:\/\/voit.de\/en\/solutions-new\/technologies\/research-development\/\" \/>\n<meta property=\"og:site_name\" content=\"VOIT Automotive EN\" \/>\n<meta property=\"article:publisher\" content=\"https:\/\/www.facebook.com\/VOIT.Automotive\/\" \/>\n<meta property=\"article:modified_time\" content=\"2022-03-17T12:27:46+00:00\" \/>\n<meta name=\"twitter:card\" content=\"summary_large_image\" \/>\n<meta name=\"twitter:label1\" content=\"Estimated reading time\" \/>\n\t<meta name=\"twitter:data1\" content=\"2 minutes\" \/>\n<script type=\"application\/ld+json\" class=\"yoast-schema-graph\">{\"@context\":\"https:\\\/\\\/schema.org\",\"@graph\":[{\"@type\":\"WebPage\",\"@id\":\"https:\\\/\\\/voit.de\\\/en\\\/solutions-new\\\/technologies\\\/research-development\\\/\",\"url\":\"https:\\\/\\\/voit.de\\\/en\\\/solutions-new\\\/technologies\\\/research-development\\\/\",\"name\":\"Research & Development - VOIT Automotive EN\",\"isPartOf\":{\"@id\":\"https:\\\/\\\/voit.de\\\/en\\\/#website\"},\"datePublished\":\"2018-04-20T11:26:25+00:00\",\"dateModified\":\"2022-03-17T12:27:46+00:00\",\"description\":\"Initiiert durch Marktanalysen, Benchmarking und intensive Gespr\u00e4che sind wir kontinuierlich auf der Suche nach optimierten L\u00f6sungen f\u00fcr die Anforderungen unserer Kunden. Dies geschieht h\u00e4ufig in Kooperation mit Kunden oder Partnern aus Industrie und Forschung.\",\"breadcrumb\":{\"@id\":\"https:\\\/\\\/voit.de\\\/en\\\/solutions-new\\\/technologies\\\/research-development\\\/#breadcrumb\"},\"inLanguage\":\"en-GB\",\"potentialAction\":[{\"@type\":\"ReadAction\",\"target\":[\"https:\\\/\\\/voit.de\\\/en\\\/solutions-new\\\/technologies\\\/research-development\\\/\"]}]},{\"@type\":\"BreadcrumbList\",\"@id\":\"https:\\\/\\\/voit.de\\\/en\\\/solutions-new\\\/technologies\\\/research-development\\\/#breadcrumb\",\"itemListElement\":[{\"@type\":\"ListItem\",\"position\":1,\"name\":\"Home\",\"item\":\"https:\\\/\\\/voit.de\\\/en\\\/\"},{\"@type\":\"ListItem\",\"position\":2,\"name\":\"Solutions\",\"item\":\"https:\\\/\\\/voit.de\\\/en\\\/solutions-new\\\/\"},{\"@type\":\"ListItem\",\"position\":3,\"name\":\"Technologies\",\"item\":\"https:\\\/\\\/voit.de\\\/en\\\/solutions-new\\\/technologies\\\/\"},{\"@type\":\"ListItem\",\"position\":4,\"name\":\"Research &#038; Development\"}]},{\"@type\":\"WebSite\",\"@id\":\"https:\\\/\\\/voit.de\\\/en\\\/#website\",\"url\":\"https:\\\/\\\/voit.de\\\/en\\\/\",\"name\":\"VOIT Automotive EN\",\"description\":\"Technologief\u00fchrer und Entwicklungspartner f\u00fcr Fertigungsprozesse\",\"publisher\":{\"@id\":\"https:\\\/\\\/voit.de\\\/en\\\/#organization\"},\"potentialAction\":[{\"@type\":\"SearchAction\",\"target\":{\"@type\":\"EntryPoint\",\"urlTemplate\":\"https:\\\/\\\/voit.de\\\/en\\\/?s={search_term_string}\"},\"query-input\":{\"@type\":\"PropertyValueSpecification\",\"valueRequired\":true,\"valueName\":\"search_term_string\"}}],\"inLanguage\":\"en-GB\"},{\"@type\":\"Organization\",\"@id\":\"https:\\\/\\\/voit.de\\\/en\\\/#organization\",\"name\":\"VOIT Automotive GmbH\",\"url\":\"https:\\\/\\\/voit.de\\\/en\\\/\",\"logo\":{\"@type\":\"ImageObject\",\"inLanguage\":\"en-GB\",\"@id\":\"https:\\\/\\\/voit.de\\\/en\\\/#\\\/schema\\\/logo\\\/image\\\/\",\"url\":\"https:\\\/\\\/voit.de\\\/en\\\/wp-content\\\/uploads\\\/sites\\\/8\\\/2018\\\/06\\\/wiwe-voit-logo.png\",\"contentUrl\":\"https:\\\/\\\/voit.de\\\/en\\\/wp-content\\\/uploads\\\/sites\\\/8\\\/2018\\\/06\\\/wiwe-voit-logo.png\",\"width\":797,\"height\":285,\"caption\":\"VOIT Automotive GmbH\"},\"image\":{\"@id\":\"https:\\\/\\\/voit.de\\\/en\\\/#\\\/schema\\\/logo\\\/image\\\/\"},\"sameAs\":[\"https:\\\/\\\/www.facebook.com\\\/VOIT.Automotive\\\/\"]}]}<\/script>\n<!-- \/ Yoast SEO plugin. -->","yoast_head_json":{"title":"Research & Development - VOIT Automotive EN","description":"Initiiert durch Marktanalysen, Benchmarking und intensive Gespr\u00e4che sind wir kontinuierlich auf der Suche nach optimierten L\u00f6sungen f\u00fcr die Anforderungen unserer Kunden. Dies geschieht h\u00e4ufig in Kooperation mit Kunden oder Partnern aus Industrie und Forschung.","robots":{"index":"index","follow":"follow","max-snippet":"max-snippet:-1","max-image-preview":"max-image-preview:large","max-video-preview":"max-video-preview:-1"},"canonical":"https:\/\/voit.de\/en\/solutions-new\/technologies\/research-development\/","og_locale":"en_GB","og_type":"article","og_title":"Research & Development - VOIT Automotive EN","og_description":"Initiiert durch Marktanalysen, Benchmarking und intensive Gespr\u00e4che sind wir kontinuierlich auf der Suche nach optimierten L\u00f6sungen f\u00fcr die Anforderungen unserer Kunden. Dies geschieht h\u00e4ufig in Kooperation mit Kunden oder Partnern aus Industrie und Forschung.","og_url":"https:\/\/voit.de\/en\/solutions-new\/technologies\/research-development\/","og_site_name":"VOIT Automotive EN","article_publisher":"https:\/\/www.facebook.com\/VOIT.Automotive\/","article_modified_time":"2022-03-17T12:27:46+00:00","twitter_card":"summary_large_image","twitter_misc":{"Estimated reading time":"2 minutes"},"schema":{"@context":"https:\/\/schema.org","@graph":[{"@type":"WebPage","@id":"https:\/\/voit.de\/en\/solutions-new\/technologies\/research-development\/","url":"https:\/\/voit.de\/en\/solutions-new\/technologies\/research-development\/","name":"Research & Development - VOIT Automotive EN","isPartOf":{"@id":"https:\/\/voit.de\/en\/#website"},"datePublished":"2018-04-20T11:26:25+00:00","dateModified":"2022-03-17T12:27:46+00:00","description":"Initiiert durch Marktanalysen, Benchmarking und intensive Gespr\u00e4che sind wir kontinuierlich auf der Suche nach optimierten L\u00f6sungen f\u00fcr die Anforderungen unserer Kunden. Dies geschieht h\u00e4ufig in Kooperation mit Kunden oder Partnern aus Industrie und Forschung.","breadcrumb":{"@id":"https:\/\/voit.de\/en\/solutions-new\/technologies\/research-development\/#breadcrumb"},"inLanguage":"en-GB","potentialAction":[{"@type":"ReadAction","target":["https:\/\/voit.de\/en\/solutions-new\/technologies\/research-development\/"]}]},{"@type":"BreadcrumbList","@id":"https:\/\/voit.de\/en\/solutions-new\/technologies\/research-development\/#breadcrumb","itemListElement":[{"@type":"ListItem","position":1,"name":"Home","item":"https:\/\/voit.de\/en\/"},{"@type":"ListItem","position":2,"name":"Solutions","item":"https:\/\/voit.de\/en\/solutions-new\/"},{"@type":"ListItem","position":3,"name":"Technologies","item":"https:\/\/voit.de\/en\/solutions-new\/technologies\/"},{"@type":"ListItem","position":4,"name":"Research &#038; Development"}]},{"@type":"WebSite","@id":"https:\/\/voit.de\/en\/#website","url":"https:\/\/voit.de\/en\/","name":"VOIT Automotive EN","description":"Technologief\u00fchrer und Entwicklungspartner f\u00fcr Fertigungsprozesse","publisher":{"@id":"https:\/\/voit.de\/en\/#organization"},"potentialAction":[{"@type":"SearchAction","target":{"@type":"EntryPoint","urlTemplate":"https:\/\/voit.de\/en\/?s={search_term_string}"},"query-input":{"@type":"PropertyValueSpecification","valueRequired":true,"valueName":"search_term_string"}}],"inLanguage":"en-GB"},{"@type":"Organization","@id":"https:\/\/voit.de\/en\/#organization","name":"VOIT Automotive GmbH","url":"https:\/\/voit.de\/en\/","logo":{"@type":"ImageObject","inLanguage":"en-GB","@id":"https:\/\/voit.de\/en\/#\/schema\/logo\/image\/","url":"https:\/\/voit.de\/en\/wp-content\/uploads\/sites\/8\/2018\/06\/wiwe-voit-logo.png","contentUrl":"https:\/\/voit.de\/en\/wp-content\/uploads\/sites\/8\/2018\/06\/wiwe-voit-logo.png","width":797,"height":285,"caption":"VOIT Automotive GmbH"},"image":{"@id":"https:\/\/voit.de\/en\/#\/schema\/logo\/image\/"},"sameAs":["https:\/\/www.facebook.com\/VOIT.Automotive\/"]}]}},"publishpress_future_action":{"enabled":false,"date":"2026-05-18 15:08:22","action":"change-status","newStatus":"draft","terms":[],"taxonomy":"","extraData":[]},"publishpress_future_workflow_manual_trigger":{"enabledWorkflows":[]},"_links":{"self":[{"href":"https:\/\/voit.de\/en\/wp-json\/wp\/v2\/pages\/1542","targetHints":{"allow":["GET"]}}],"collection":[{"href":"https:\/\/voit.de\/en\/wp-json\/wp\/v2\/pages"}],"about":[{"href":"https:\/\/voit.de\/en\/wp-json\/wp\/v2\/types\/page"}],"author":[{"embeddable":true,"href":"https:\/\/voit.de\/en\/wp-json\/wp\/v2\/users\/2"}],"replies":[{"embeddable":true,"href":"https:\/\/voit.de\/en\/wp-json\/wp\/v2\/comments?post=1542"}],"version-history":[{"count":15,"href":"https:\/\/voit.de\/en\/wp-json\/wp\/v2\/pages\/1542\/revisions"}],"predecessor-version":[{"id":8661,"href":"https:\/\/voit.de\/en\/wp-json\/wp\/v2\/pages\/1542\/revisions\/8661"}],"up":[{"embeddable":true,"href":"https:\/\/voit.de\/en\/wp-json\/wp\/v2\/pages\/1534"}],"wp:attachment":[{"href":"https:\/\/voit.de\/en\/wp-json\/wp\/v2\/media?parent=1542"}],"curies":[{"name":"wp","href":"https:\/\/api.w.org\/{rel}","templated":true}]}}