{"id":1049,"date":"2018-04-18T14:24:46","date_gmt":"2018-04-18T12:24:46","guid":{"rendered":"http:\/\/voit-online.de\/en\/?page_id=1049"},"modified":"2022-03-17T13:19:22","modified_gmt":"2022-03-17T12:19:22","slug":"charity-projects","status":"publish","type":"page","link":"https:\/\/voit.de\/en\/sustainability\/social-responsibility\/charity-projects\/","title":{"rendered":"Charity Projects"},"content":{"rendered":"<div class=\"wpb-content-wrapper\">[vc_row css_animation=&#8221;fadeIn&#8221;][vc_column][vc_column_text]\r\n<h2>Charity Projects<\/h2>\r\nThe employees at VOIT have been supporting the friends&#8217; association Kangaroo Kids at the clinic in Saarbr\u00fccken since 1997 with the proceeds from their annual Christmas raffle. Since this time, they have provided support for the association amounting to around 176,500 euros in total! It is commitment of this kind which makes medical progress for the benefit of the little ones possible in the first place because such purchases cannot be made from the normal hospital funds.[\/vc_column_text]\t<div class=\"space\">\n        <div class=\"space__block hidden-md hidden-sm hidden-xs\" style=\"height:35px\"><\/div>\n        <div class=\"space__block hidden-lg hidden-sm hidden-xs\" style=\"height:35px\"><\/div>\n        <div class=\"space__block hidden-lg hidden-md hidden-xs\" style=\"height:35px\"><\/div>\n        <div class=\"space__block hidden-lg hidden-md hidden-sm\" style=\"height:35px\"><\/div>\n    <\/div>\n\t[\/vc_column][\/vc_row][vc_row css_animation=&#8221;fadeIn&#8221;][vc_column][vc_tta_accordion][vc_tta_section title=&#8221;2022 VOIT donates 13,040 euros to the children&#8217;s intensive care ward&#8221; tab_id=&#8221;2022-VOIT-donates-13040-euros&#8221;][vc_column_text]What a great campaign: For 25 years, the St. Ingbert-based company VOIT Automotive has been supporting the F\u00f6rderverein K\u00e4nguruh-Kinder e. V. &#8211; and thus the work in the pediatric intensive care unit (KIS 20) of the Saarbr\u00fccken Hospital. Also this year, the proceeds of the employee raffle benefited the &#8220;Kangaroo Children&#8221;. Works council chair Sandra Dellman presented a donation check for 13,040 euros to Sigrid Reichert-Albrech of K\u00e4nguruh-Kindern e. V..\r\nThis money is used to finance things that make the stay for the little ones and their parents in the premature infant ward more pleasant. Among other things, this donation will be used to purchase modern breast pumps. In our photo (from left) Sigrid Reichert-Albrech, head physician Prof. Dr. Jens M\u00f6ller, administrative director Matthias Mudra, Voit works council chairwoman Sandra Dellmann, ward manager Anja Vogt, deputy works council chair Hans Peter J\u00f6rg and deputy ward manager Bianka Lambert. We say THANK YOU for the phenomenal support, which enables our Winterberg team to offer even more to families in difficult times in our pediatric intensive care unit.\r\n\r\n<img loading=\"lazy\" decoding=\"async\" class=\"alignnone wp-image-8594\" src=\"https:\/\/voit.de\/en\/wp-content\/uploads\/sites\/8\/2022\/03\/Foerderverein_Kaenguruh-Kinder-300x300.jpg\" alt=\"\" width=\"800\" height=\"800\" srcset=\"https:\/\/voit.de\/en\/wp-content\/uploads\/sites\/8\/2022\/03\/Foerderverein_Kaenguruh-Kinder-300x300.jpg 300w, https:\/\/voit.de\/en\/wp-content\/uploads\/sites\/8\/2022\/03\/Foerderverein_Kaenguruh-Kinder-1024x1024.jpg 1024w, https:\/\/voit.de\/en\/wp-content\/uploads\/sites\/8\/2022\/03\/Foerderverein_Kaenguruh-Kinder-150x150.jpg 150w, https:\/\/voit.de\/en\/wp-content\/uploads\/sites\/8\/2022\/03\/Foerderverein_Kaenguruh-Kinder-768x768.jpg 768w, https:\/\/voit.de\/en\/wp-content\/uploads\/sites\/8\/2022\/03\/Foerderverein_Kaenguruh-Kinder-260x260.jpg 260w, https:\/\/voit.de\/en\/wp-content\/uploads\/sites\/8\/2022\/03\/Foerderverein_Kaenguruh-Kinder.jpg 1080w\" sizes=\"auto, (max-width: 800px) 100vw, 800px\" \/>[\/vc_column_text][\/vc_tta_section][vc_tta_section title=&#8221;2018 VOIT donates 16,500 euros to the children&#8217;s intensive care ward&#8221; tab_id=&#8221;1646904021862-32b5f3e1-aa67&#8243;][vc_column_text]<img loading=\"lazy\" decoding=\"async\" class=\"aligncenter size-full wp-image-7338\" src=\"https:\/\/voit.de\/en\/wp-content\/uploads\/sites\/8\/2019\/01\/Kinderintensivstation_2019_02.jpg\" alt=\"\" width=\"706\" height=\"471\" srcset=\"https:\/\/voit.de\/en\/wp-content\/uploads\/sites\/8\/2019\/01\/Kinderintensivstation_2019_02.jpg 706w, https:\/\/voit.de\/en\/wp-content\/uploads\/sites\/8\/2019\/01\/Kinderintensivstation_2019_02-300x200.jpg 300w\" sizes=\"auto, (max-width: 706px) 100vw, 706px\" \/>[\/vc_column_text][\/vc_tta_section][vc_tta_section title=&#8221;2017 VOIT donates 14,000 euros to the children&#8217;s intensive care ward&#8221; tab_id=&#8221;VOIT-donates-14000-euros-to-the-childrens-intensive-care-ward&#8221;][vc_column_text]On 21.01.2017, the Managing Partner of VOIT Automotive, Jerzy Pajak and Head of the Works Council, Roland Marx handed over a check for 14,000 euros in the intensive care ward of the clinic in Saarbr\u00fccken. The Chairwoman of the friends&#8217; association Kangaroo Kids at the clinic in Saarbr\u00fccken, Silvia Huy and her Deputy Ursula Haier received the check. The money was to be used in the ward for premature babies for important new investments such as inhalers and a monitor as well as dimmable lights for the operating theatre. This light protection reduces stress in the sensitive premature babies.\r\n\r\n&nbsp;\r\n\r\n<img loading=\"lazy\" decoding=\"async\" class=\"wp-image-3650 aligncenter\" src=\"https:\/\/voit.de\/en\/wp-content\/uploads\/sites\/8\/2018\/05\/Ka\u0308nguruhkinder_2017_703x395px-300x169.jpg\" alt=\"\" width=\"956\" height=\"539\" srcset=\"https:\/\/voit.de\/en\/wp-content\/uploads\/sites\/8\/2018\/05\/Ka\u0308nguruhkinder_2017_703x395px-300x169.jpg 300w, https:\/\/voit.de\/en\/wp-content\/uploads\/sites\/8\/2018\/05\/Ka\u0308nguruhkinder_2017_703x395px.jpg 703w\" sizes=\"auto, (max-width: 956px) 100vw, 956px\" \/>[\/vc_column_text][\/vc_tta_section][vc_tta_section title=&#8221;2016 VOIT donates 14,200 euros to the children&#8217;s intensive care ward&#8221; tab_id=&#8221;2016-VOIT-donates-14200-euros&#8221;][\/vc_tta_section][vc_tta_section title=&#8221;2015 VOIT donates 11,000 euros to the children&#8217;s intensive care ward&#8221; tab_id=&#8221;2015-VOIT-donates-11000-euros&#8221;][\/vc_tta_section][\/vc_tta_accordion][\/vc_column][\/vc_row][vc_row][vc_column]\t<div class=\"space\">\n        <div class=\"space__block hidden-md hidden-sm hidden-xs\" style=\"height:100px\"><\/div>\n        <div class=\"space__block hidden-lg hidden-sm hidden-xs\" style=\"height:100px\"><\/div>\n        <div class=\"space__block hidden-lg hidden-md hidden-xs\" style=\"height:100px\"><\/div>\n        <div class=\"space__block hidden-lg hidden-md hidden-sm\" style=\"height:100px\"><\/div>\n    <\/div>\n\t<a class=\"evc-button evc-shortcode Zur\u00fcck zur \u00dcbersicht - EN evc-btn-solid evc-btn-normal evc-btn-has-icon\" href=\"\/en\/sustainability\/social-responsibility\/\" style=\"font-family: sans-serif;font-size: 14px;font-weight: 700;font-style: normal;text-transform: initial;color: #ffffff;background-color: #89ba17;border-color: #89ba17;border-width: 2px\" data-hover-color=\"#89ba17\" data-hover-background-color=\"#ffffff\" data-hover-border-color=\"#89ba17\">\n\t\t\n\t<span class=\"evc-btn-icon fas fa-arrow-left\"><\/span>\n\t<span class=\"evc-btn-text\">Back to overview<\/span>\n<\/a>\n\t<div class=\"space\">\n        <div class=\"space__block hidden-md hidden-sm hidden-xs\" style=\"height:250px\"><\/div>\n        <div class=\"space__block hidden-lg hidden-sm hidden-xs\" style=\"height:35px\"><\/div>\n        <div class=\"space__block hidden-lg hidden-md hidden-xs\" style=\"height:35px\"><\/div>\n        <div class=\"space__block hidden-lg hidden-md hidden-sm\" style=\"height:35px\"><\/div>\n    <\/div>\n\t[\/vc_column][\/vc_row]<\/div>","protected":false},"excerpt":{"rendered":"<p>[vc_row css_animation=&#8221;fadeIn&#8221;][vc_column][vc_column_text] Charity Projects The employees at VOIT have been supporting the friends&#8217; association Kangaroo Kids at the clinic in Saarbr\u00fccken since 1997 with the proceeds from their annual Christmas raffle. Since this time, they have provided support for the association amounting to around 176,500 euros in total! It is commitment of this kind which [&hellip;]<\/p>\n","protected":false},"author":2,"featured_media":0,"parent":38,"menu_order":0,"comment_status":"closed","ping_status":"closed","template":"","meta":{"_acf_changed":false,"footnotes":""},"class_list":["post-1049","page","type-page","status-publish","hentry"],"acf":[],"yoast_head":"<!-- This site is optimized with the Yoast SEO plugin v27.3 - https:\/\/yoast.com\/product\/yoast-seo-wordpress\/ -->\n<title>Charity Projects - VOIT Automotive EN<\/title>\n<meta name=\"description\" content=\"VOIT Automotive EN\" \/>\n<meta name=\"robots\" content=\"index, follow, max-snippet:-1, max-image-preview:large, max-video-preview:-1\" \/>\n<link rel=\"canonical\" href=\"https:\/\/voit.de\/en\/sustainability\/social-responsibility\/charity-projects\/\" \/>\n<meta property=\"og:locale\" content=\"en_GB\" \/>\n<meta property=\"og:type\" content=\"article\" \/>\n<meta property=\"og:title\" content=\"Charity Projects - VOIT Automotive EN\" \/>\n<meta property=\"og:description\" content=\"VOIT Automotive EN\" \/>\n<meta property=\"og:url\" content=\"https:\/\/voit.de\/en\/sustainability\/social-responsibility\/charity-projects\/\" \/>\n<meta property=\"og:site_name\" content=\"VOIT Automotive EN\" \/>\n<meta property=\"article:publisher\" content=\"https:\/\/www.facebook.com\/VOIT.Automotive\/\" \/>\n<meta property=\"article:modified_time\" content=\"2022-03-17T12:19:22+00:00\" \/>\n<meta property=\"og:image\" content=\"http:\/\/voit.de\/en\/wp-content\/uploads\/sites\/8\/2022\/03\/Foerderverein_Kaenguruh-Kinder-300x300.jpg\" \/>\n<meta name=\"twitter:card\" content=\"summary_large_image\" \/>\n<meta name=\"twitter:label1\" content=\"Estimated reading time\" \/>\n\t<meta name=\"twitter:data1\" content=\"3 minutes\" \/>\n<script type=\"application\/ld+json\" class=\"yoast-schema-graph\">{\"@context\":\"https:\\\/\\\/schema.org\",\"@graph\":[{\"@type\":\"WebPage\",\"@id\":\"https:\\\/\\\/voit.de\\\/en\\\/sustainability\\\/social-responsibility\\\/charity-projects\\\/\",\"url\":\"https:\\\/\\\/voit.de\\\/en\\\/sustainability\\\/social-responsibility\\\/charity-projects\\\/\",\"name\":\"Charity Projects - VOIT Automotive EN\",\"isPartOf\":{\"@id\":\"https:\\\/\\\/voit.de\\\/en\\\/#website\"},\"primaryImageOfPage\":{\"@id\":\"https:\\\/\\\/voit.de\\\/en\\\/sustainability\\\/social-responsibility\\\/charity-projects\\\/#primaryimage\"},\"image\":{\"@id\":\"https:\\\/\\\/voit.de\\\/en\\\/sustainability\\\/social-responsibility\\\/charity-projects\\\/#primaryimage\"},\"thumbnailUrl\":\"http:\\\/\\\/voit.de\\\/en\\\/wp-content\\\/uploads\\\/sites\\\/8\\\/2022\\\/03\\\/Foerderverein_Kaenguruh-Kinder-300x300.jpg\",\"datePublished\":\"2018-04-18T12:24:46+00:00\",\"dateModified\":\"2022-03-17T12:19:22+00:00\",\"description\":\"VOIT Automotive EN\",\"breadcrumb\":{\"@id\":\"https:\\\/\\\/voit.de\\\/en\\\/sustainability\\\/social-responsibility\\\/charity-projects\\\/#breadcrumb\"},\"inLanguage\":\"en-GB\",\"potentialAction\":[{\"@type\":\"ReadAction\",\"target\":[\"https:\\\/\\\/voit.de\\\/en\\\/sustainability\\\/social-responsibility\\\/charity-projects\\\/\"]}]},{\"@type\":\"ImageObject\",\"inLanguage\":\"en-GB\",\"@id\":\"https:\\\/\\\/voit.de\\\/en\\\/sustainability\\\/social-responsibility\\\/charity-projects\\\/#primaryimage\",\"url\":\"https:\\\/\\\/voit.de\\\/en\\\/wp-content\\\/uploads\\\/sites\\\/8\\\/2022\\\/03\\\/Foerderverein_Kaenguruh-Kinder.jpg\",\"contentUrl\":\"https:\\\/\\\/voit.de\\\/en\\\/wp-content\\\/uploads\\\/sites\\\/8\\\/2022\\\/03\\\/Foerderverein_Kaenguruh-Kinder.jpg\",\"width\":1080,\"height\":1080},{\"@type\":\"BreadcrumbList\",\"@id\":\"https:\\\/\\\/voit.de\\\/en\\\/sustainability\\\/social-responsibility\\\/charity-projects\\\/#breadcrumb\",\"itemListElement\":[{\"@type\":\"ListItem\",\"position\":1,\"name\":\"Home\",\"item\":\"https:\\\/\\\/voit.de\\\/en\\\/\"},{\"@type\":\"ListItem\",\"position\":2,\"name\":\"Sustainability\",\"item\":\"https:\\\/\\\/voit.de\\\/en\\\/sustainability\\\/\"},{\"@type\":\"ListItem\",\"position\":3,\"name\":\"Social Responsibility\",\"item\":\"https:\\\/\\\/voit.de\\\/en\\\/sustainability\\\/social-responsibility\\\/\"},{\"@type\":\"ListItem\",\"position\":4,\"name\":\"Charity Projects\"}]},{\"@type\":\"WebSite\",\"@id\":\"https:\\\/\\\/voit.de\\\/en\\\/#website\",\"url\":\"https:\\\/\\\/voit.de\\\/en\\\/\",\"name\":\"VOIT Automotive EN\",\"description\":\"Technologief\u00fchrer und Entwicklungspartner f\u00fcr Fertigungsprozesse\",\"publisher\":{\"@id\":\"https:\\\/\\\/voit.de\\\/en\\\/#organization\"},\"potentialAction\":[{\"@type\":\"SearchAction\",\"target\":{\"@type\":\"EntryPoint\",\"urlTemplate\":\"https:\\\/\\\/voit.de\\\/en\\\/?s={search_term_string}\"},\"query-input\":{\"@type\":\"PropertyValueSpecification\",\"valueRequired\":true,\"valueName\":\"search_term_string\"}}],\"inLanguage\":\"en-GB\"},{\"@type\":\"Organization\",\"@id\":\"https:\\\/\\\/voit.de\\\/en\\\/#organization\",\"name\":\"VOIT Automotive GmbH\",\"url\":\"https:\\\/\\\/voit.de\\\/en\\\/\",\"logo\":{\"@type\":\"ImageObject\",\"inLanguage\":\"en-GB\",\"@id\":\"https:\\\/\\\/voit.de\\\/en\\\/#\\\/schema\\\/logo\\\/image\\\/\",\"url\":\"https:\\\/\\\/voit.de\\\/en\\\/wp-content\\\/uploads\\\/sites\\\/8\\\/2018\\\/06\\\/wiwe-voit-logo.png\",\"contentUrl\":\"https:\\\/\\\/voit.de\\\/en\\\/wp-content\\\/uploads\\\/sites\\\/8\\\/2018\\\/06\\\/wiwe-voit-logo.png\",\"width\":797,\"height\":285,\"caption\":\"VOIT Automotive GmbH\"},\"image\":{\"@id\":\"https:\\\/\\\/voit.de\\\/en\\\/#\\\/schema\\\/logo\\\/image\\\/\"},\"sameAs\":[\"https:\\\/\\\/www.facebook.com\\\/VOIT.Automotive\\\/\"]}]}<\/script>\n<!-- \/ Yoast SEO plugin. -->","yoast_head_json":{"title":"Charity Projects - VOIT Automotive EN","description":"VOIT Automotive EN","robots":{"index":"index","follow":"follow","max-snippet":"max-snippet:-1","max-image-preview":"max-image-preview:large","max-video-preview":"max-video-preview:-1"},"canonical":"https:\/\/voit.de\/en\/sustainability\/social-responsibility\/charity-projects\/","og_locale":"en_GB","og_type":"article","og_title":"Charity Projects - VOIT Automotive EN","og_description":"VOIT Automotive EN","og_url":"https:\/\/voit.de\/en\/sustainability\/social-responsibility\/charity-projects\/","og_site_name":"VOIT Automotive EN","article_publisher":"https:\/\/www.facebook.com\/VOIT.Automotive\/","article_modified_time":"2022-03-17T12:19:22+00:00","og_image":[{"url":"http:\/\/voit.de\/en\/wp-content\/uploads\/sites\/8\/2022\/03\/Foerderverein_Kaenguruh-Kinder-300x300.jpg","type":"","width":"","height":""}],"twitter_card":"summary_large_image","twitter_misc":{"Estimated reading time":"3 minutes"},"schema":{"@context":"https:\/\/schema.org","@graph":[{"@type":"WebPage","@id":"https:\/\/voit.de\/en\/sustainability\/social-responsibility\/charity-projects\/","url":"https:\/\/voit.de\/en\/sustainability\/social-responsibility\/charity-projects\/","name":"Charity Projects - VOIT Automotive EN","isPartOf":{"@id":"https:\/\/voit.de\/en\/#website"},"primaryImageOfPage":{"@id":"https:\/\/voit.de\/en\/sustainability\/social-responsibility\/charity-projects\/#primaryimage"},"image":{"@id":"https:\/\/voit.de\/en\/sustainability\/social-responsibility\/charity-projects\/#primaryimage"},"thumbnailUrl":"http:\/\/voit.de\/en\/wp-content\/uploads\/sites\/8\/2022\/03\/Foerderverein_Kaenguruh-Kinder-300x300.jpg","datePublished":"2018-04-18T12:24:46+00:00","dateModified":"2022-03-17T12:19:22+00:00","description":"VOIT Automotive EN","breadcrumb":{"@id":"https:\/\/voit.de\/en\/sustainability\/social-responsibility\/charity-projects\/#breadcrumb"},"inLanguage":"en-GB","potentialAction":[{"@type":"ReadAction","target":["https:\/\/voit.de\/en\/sustainability\/social-responsibility\/charity-projects\/"]}]},{"@type":"ImageObject","inLanguage":"en-GB","@id":"https:\/\/voit.de\/en\/sustainability\/social-responsibility\/charity-projects\/#primaryimage","url":"https:\/\/voit.de\/en\/wp-content\/uploads\/sites\/8\/2022\/03\/Foerderverein_Kaenguruh-Kinder.jpg","contentUrl":"https:\/\/voit.de\/en\/wp-content\/uploads\/sites\/8\/2022\/03\/Foerderverein_Kaenguruh-Kinder.jpg","width":1080,"height":1080},{"@type":"BreadcrumbList","@id":"https:\/\/voit.de\/en\/sustainability\/social-responsibility\/charity-projects\/#breadcrumb","itemListElement":[{"@type":"ListItem","position":1,"name":"Home","item":"https:\/\/voit.de\/en\/"},{"@type":"ListItem","position":2,"name":"Sustainability","item":"https:\/\/voit.de\/en\/sustainability\/"},{"@type":"ListItem","position":3,"name":"Social Responsibility","item":"https:\/\/voit.de\/en\/sustainability\/social-responsibility\/"},{"@type":"ListItem","position":4,"name":"Charity Projects"}]},{"@type":"WebSite","@id":"https:\/\/voit.de\/en\/#website","url":"https:\/\/voit.de\/en\/","name":"VOIT Automotive EN","description":"Technologief\u00fchrer und Entwicklungspartner f\u00fcr Fertigungsprozesse","publisher":{"@id":"https:\/\/voit.de\/en\/#organization"},"potentialAction":[{"@type":"SearchAction","target":{"@type":"EntryPoint","urlTemplate":"https:\/\/voit.de\/en\/?s={search_term_string}"},"query-input":{"@type":"PropertyValueSpecification","valueRequired":true,"valueName":"search_term_string"}}],"inLanguage":"en-GB"},{"@type":"Organization","@id":"https:\/\/voit.de\/en\/#organization","name":"VOIT Automotive GmbH","url":"https:\/\/voit.de\/en\/","logo":{"@type":"ImageObject","inLanguage":"en-GB","@id":"https:\/\/voit.de\/en\/#\/schema\/logo\/image\/","url":"https:\/\/voit.de\/en\/wp-content\/uploads\/sites\/8\/2018\/06\/wiwe-voit-logo.png","contentUrl":"https:\/\/voit.de\/en\/wp-content\/uploads\/sites\/8\/2018\/06\/wiwe-voit-logo.png","width":797,"height":285,"caption":"VOIT Automotive GmbH"},"image":{"@id":"https:\/\/voit.de\/en\/#\/schema\/logo\/image\/"},"sameAs":["https:\/\/www.facebook.com\/VOIT.Automotive\/"]}]}},"publishpress_future_action":{"enabled":false,"date":"2026-05-16 05:24:04","action":"change-status","newStatus":"draft","terms":[],"taxonomy":"","extraData":[]},"publishpress_future_workflow_manual_trigger":{"enabledWorkflows":[]},"_links":{"self":[{"href":"https:\/\/voit.de\/en\/wp-json\/wp\/v2\/pages\/1049","targetHints":{"allow":["GET"]}}],"collection":[{"href":"https:\/\/voit.de\/en\/wp-json\/wp\/v2\/pages"}],"about":[{"href":"https:\/\/voit.de\/en\/wp-json\/wp\/v2\/types\/page"}],"author":[{"embeddable":true,"href":"https:\/\/voit.de\/en\/wp-json\/wp\/v2\/users\/2"}],"replies":[{"embeddable":true,"href":"https:\/\/voit.de\/en\/wp-json\/wp\/v2\/comments?post=1049"}],"version-history":[{"count":39,"href":"https:\/\/voit.de\/en\/wp-json\/wp\/v2\/pages\/1049\/revisions"}],"predecessor-version":[{"id":8652,"href":"https:\/\/voit.de\/en\/wp-json\/wp\/v2\/pages\/1049\/revisions\/8652"}],"up":[{"embeddable":true,"href":"https:\/\/voit.de\/en\/wp-json\/wp\/v2\/pages\/38"}],"wp:attachment":[{"href":"https:\/\/voit.de\/en\/wp-json\/wp\/v2\/media?parent=1049"}],"curies":[{"name":"wp","href":"https:\/\/api.w.org\/{rel}","templated":true}]}}